{"id":4849,"date":"2025-08-01T07:36:37","date_gmt":"2025-08-01T07:36:37","guid":{"rendered":"http:\/\/www.sumextech.com\/?post_type=product&#038;p=4849"},"modified":"2025-08-01T07:36:38","modified_gmt":"2025-08-01T07:36:38","slug":"red-light-therapy-mask","status":"publish","type":"product","link":"https:\/\/www.sumextech.com\/pt\/product\/red-light-therapy-mask\/","title":{"rendered":"M\u00e1scara de terapia de luz vermelha"},"content":{"rendered":"<p><img loading=\"lazy\" decoding=\"async\" class=\"alignnone size-full wp-image-4854\" src=\"http:\/\/www.sumextech.com\/wp-content\/uploads\/2025\/08\/1-2_.webp\" alt=\"\" width=\"790\" height=\"1072\" srcset=\"https:\/\/www.sumextech.com\/wp-content\/uploads\/2025\/08\/1-2_.webp 790w, https:\/\/www.sumextech.com\/wp-content\/uploads\/2025\/08\/1-2_-221x300.webp 221w\" sizes=\"auto, (max-width: 790px) 100vw, 790px\" \/> <img loading=\"lazy\" decoding=\"async\" class=\"alignnone size-full wp-image-4855\" src=\"http:\/\/www.sumextech.com\/wp-content\/uploads\/2025\/08\/1-3-1.webp\" alt=\"\" width=\"790\" height=\"908\" srcset=\"https:\/\/www.sumextech.com\/wp-content\/uploads\/2025\/08\/1-3-1.webp 790w, https:\/\/www.sumextech.com\/wp-content\/uploads\/2025\/08\/1-3-1-261x300.webp 261w\" sizes=\"auto, (max-width: 790px) 100vw, 790px\" \/> <img loading=\"lazy\" decoding=\"async\" class=\"alignnone size-full wp-image-4856\" src=\"http:\/\/www.sumextech.com\/wp-content\/uploads\/2025\/08\/1-4-3.webp\" alt=\"\" width=\"790\" height=\"925\" srcset=\"https:\/\/www.sumextech.com\/wp-content\/uploads\/2025\/08\/1-4-3.webp 790w, https:\/\/www.sumextech.com\/wp-content\/uploads\/2025\/08\/1-4-3-256x300.webp 256w\" sizes=\"auto, (max-width: 790px) 100vw, 790px\" \/> <img loading=\"lazy\" decoding=\"async\" class=\"alignnone size-full wp-image-4857\" src=\"http:\/\/www.sumextech.com\/wp-content\/uploads\/2025\/08\/1-5-2.webp\" alt=\"\" width=\"790\" height=\"1179\" srcset=\"https:\/\/www.sumextech.com\/wp-content\/uploads\/2025\/08\/1-5-2.webp 790w, https:\/\/www.sumextech.com\/wp-content\/uploads\/2025\/08\/1-5-2-201x300.webp 201w\" sizes=\"auto, (max-width: 790px) 100vw, 790px\" \/> <img loading=\"lazy\" decoding=\"async\" class=\"alignnone size-full wp-image-4858\" src=\"http:\/\/www.sumextech.com\/wp-content\/uploads\/2025\/08\/1-6-2.webp\" alt=\"\" width=\"790\" height=\"1276\" srcset=\"https:\/\/www.sumextech.com\/wp-content\/uploads\/2025\/08\/1-6-2.webp 790w, https:\/\/www.sumextech.com\/wp-content\/uploads\/2025\/08\/1-6-2-186x300.webp 186w\" sizes=\"auto, (max-width: 790px) 100vw, 790px\" \/><\/p>","protected":false},"excerpt":{"rendered":"<p>\u3010Experimente a Terapia Avan\u00e7ada de Luz Vermelha para o Rosto\u3011Desfrute do poder transformador da nossa m\u00e1scara de terapia de luz vermelha de grau cl\u00ednico. \u00c0 medida que a s\u00edntese de colag\u00e9nio aumenta, a sua pele fica mais firme e as linhas finas come\u00e7am a desaparecer. A circula\u00e7\u00e3o sangu\u00ednea melhorada tamb\u00e9m nutre as c\u00e9lulas da pele.<br \/>\n\u301088 LED Beads &amp; Deep Repair\u3011 Esta terapia de m\u00e1scara facial LED apresenta 88 contas de luz de alta qualidade, o que aumenta o efeito de agrega\u00e7\u00e3o de ondas de luz e a efici\u00eancia energ\u00e9tica, ajudando a melhorar a condi\u00e7\u00e3o da pele de todo o rosto.<br \/>\n\u3010Com dispositivo de pesco\u00e7o e conveniente eficiente\u3011 Projetado para compatibilidade perfeita, este acess\u00f3rio de pesco\u00e7o combina com nossa m\u00e1scara de terapia de luz em um piscar de olhos. Com um tempo de carregamento r\u00e1pido de 40 minutos e uma impressionante dura\u00e7\u00e3o da bateria de 90 minutos.<br \/>\n\u3010Sem fio de alimenta\u00e7\u00e3o e design seguro\u3011 Este instrumento recarreg\u00e1vel de cuidados com a pele de f\u00f3tons usa a mais recente bateria recarreg\u00e1vel de alta capacidade, voc\u00ea pode relaxar e desfrutar de suas sess\u00f5es de terapia de luz infravermelha sem qualquer desconforto.<\/p>","protected":false},"featured_media":4850,"template":"","meta":[],"product_cat":[110],"product_tag":[],"product_brand":[],"class_list":["post-4849","product","type-product","status-publish","has-post-thumbnail","hentry","product_cat-red-light-therapy-mask"],"yoast_head":"<!-- This site is optimized with the Yoast SEO plugin v26.3 - https:\/\/yoast.com\/wordpress\/plugins\/seo\/ -->\n<title>Red Light Therapy Mask - Sumex Technology co.,ltd<\/title>\n<meta name=\"robots\" content=\"index, follow, max-snippet:-1, max-image-preview:large, max-video-preview:-1\" \/>\n<link rel=\"canonical\" href=\"https:\/\/www.sumextech.com\/pt\/produto\/red-light-therapy-mask\/\" \/>\n<meta property=\"og:locale\" content=\"pt_PT\" \/>\n<meta property=\"og:type\" content=\"article\" \/>\n<meta property=\"og:title\" content=\"Red Light Therapy Mask - Sumex Technology co.,ltd\" \/>\n<meta property=\"og:description\" content=\"\u3010Experience Advanced Red Light Therapy for Face\u3011Indulge in the transformative power of our clinical - grade red light therapy mask. As collagen synthesis increases, your skin becomes firmer, and fine lines start to fade. The enhanced blood circulation also nourishes skin cells. \u301088 LED Beads &amp; Deep Repair\u3011This LED face mask therapy features 88 high-quality light beads, which increases the light wave aggregation effect and the energy efficiency, helping to improve the skin condition of the entire face. \u3010With Neck Device &amp;Convenient Efficient\u3011Engineered for seamless compatibility, this neck attachment pairs with our light therapy mask in a snap. With a rapid 40-minute charging time and an impressive 90-minute battery life. \u3010No Power Wire &amp; Safe Design\u3011This rechargeable photon skin care instrument use the latest rechargeable high-capacity battery you can relax and enjoy your infrared light therapy sessions without any discomfort.\" \/>\n<meta property=\"og:url\" content=\"https:\/\/www.sumextech.com\/pt\/produto\/red-light-therapy-mask\/\" \/>\n<meta property=\"og:site_name\" content=\"Sumex Technology co.,ltd\" \/>\n<meta property=\"article:publisher\" content=\"https:\/\/www.facebook.com\/profile.php?id=61581317690491\" \/>\n<meta property=\"article:modified_time\" content=\"2025-08-01T07:36:38+00:00\" \/>\n<meta property=\"og:image\" content=\"https:\/\/www.sumextech.com\/wp-content\/uploads\/2025\/08\/1-1-5.webp\" \/>\n\t<meta property=\"og:image:width\" content=\"800\" \/>\n\t<meta property=\"og:image:height\" content=\"800\" \/>\n\t<meta property=\"og:image:type\" content=\"image\/webp\" \/>\n<meta name=\"twitter:card\" content=\"summary_large_image\" \/>\n<script type=\"application\/ld+json\" class=\"yoast-schema-graph\">{\"@context\":\"https:\/\/schema.org\",\"@graph\":[{\"@type\":\"WebPage\",\"@id\":\"https:\/\/www.sumextech.com\/product\/red-light-therapy-mask\/\",\"url\":\"https:\/\/www.sumextech.com\/product\/red-light-therapy-mask\/\",\"name\":\"Red Light Therapy Mask - Sumex Technology co.,ltd\",\"isPartOf\":{\"@id\":\"https:\/\/www.sumextech.com\/#website\"},\"primaryImageOfPage\":{\"@id\":\"https:\/\/www.sumextech.com\/product\/red-light-therapy-mask\/#primaryimage\"},\"image\":{\"@id\":\"https:\/\/www.sumextech.com\/product\/red-light-therapy-mask\/#primaryimage\"},\"thumbnailUrl\":\"https:\/\/www.sumextech.com\/wp-content\/uploads\/2025\/08\/1-1-5.webp\",\"datePublished\":\"2025-08-01T07:36:37+00:00\",\"dateModified\":\"2025-08-01T07:36:38+00:00\",\"breadcrumb\":{\"@id\":\"https:\/\/www.sumextech.com\/product\/red-light-therapy-mask\/#breadcrumb\"},\"inLanguage\":\"pt-PT\",\"potentialAction\":[{\"@type\":\"ReadAction\",\"target\":[\"https:\/\/www.sumextech.com\/product\/red-light-therapy-mask\/\"]}]},{\"@type\":\"ImageObject\",\"inLanguage\":\"pt-PT\",\"@id\":\"https:\/\/www.sumextech.com\/product\/red-light-therapy-mask\/#primaryimage\",\"url\":\"https:\/\/www.sumextech.com\/wp-content\/uploads\/2025\/08\/1-1-5.webp\",\"contentUrl\":\"https:\/\/www.sumextech.com\/wp-content\/uploads\/2025\/08\/1-1-5.webp\",\"width\":800,\"height\":800},{\"@type\":\"BreadcrumbList\",\"@id\":\"https:\/\/www.sumextech.com\/product\/red-light-therapy-mask\/#breadcrumb\",\"itemListElement\":[{\"@type\":\"ListItem\",\"position\":1,\"name\":\"\u9996\u9875\",\"item\":\"https:\/\/www.sumextech.com\/\"},{\"@type\":\"ListItem\",\"position\":2,\"name\":\"Products\",\"item\":\"https:\/\/www.sumextech.com\/products\/\"},{\"@type\":\"ListItem\",\"position\":3,\"name\":\"Red Light Therapy Mask\"}]},{\"@type\":\"WebSite\",\"@id\":\"https:\/\/www.sumextech.com\/#website\",\"url\":\"https:\/\/www.sumextech.com\/\",\"name\":\"Sumex Technology co.,ltd\",\"description\":\"Buy Wellness Body Massager, Beauty and Skin Care Products from China\",\"publisher\":{\"@id\":\"https:\/\/www.sumextech.com\/#organization\"},\"alternateName\":\"SumexTech Wellness Products\",\"potentialAction\":[{\"@type\":\"SearchAction\",\"target\":{\"@type\":\"EntryPoint\",\"urlTemplate\":\"https:\/\/www.sumextech.com\/?s={search_term_string}\"},\"query-input\":{\"@type\":\"PropertyValueSpecification\",\"valueRequired\":true,\"valueName\":\"search_term_string\"}}],\"inLanguage\":\"pt-PT\"},{\"@type\":\"Organization\",\"@id\":\"https:\/\/www.sumextech.com\/#organization\",\"name\":\"Sumex Technology co.,ltd\",\"alternateName\":\"SumexTech Wellness Products\",\"url\":\"https:\/\/www.sumextech.com\/\",\"logo\":{\"@type\":\"ImageObject\",\"inLanguage\":\"pt-PT\",\"@id\":\"https:\/\/www.sumextech.com\/#\/schema\/logo\/image\/\",\"url\":\"https:\/\/www.sumextech.com\/wp-content\/uploads\/2020\/06\/20250801141548_29.webp\",\"contentUrl\":\"https:\/\/www.sumextech.com\/wp-content\/uploads\/2020\/06\/20250801141548_29.webp\",\"width\":692,\"height\":218,\"caption\":\"Sumex Technology co.,ltd\"},\"image\":{\"@id\":\"https:\/\/www.sumextech.com\/#\/schema\/logo\/image\/\"},\"sameAs\":[\"https:\/\/www.facebook.com\/profile.php?id=61581317690491\",\"https:\/\/www.instagram.com\/sophiey668\/\"]}]}<\/script>\n<!-- \/ Yoast SEO plugin. -->","yoast_head_json":{"title":"Red Light Therapy Mask - Sumex Technology co.,ltd","robots":{"index":"index","follow":"follow","max-snippet":"max-snippet:-1","max-image-preview":"max-image-preview:large","max-video-preview":"max-video-preview:-1"},"canonical":"https:\/\/www.sumextech.com\/pt\/produto\/red-light-therapy-mask\/","og_locale":"pt_PT","og_type":"article","og_title":"Red Light Therapy Mask - Sumex Technology co.,ltd","og_description":"\u3010Experience Advanced Red Light Therapy for Face\u3011Indulge in the transformative power of our clinical - grade red light therapy mask. As collagen synthesis increases, your skin becomes firmer, and fine lines start to fade. The enhanced blood circulation also nourishes skin cells. \u301088 LED Beads &amp; Deep Repair\u3011This LED face mask therapy features 88 high-quality light beads, which increases the light wave aggregation effect and the energy efficiency, helping to improve the skin condition of the entire face. \u3010With Neck Device &amp;Convenient Efficient\u3011Engineered for seamless compatibility, this neck attachment pairs with our light therapy mask in a snap. With a rapid 40-minute charging time and an impressive 90-minute battery life. \u3010No Power Wire &amp; Safe Design\u3011This rechargeable photon skin care instrument use the latest rechargeable high-capacity battery you can relax and enjoy your infrared light therapy sessions without any discomfort.","og_url":"https:\/\/www.sumextech.com\/pt\/produto\/red-light-therapy-mask\/","og_site_name":"Sumex Technology co.,ltd","article_publisher":"https:\/\/www.facebook.com\/profile.php?id=61581317690491","article_modified_time":"2025-08-01T07:36:38+00:00","og_image":[{"width":800,"height":800,"url":"https:\/\/www.sumextech.com\/wp-content\/uploads\/2025\/08\/1-1-5.webp","type":"image\/webp"}],"twitter_card":"summary_large_image","schema":{"@context":"https:\/\/schema.org","@graph":[{"@type":"WebPage","@id":"https:\/\/www.sumextech.com\/product\/red-light-therapy-mask\/","url":"https:\/\/www.sumextech.com\/product\/red-light-therapy-mask\/","name":"Red Light Therapy Mask - Sumex Technology co.,ltd","isPartOf":{"@id":"https:\/\/www.sumextech.com\/#website"},"primaryImageOfPage":{"@id":"https:\/\/www.sumextech.com\/product\/red-light-therapy-mask\/#primaryimage"},"image":{"@id":"https:\/\/www.sumextech.com\/product\/red-light-therapy-mask\/#primaryimage"},"thumbnailUrl":"https:\/\/www.sumextech.com\/wp-content\/uploads\/2025\/08\/1-1-5.webp","datePublished":"2025-08-01T07:36:37+00:00","dateModified":"2025-08-01T07:36:38+00:00","breadcrumb":{"@id":"https:\/\/www.sumextech.com\/product\/red-light-therapy-mask\/#breadcrumb"},"inLanguage":"pt-PT","potentialAction":[{"@type":"ReadAction","target":["https:\/\/www.sumextech.com\/product\/red-light-therapy-mask\/"]}]},{"@type":"ImageObject","inLanguage":"pt-PT","@id":"https:\/\/www.sumextech.com\/product\/red-light-therapy-mask\/#primaryimage","url":"https:\/\/www.sumextech.com\/wp-content\/uploads\/2025\/08\/1-1-5.webp","contentUrl":"https:\/\/www.sumextech.com\/wp-content\/uploads\/2025\/08\/1-1-5.webp","width":800,"height":800},{"@type":"BreadcrumbList","@id":"https:\/\/www.sumextech.com\/product\/red-light-therapy-mask\/#breadcrumb","itemListElement":[{"@type":"ListItem","position":1,"name":"\u9996\u9875","item":"https:\/\/www.sumextech.com\/"},{"@type":"ListItem","position":2,"name":"Products","item":"https:\/\/www.sumextech.com\/products\/"},{"@type":"ListItem","position":3,"name":"Red Light Therapy Mask"}]},{"@type":"WebSite","@id":"https:\/\/www.sumextech.com\/#website","url":"https:\/\/www.sumextech.com\/","name":"Sumex Technology co.,ltd","description":"Buy Wellness Body Massager, Beauty and Skin Care Products from China","publisher":{"@id":"https:\/\/www.sumextech.com\/#organization"},"alternateName":"SumexTech Wellness Products","potentialAction":[{"@type":"SearchAction","target":{"@type":"EntryPoint","urlTemplate":"https:\/\/www.sumextech.com\/?s={search_term_string}"},"query-input":{"@type":"PropertyValueSpecification","valueRequired":true,"valueName":"search_term_string"}}],"inLanguage":"pt-PT"},{"@type":"Organization","@id":"https:\/\/www.sumextech.com\/#organization","name":"Sumex Technology co.,ltd","alternateName":"SumexTech Wellness Products","url":"https:\/\/www.sumextech.com\/","logo":{"@type":"ImageObject","inLanguage":"pt-PT","@id":"https:\/\/www.sumextech.com\/#\/schema\/logo\/image\/","url":"https:\/\/www.sumextech.com\/wp-content\/uploads\/2020\/06\/20250801141548_29.webp","contentUrl":"https:\/\/www.sumextech.com\/wp-content\/uploads\/2020\/06\/20250801141548_29.webp","width":692,"height":218,"caption":"Sumex Technology co.,ltd"},"image":{"@id":"https:\/\/www.sumextech.com\/#\/schema\/logo\/image\/"},"sameAs":["https:\/\/www.facebook.com\/profile.php?id=61581317690491","https:\/\/www.instagram.com\/sophiey668\/"]}]}},"_links":{"self":[{"href":"https:\/\/www.sumextech.com\/pt\/wp-json\/wp\/v2\/product\/4849","targetHints":{"allow":["GET"]}}],"collection":[{"href":"https:\/\/www.sumextech.com\/pt\/wp-json\/wp\/v2\/product"}],"about":[{"href":"https:\/\/www.sumextech.com\/pt\/wp-json\/wp\/v2\/types\/product"}],"wp:featuredmedia":[{"embeddable":true,"href":"https:\/\/www.sumextech.com\/pt\/wp-json\/wp\/v2\/media\/4850"}],"wp:attachment":[{"href":"https:\/\/www.sumextech.com\/pt\/wp-json\/wp\/v2\/media?parent=4849"}],"wp:term":[{"taxonomy":"product_cat","embeddable":true,"href":"https:\/\/www.sumextech.com\/pt\/wp-json\/wp\/v2\/product_cat?post=4849"},{"taxonomy":"product_tag","embeddable":true,"href":"https:\/\/www.sumextech.com\/pt\/wp-json\/wp\/v2\/product_tag?post=4849"},{"taxonomy":"product_brand","embeddable":true,"href":"https:\/\/www.sumextech.com\/pt\/wp-json\/wp\/v2\/product_brand?post=4849"}],"curies":[{"name":"wp","href":"https:\/\/api.w.org\/{rel}","templated":true}]}}