{"id":4840,"date":"2025-08-01T07:35:22","date_gmt":"2025-08-01T07:35:22","guid":{"rendered":"http:\/\/www.sumextech.com\/?post_type=product&#038;p=4840"},"modified":"2025-08-01T07:35:22","modified_gmt":"2025-08-01T07:35:22","slug":"massage-belt","status":"publish","type":"product","link":"https:\/\/www.sumextech.com\/pt\/product\/massage-belt\/","title":{"rendered":"Cinto de massagem"},"content":{"rendered":"<p><img loading=\"lazy\" decoding=\"async\" class=\"alignnone size-full wp-image-4846\" src=\"http:\/\/www.sumextech.com\/wp-content\/uploads\/2025\/08\/1.5-6.webp\" alt=\"\" width=\"790\" height=\"1378\" srcset=\"https:\/\/www.sumextech.com\/wp-content\/uploads\/2025\/08\/1.5-6.webp 790w, https:\/\/www.sumextech.com\/wp-content\/uploads\/2025\/08\/1.5-6-172x300.webp 172w\" sizes=\"auto, (max-width: 790px) 100vw, 790px\" \/> <img loading=\"lazy\" decoding=\"async\" class=\"alignnone size-full wp-image-4847\" src=\"http:\/\/www.sumextech.com\/wp-content\/uploads\/2025\/08\/1.8-2.webp\" alt=\"\" width=\"790\" height=\"1044\" srcset=\"https:\/\/www.sumextech.com\/wp-content\/uploads\/2025\/08\/1.8-2.webp 790w, https:\/\/www.sumextech.com\/wp-content\/uploads\/2025\/08\/1.8-2-227x300.webp 227w\" sizes=\"auto, (max-width: 790px) 100vw, 790px\" \/> <img loading=\"lazy\" decoding=\"async\" class=\"alignnone size-full wp-image-4848\" src=\"http:\/\/www.sumextech.com\/wp-content\/uploads\/2025\/08\/1.9-1.webp\" alt=\"\" width=\"790\" height=\"1119\" srcset=\"https:\/\/www.sumextech.com\/wp-content\/uploads\/2025\/08\/1.9-1.webp 790w, https:\/\/www.sumextech.com\/wp-content\/uploads\/2025\/08\/1.9-1-212x300.webp 212w\" sizes=\"auto, (max-width: 790px) 100vw, 790px\" \/><\/p>","protected":false},"excerpt":{"rendered":"<p>3 modos ajust\u00e1veis e bateria de longa dura\u00e7\u00e3o: Esta almofada de aquecimento port\u00e1til oferece 5 n\u00edveis de calor e 3 configura\u00e7\u00f5es de intensidade de vibra\u00e7\u00e3o, que podem ser usadas juntas ou separadamente. A temperatura varia de 104\u2109 a 140\u2109.<br \/>\nEquipado com 2 motores potentes, o massajador de costas permite uma intensidade de massagem personaliz\u00e1vel e 3 n\u00edveis de vibra\u00e7\u00e3o. Alimentado por uma bateria recarreg\u00e1vel de 1100mAh,<br \/>\nDesign port\u00e1til e controlos f\u00e1ceis: Totalmente sem fios e f\u00e1cil de transportar, basta premir longamente o bot\u00e3o de alimenta\u00e7\u00e3o lateral para ligar ou desligar o dispositivo. Uma vez ativado, o ecr\u00e3 iluminado permite-lhe ajustar facilmente a temperatura e as defini\u00e7\u00f5es de massagem tocando nos respectivos bot\u00f5es.<br \/>\nTecido respir\u00e1vel e acess\u00f3rios: Fabricado em tecido leve e respir\u00e1vel, este cinto de aquecimento \u00e9 macio, flex\u00edvel e proporciona um excelente isolamento.<br \/>\nCinto de aquecimento multiusos: Este cinto de aquecimento vers\u00e1til e port\u00e1til pode ser utilizado na cintura, ombros, abd\u00f3men, costas, pernas e joelhos. Ajuda a aliviar a tens\u00e3o muscular. Al\u00e9m disso, funciona muito bem como uma almofada t\u00e9rmica sem fios para aliviar as dores menstruais, proporcionando um calor suave em alturas especiais para as mulheres.<\/p>","protected":false},"featured_media":4841,"template":"","meta":[],"product_cat":[108],"product_tag":[],"product_brand":[],"class_list":["post-4840","product","type-product","status-publish","has-post-thumbnail","hentry","product_cat-masssage-belt"],"yoast_head":"<!-- This site is optimized with the Yoast SEO plugin v26.3 - https:\/\/yoast.com\/wordpress\/plugins\/seo\/ -->\n<title>Massage Belt - Sumex Technology co.,ltd<\/title>\n<meta name=\"robots\" content=\"index, follow, max-snippet:-1, max-image-preview:large, max-video-preview:-1\" \/>\n<link rel=\"canonical\" href=\"https:\/\/www.sumextech.com\/pt\/produto\/massage-belt\/\" \/>\n<meta property=\"og:locale\" content=\"pt_PT\" \/>\n<meta property=\"og:type\" content=\"article\" \/>\n<meta property=\"og:title\" content=\"Massage Belt - Sumex Technology co.,ltd\" \/>\n<meta property=\"og:description\" content=\"3 Adjustable Modes &amp; Long Battery Life: This portable heating pad offers 5 heat levels and 3 vibration intensity settings, which can be used together or separately. Temperature ranges from 104\u2109 to 140\u2109. Equipped with 2 powerful motors, the back massager allows for customizable massage intensity and 3 vibration levels. Powered by a 1100mAh rechargeable battery, Portable Design &amp; Easy Controls: Completely cordless and easy to carry, Simply long-press the side power button to turn the device on or off. Once activated, the illuminated screen allows you to easily adjust the temperature and massage settings by tapping the respective buttons. Breathable Fabric &amp; Accessories: Made from lightweight, breathable fabric, this heating belt is soft, flexible, and provides excellent insulation. Multi-Purpose Heating Belt: This versatile, portable heating belt can be used on the waist, shoulders, abdomen, back, legs, and knees. It helps relieve muscle tension, Additionally, it works great as a cordless heating pad for menstrual pain relief, providing soothing warmth during special times for women.\" \/>\n<meta property=\"og:url\" content=\"https:\/\/www.sumextech.com\/pt\/produto\/massage-belt\/\" \/>\n<meta property=\"og:site_name\" content=\"Sumex Technology co.,ltd\" \/>\n<meta property=\"article:publisher\" content=\"https:\/\/www.facebook.com\/profile.php?id=61581317690491\" \/>\n<meta property=\"og:image\" content=\"https:\/\/www.sumextech.com\/wp-content\/uploads\/2025\/08\/1.1-7.webp\" \/>\n\t<meta property=\"og:image:width\" content=\"800\" \/>\n\t<meta property=\"og:image:height\" content=\"800\" \/>\n\t<meta property=\"og:image:type\" content=\"image\/webp\" \/>\n<meta name=\"twitter:card\" content=\"summary_large_image\" \/>\n<script type=\"application\/ld+json\" class=\"yoast-schema-graph\">{\"@context\":\"https:\/\/schema.org\",\"@graph\":[{\"@type\":\"WebPage\",\"@id\":\"https:\/\/www.sumextech.com\/product\/massage-belt\/\",\"url\":\"https:\/\/www.sumextech.com\/product\/massage-belt\/\",\"name\":\"Massage Belt - Sumex Technology co.,ltd\",\"isPartOf\":{\"@id\":\"https:\/\/www.sumextech.com\/#website\"},\"primaryImageOfPage\":{\"@id\":\"https:\/\/www.sumextech.com\/product\/massage-belt\/#primaryimage\"},\"image\":{\"@id\":\"https:\/\/www.sumextech.com\/product\/massage-belt\/#primaryimage\"},\"thumbnailUrl\":\"https:\/\/www.sumextech.com\/wp-content\/uploads\/2025\/08\/1.1-7.webp\",\"datePublished\":\"2025-08-01T07:35:22+00:00\",\"breadcrumb\":{\"@id\":\"https:\/\/www.sumextech.com\/product\/massage-belt\/#breadcrumb\"},\"inLanguage\":\"pt-PT\",\"potentialAction\":[{\"@type\":\"ReadAction\",\"target\":[\"https:\/\/www.sumextech.com\/product\/massage-belt\/\"]}]},{\"@type\":\"ImageObject\",\"inLanguage\":\"pt-PT\",\"@id\":\"https:\/\/www.sumextech.com\/product\/massage-belt\/#primaryimage\",\"url\":\"https:\/\/www.sumextech.com\/wp-content\/uploads\/2025\/08\/1.1-7.webp\",\"contentUrl\":\"https:\/\/www.sumextech.com\/wp-content\/uploads\/2025\/08\/1.1-7.webp\",\"width\":800,\"height\":800},{\"@type\":\"BreadcrumbList\",\"@id\":\"https:\/\/www.sumextech.com\/product\/massage-belt\/#breadcrumb\",\"itemListElement\":[{\"@type\":\"ListItem\",\"position\":1,\"name\":\"\u9996\u9875\",\"item\":\"https:\/\/www.sumextech.com\/\"},{\"@type\":\"ListItem\",\"position\":2,\"name\":\"Products\",\"item\":\"https:\/\/www.sumextech.com\/products\/\"},{\"@type\":\"ListItem\",\"position\":3,\"name\":\"Massage Belt\"}]},{\"@type\":\"WebSite\",\"@id\":\"https:\/\/www.sumextech.com\/#website\",\"url\":\"https:\/\/www.sumextech.com\/\",\"name\":\"Sumex Technology co.,ltd\",\"description\":\"Buy Wellness Body Massager, Beauty and Skin Care Products from China\",\"publisher\":{\"@id\":\"https:\/\/www.sumextech.com\/#organization\"},\"alternateName\":\"SumexTech Wellness Products\",\"potentialAction\":[{\"@type\":\"SearchAction\",\"target\":{\"@type\":\"EntryPoint\",\"urlTemplate\":\"https:\/\/www.sumextech.com\/?s={search_term_string}\"},\"query-input\":{\"@type\":\"PropertyValueSpecification\",\"valueRequired\":true,\"valueName\":\"search_term_string\"}}],\"inLanguage\":\"pt-PT\"},{\"@type\":\"Organization\",\"@id\":\"https:\/\/www.sumextech.com\/#organization\",\"name\":\"Sumex Technology co.,ltd\",\"alternateName\":\"SumexTech Wellness Products\",\"url\":\"https:\/\/www.sumextech.com\/\",\"logo\":{\"@type\":\"ImageObject\",\"inLanguage\":\"pt-PT\",\"@id\":\"https:\/\/www.sumextech.com\/#\/schema\/logo\/image\/\",\"url\":\"https:\/\/www.sumextech.com\/wp-content\/uploads\/2020\/06\/20250801141548_29.webp\",\"contentUrl\":\"https:\/\/www.sumextech.com\/wp-content\/uploads\/2020\/06\/20250801141548_29.webp\",\"width\":692,\"height\":218,\"caption\":\"Sumex Technology co.,ltd\"},\"image\":{\"@id\":\"https:\/\/www.sumextech.com\/#\/schema\/logo\/image\/\"},\"sameAs\":[\"https:\/\/www.facebook.com\/profile.php?id=61581317690491\",\"https:\/\/www.instagram.com\/sophiey668\/\"]}]}<\/script>\n<!-- \/ Yoast SEO plugin. -->","yoast_head_json":{"title":"Massage Belt - Sumex Technology co.,ltd","robots":{"index":"index","follow":"follow","max-snippet":"max-snippet:-1","max-image-preview":"max-image-preview:large","max-video-preview":"max-video-preview:-1"},"canonical":"https:\/\/www.sumextech.com\/pt\/produto\/massage-belt\/","og_locale":"pt_PT","og_type":"article","og_title":"Massage Belt - Sumex Technology co.,ltd","og_description":"3 Adjustable Modes &amp; Long Battery Life: This portable heating pad offers 5 heat levels and 3 vibration intensity settings, which can be used together or separately. Temperature ranges from 104\u2109 to 140\u2109. Equipped with 2 powerful motors, the back massager allows for customizable massage intensity and 3 vibration levels. Powered by a 1100mAh rechargeable battery, Portable Design &amp; Easy Controls: Completely cordless and easy to carry, Simply long-press the side power button to turn the device on or off. Once activated, the illuminated screen allows you to easily adjust the temperature and massage settings by tapping the respective buttons. Breathable Fabric &amp; Accessories: Made from lightweight, breathable fabric, this heating belt is soft, flexible, and provides excellent insulation. Multi-Purpose Heating Belt: This versatile, portable heating belt can be used on the waist, shoulders, abdomen, back, legs, and knees. It helps relieve muscle tension, Additionally, it works great as a cordless heating pad for menstrual pain relief, providing soothing warmth during special times for women.","og_url":"https:\/\/www.sumextech.com\/pt\/produto\/massage-belt\/","og_site_name":"Sumex Technology co.,ltd","article_publisher":"https:\/\/www.facebook.com\/profile.php?id=61581317690491","og_image":[{"width":800,"height":800,"url":"https:\/\/www.sumextech.com\/wp-content\/uploads\/2025\/08\/1.1-7.webp","type":"image\/webp"}],"twitter_card":"summary_large_image","schema":{"@context":"https:\/\/schema.org","@graph":[{"@type":"WebPage","@id":"https:\/\/www.sumextech.com\/product\/massage-belt\/","url":"https:\/\/www.sumextech.com\/product\/massage-belt\/","name":"Massage Belt - Sumex Technology co.,ltd","isPartOf":{"@id":"https:\/\/www.sumextech.com\/#website"},"primaryImageOfPage":{"@id":"https:\/\/www.sumextech.com\/product\/massage-belt\/#primaryimage"},"image":{"@id":"https:\/\/www.sumextech.com\/product\/massage-belt\/#primaryimage"},"thumbnailUrl":"https:\/\/www.sumextech.com\/wp-content\/uploads\/2025\/08\/1.1-7.webp","datePublished":"2025-08-01T07:35:22+00:00","breadcrumb":{"@id":"https:\/\/www.sumextech.com\/product\/massage-belt\/#breadcrumb"},"inLanguage":"pt-PT","potentialAction":[{"@type":"ReadAction","target":["https:\/\/www.sumextech.com\/product\/massage-belt\/"]}]},{"@type":"ImageObject","inLanguage":"pt-PT","@id":"https:\/\/www.sumextech.com\/product\/massage-belt\/#primaryimage","url":"https:\/\/www.sumextech.com\/wp-content\/uploads\/2025\/08\/1.1-7.webp","contentUrl":"https:\/\/www.sumextech.com\/wp-content\/uploads\/2025\/08\/1.1-7.webp","width":800,"height":800},{"@type":"BreadcrumbList","@id":"https:\/\/www.sumextech.com\/product\/massage-belt\/#breadcrumb","itemListElement":[{"@type":"ListItem","position":1,"name":"\u9996\u9875","item":"https:\/\/www.sumextech.com\/"},{"@type":"ListItem","position":2,"name":"Products","item":"https:\/\/www.sumextech.com\/products\/"},{"@type":"ListItem","position":3,"name":"Massage Belt"}]},{"@type":"WebSite","@id":"https:\/\/www.sumextech.com\/#website","url":"https:\/\/www.sumextech.com\/","name":"Sumex Technology co.,ltd","description":"Buy Wellness Body Massager, Beauty and Skin Care Products from China","publisher":{"@id":"https:\/\/www.sumextech.com\/#organization"},"alternateName":"SumexTech Wellness Products","potentialAction":[{"@type":"SearchAction","target":{"@type":"EntryPoint","urlTemplate":"https:\/\/www.sumextech.com\/?s={search_term_string}"},"query-input":{"@type":"PropertyValueSpecification","valueRequired":true,"valueName":"search_term_string"}}],"inLanguage":"pt-PT"},{"@type":"Organization","@id":"https:\/\/www.sumextech.com\/#organization","name":"Sumex Technology co.,ltd","alternateName":"SumexTech Wellness Products","url":"https:\/\/www.sumextech.com\/","logo":{"@type":"ImageObject","inLanguage":"pt-PT","@id":"https:\/\/www.sumextech.com\/#\/schema\/logo\/image\/","url":"https:\/\/www.sumextech.com\/wp-content\/uploads\/2020\/06\/20250801141548_29.webp","contentUrl":"https:\/\/www.sumextech.com\/wp-content\/uploads\/2020\/06\/20250801141548_29.webp","width":692,"height":218,"caption":"Sumex Technology co.,ltd"},"image":{"@id":"https:\/\/www.sumextech.com\/#\/schema\/logo\/image\/"},"sameAs":["https:\/\/www.facebook.com\/profile.php?id=61581317690491","https:\/\/www.instagram.com\/sophiey668\/"]}]}},"_links":{"self":[{"href":"https:\/\/www.sumextech.com\/pt\/wp-json\/wp\/v2\/product\/4840","targetHints":{"allow":["GET"]}}],"collection":[{"href":"https:\/\/www.sumextech.com\/pt\/wp-json\/wp\/v2\/product"}],"about":[{"href":"https:\/\/www.sumextech.com\/pt\/wp-json\/wp\/v2\/types\/product"}],"wp:featuredmedia":[{"embeddable":true,"href":"https:\/\/www.sumextech.com\/pt\/wp-json\/wp\/v2\/media\/4841"}],"wp:attachment":[{"href":"https:\/\/www.sumextech.com\/pt\/wp-json\/wp\/v2\/media?parent=4840"}],"wp:term":[{"taxonomy":"product_cat","embeddable":true,"href":"https:\/\/www.sumextech.com\/pt\/wp-json\/wp\/v2\/product_cat?post=4840"},{"taxonomy":"product_tag","embeddable":true,"href":"https:\/\/www.sumextech.com\/pt\/wp-json\/wp\/v2\/product_tag?post=4840"},{"taxonomy":"product_brand","embeddable":true,"href":"https:\/\/www.sumextech.com\/pt\/wp-json\/wp\/v2\/product_brand?post=4840"}],"curies":[{"name":"wp","href":"https:\/\/api.w.org\/{rel}","templated":true}]}}