{"id":4810,"date":"2025-08-01T07:26:19","date_gmt":"2025-08-01T07:26:19","guid":{"rendered":"http:\/\/www.sumextech.com\/?post_type=product&#038;p=4810"},"modified":"2025-08-01T07:26:19","modified_gmt":"2025-08-01T07:26:19","slug":"slimex-massager","status":"publish","type":"product","link":"https:\/\/www.sumextech.com\/pt\/product\/slimex-massager\/","title":{"rendered":"Massajador Slimex"},"content":{"rendered":"","protected":false},"excerpt":{"rendered":"<p>\u3010Massageador de celulite &amp; m\u00e1quina de esculpir o corpo\u3011Este massageador vibrat\u00f3rio usa o princ\u00edpio da vibra\u00e7\u00e3o para fornecer uma forte pot\u00eancia e uma grande \u00e1rea de massagem vibro.<br \/>\n\u3010Massageador de corpo inteiro\u3011Este massageador el\u00e9trico de m\u00e3o pode ser usado para todo o corpo. Para mimar e suavizar a superf\u00edcie da pele do abd\u00f3men, pegas de amor, n\u00e1degas, bra\u00e7os, pernas e costas.<br \/>\n\u3010Aplic\u00e1vel \u00e0 multid\u00e3o\u3011Esta m\u00e1quina de escultura corporal \u00e9 adequada para m\u00e3es p\u00f3s-parto, pacientes com obesidade e amantes da beleza para restaurar e manter um corpo perfeito, se usada com seus v\u00e1rios \u00f3leos essenciais favoritos, preven\u00e7\u00e3o de estrias, creme de emagrecimento e \u00f3leo de cicatriz juntos, o efeito ser\u00e1 melhor.<br \/>\n\u3010F\u00e1cil de usar e transportar\u3011A m\u00e1quina massageadora de celulite \u00e9 equipada com 6 almofadas lav\u00e1veis macias para prote\u00e7\u00e3o da pele. A velocidade de vibra\u00e7\u00e3o de 3000 rpm cria ondas suaves e efeito de polimento suave.<br \/>\n\u3010Presentes ideais\u3011O massageador de escultura de beleza \u00e9 feito de material ABS de alta qualidade com design ergon\u00f4mico.<\/p>","protected":false},"featured_media":4811,"template":"","meta":[],"product_cat":[105],"product_tag":[],"product_brand":[],"class_list":["post-4810","product","type-product","status-publish","has-post-thumbnail","hentry","product_cat-hanheld-amp-guasha-massager"],"yoast_head":"<!-- This site is optimized with the Yoast SEO plugin v26.3 - https:\/\/yoast.com\/wordpress\/plugins\/seo\/ -->\n<title>Slimex Massager - Sumex Technology co.,ltd<\/title>\n<meta name=\"robots\" content=\"index, follow, max-snippet:-1, max-image-preview:large, max-video-preview:-1\" \/>\n<link rel=\"canonical\" href=\"https:\/\/www.sumextech.com\/pt\/produto\/slimex-massager\/\" \/>\n<meta property=\"og:locale\" content=\"pt_PT\" \/>\n<meta property=\"og:type\" content=\"article\" \/>\n<meta property=\"og:title\" content=\"Slimex Massager - Sumex Technology co.,ltd\" \/>\n<meta property=\"og:description\" content=\"\u3010cellulite massager &amp; body sculpting machine\u3011This vibrating massager uses the principle of vibration to provide strong power and a large vibro massage area. \u3010whole body massager\u3011This electric hand held massager can be used for the whole body. For pampering and smoothing the skin surface of the abdomen, love handles, buttocks, arms, legs, and back. \u3010Applicable to the crowd\u3011This body sculpting machine is suitable for postpartum mothers,obesity patients and beauty lovers to restore and maintain a perfect body, if used with your favorite various essential oils, stretch mark prevention, slimming cream and scar oil together, the effect will be better. \u3010Easy to use and carry\u3011The cellulite massager machine is equipped with 6 soft washable pads for skin protection. Vibration speed of 3000 rpm creates smooth waves and soft polishing effect. \u3010Ideal Gifts\u3011beauty sculpt massager is made of high quality ABS material with ergonomic design.\" \/>\n<meta property=\"og:url\" content=\"https:\/\/www.sumextech.com\/pt\/produto\/slimex-massager\/\" \/>\n<meta property=\"og:site_name\" content=\"Sumex Technology co.,ltd\" \/>\n<meta property=\"article:publisher\" content=\"https:\/\/www.facebook.com\/profile.php?id=61581317690491\" \/>\n<meta property=\"og:image\" content=\"https:\/\/www.sumextech.com\/wp-content\/uploads\/2025\/08\/1-1-3.webp\" \/>\n\t<meta property=\"og:image:width\" content=\"800\" \/>\n\t<meta property=\"og:image:height\" content=\"800\" \/>\n\t<meta property=\"og:image:type\" content=\"image\/webp\" \/>\n<meta name=\"twitter:card\" content=\"summary_large_image\" \/>\n<script type=\"application\/ld+json\" class=\"yoast-schema-graph\">{\"@context\":\"https:\/\/schema.org\",\"@graph\":[{\"@type\":\"WebPage\",\"@id\":\"https:\/\/www.sumextech.com\/product\/slimex-massager\/\",\"url\":\"https:\/\/www.sumextech.com\/product\/slimex-massager\/\",\"name\":\"Slimex Massager - Sumex Technology co.,ltd\",\"isPartOf\":{\"@id\":\"https:\/\/www.sumextech.com\/#website\"},\"primaryImageOfPage\":{\"@id\":\"https:\/\/www.sumextech.com\/product\/slimex-massager\/#primaryimage\"},\"image\":{\"@id\":\"https:\/\/www.sumextech.com\/product\/slimex-massager\/#primaryimage\"},\"thumbnailUrl\":\"https:\/\/www.sumextech.com\/wp-content\/uploads\/2025\/08\/1-1-3.webp\",\"datePublished\":\"2025-08-01T07:26:19+00:00\",\"breadcrumb\":{\"@id\":\"https:\/\/www.sumextech.com\/product\/slimex-massager\/#breadcrumb\"},\"inLanguage\":\"pt-PT\",\"potentialAction\":[{\"@type\":\"ReadAction\",\"target\":[\"https:\/\/www.sumextech.com\/product\/slimex-massager\/\"]}]},{\"@type\":\"ImageObject\",\"inLanguage\":\"pt-PT\",\"@id\":\"https:\/\/www.sumextech.com\/product\/slimex-massager\/#primaryimage\",\"url\":\"https:\/\/www.sumextech.com\/wp-content\/uploads\/2025\/08\/1-1-3.webp\",\"contentUrl\":\"https:\/\/www.sumextech.com\/wp-content\/uploads\/2025\/08\/1-1-3.webp\",\"width\":800,\"height\":800},{\"@type\":\"BreadcrumbList\",\"@id\":\"https:\/\/www.sumextech.com\/product\/slimex-massager\/#breadcrumb\",\"itemListElement\":[{\"@type\":\"ListItem\",\"position\":1,\"name\":\"\u9996\u9875\",\"item\":\"https:\/\/www.sumextech.com\/\"},{\"@type\":\"ListItem\",\"position\":2,\"name\":\"Products\",\"item\":\"https:\/\/www.sumextech.com\/products\/\"},{\"@type\":\"ListItem\",\"position\":3,\"name\":\"Slimex Massager\"}]},{\"@type\":\"WebSite\",\"@id\":\"https:\/\/www.sumextech.com\/#website\",\"url\":\"https:\/\/www.sumextech.com\/\",\"name\":\"Sumex Technology co.,ltd\",\"description\":\"Buy Wellness Body Massager, Beauty and Skin Care Products from China\",\"publisher\":{\"@id\":\"https:\/\/www.sumextech.com\/#organization\"},\"alternateName\":\"SumexTech Wellness Products\",\"potentialAction\":[{\"@type\":\"SearchAction\",\"target\":{\"@type\":\"EntryPoint\",\"urlTemplate\":\"https:\/\/www.sumextech.com\/?s={search_term_string}\"},\"query-input\":{\"@type\":\"PropertyValueSpecification\",\"valueRequired\":true,\"valueName\":\"search_term_string\"}}],\"inLanguage\":\"pt-PT\"},{\"@type\":\"Organization\",\"@id\":\"https:\/\/www.sumextech.com\/#organization\",\"name\":\"Sumex Technology co.,ltd\",\"alternateName\":\"SumexTech Wellness Products\",\"url\":\"https:\/\/www.sumextech.com\/\",\"logo\":{\"@type\":\"ImageObject\",\"inLanguage\":\"pt-PT\",\"@id\":\"https:\/\/www.sumextech.com\/#\/schema\/logo\/image\/\",\"url\":\"https:\/\/www.sumextech.com\/wp-content\/uploads\/2020\/06\/20250801141548_29.webp\",\"contentUrl\":\"https:\/\/www.sumextech.com\/wp-content\/uploads\/2020\/06\/20250801141548_29.webp\",\"width\":692,\"height\":218,\"caption\":\"Sumex Technology co.,ltd\"},\"image\":{\"@id\":\"https:\/\/www.sumextech.com\/#\/schema\/logo\/image\/\"},\"sameAs\":[\"https:\/\/www.facebook.com\/profile.php?id=61581317690491\",\"https:\/\/www.instagram.com\/sophiey668\/\"]}]}<\/script>\n<!-- \/ Yoast SEO plugin. -->","yoast_head_json":{"title":"Slimex Massager - Sumex Technology co.,ltd","robots":{"index":"index","follow":"follow","max-snippet":"max-snippet:-1","max-image-preview":"max-image-preview:large","max-video-preview":"max-video-preview:-1"},"canonical":"https:\/\/www.sumextech.com\/pt\/produto\/slimex-massager\/","og_locale":"pt_PT","og_type":"article","og_title":"Slimex Massager - Sumex Technology co.,ltd","og_description":"\u3010cellulite massager &amp; body sculpting machine\u3011This vibrating massager uses the principle of vibration to provide strong power and a large vibro massage area. \u3010whole body massager\u3011This electric hand held massager can be used for the whole body. For pampering and smoothing the skin surface of the abdomen, love handles, buttocks, arms, legs, and back. \u3010Applicable to the crowd\u3011This body sculpting machine is suitable for postpartum mothers,obesity patients and beauty lovers to restore and maintain a perfect body, if used with your favorite various essential oils, stretch mark prevention, slimming cream and scar oil together, the effect will be better. \u3010Easy to use and carry\u3011The cellulite massager machine is equipped with 6 soft washable pads for skin protection. Vibration speed of 3000 rpm creates smooth waves and soft polishing effect. \u3010Ideal Gifts\u3011beauty sculpt massager is made of high quality ABS material with ergonomic design.","og_url":"https:\/\/www.sumextech.com\/pt\/produto\/slimex-massager\/","og_site_name":"Sumex Technology co.,ltd","article_publisher":"https:\/\/www.facebook.com\/profile.php?id=61581317690491","og_image":[{"width":800,"height":800,"url":"https:\/\/www.sumextech.com\/wp-content\/uploads\/2025\/08\/1-1-3.webp","type":"image\/webp"}],"twitter_card":"summary_large_image","schema":{"@context":"https:\/\/schema.org","@graph":[{"@type":"WebPage","@id":"https:\/\/www.sumextech.com\/product\/slimex-massager\/","url":"https:\/\/www.sumextech.com\/product\/slimex-massager\/","name":"Slimex Massager - Sumex Technology co.,ltd","isPartOf":{"@id":"https:\/\/www.sumextech.com\/#website"},"primaryImageOfPage":{"@id":"https:\/\/www.sumextech.com\/product\/slimex-massager\/#primaryimage"},"image":{"@id":"https:\/\/www.sumextech.com\/product\/slimex-massager\/#primaryimage"},"thumbnailUrl":"https:\/\/www.sumextech.com\/wp-content\/uploads\/2025\/08\/1-1-3.webp","datePublished":"2025-08-01T07:26:19+00:00","breadcrumb":{"@id":"https:\/\/www.sumextech.com\/product\/slimex-massager\/#breadcrumb"},"inLanguage":"pt-PT","potentialAction":[{"@type":"ReadAction","target":["https:\/\/www.sumextech.com\/product\/slimex-massager\/"]}]},{"@type":"ImageObject","inLanguage":"pt-PT","@id":"https:\/\/www.sumextech.com\/product\/slimex-massager\/#primaryimage","url":"https:\/\/www.sumextech.com\/wp-content\/uploads\/2025\/08\/1-1-3.webp","contentUrl":"https:\/\/www.sumextech.com\/wp-content\/uploads\/2025\/08\/1-1-3.webp","width":800,"height":800},{"@type":"BreadcrumbList","@id":"https:\/\/www.sumextech.com\/product\/slimex-massager\/#breadcrumb","itemListElement":[{"@type":"ListItem","position":1,"name":"\u9996\u9875","item":"https:\/\/www.sumextech.com\/"},{"@type":"ListItem","position":2,"name":"Products","item":"https:\/\/www.sumextech.com\/products\/"},{"@type":"ListItem","position":3,"name":"Slimex Massager"}]},{"@type":"WebSite","@id":"https:\/\/www.sumextech.com\/#website","url":"https:\/\/www.sumextech.com\/","name":"Sumex Technology co.,ltd","description":"Buy Wellness Body Massager, Beauty and Skin Care Products from China","publisher":{"@id":"https:\/\/www.sumextech.com\/#organization"},"alternateName":"SumexTech Wellness Products","potentialAction":[{"@type":"SearchAction","target":{"@type":"EntryPoint","urlTemplate":"https:\/\/www.sumextech.com\/?s={search_term_string}"},"query-input":{"@type":"PropertyValueSpecification","valueRequired":true,"valueName":"search_term_string"}}],"inLanguage":"pt-PT"},{"@type":"Organization","@id":"https:\/\/www.sumextech.com\/#organization","name":"Sumex Technology co.,ltd","alternateName":"SumexTech Wellness Products","url":"https:\/\/www.sumextech.com\/","logo":{"@type":"ImageObject","inLanguage":"pt-PT","@id":"https:\/\/www.sumextech.com\/#\/schema\/logo\/image\/","url":"https:\/\/www.sumextech.com\/wp-content\/uploads\/2020\/06\/20250801141548_29.webp","contentUrl":"https:\/\/www.sumextech.com\/wp-content\/uploads\/2020\/06\/20250801141548_29.webp","width":692,"height":218,"caption":"Sumex Technology co.,ltd"},"image":{"@id":"https:\/\/www.sumextech.com\/#\/schema\/logo\/image\/"},"sameAs":["https:\/\/www.facebook.com\/profile.php?id=61581317690491","https:\/\/www.instagram.com\/sophiey668\/"]}]}},"_links":{"self":[{"href":"https:\/\/www.sumextech.com\/pt\/wp-json\/wp\/v2\/product\/4810","targetHints":{"allow":["GET"]}}],"collection":[{"href":"https:\/\/www.sumextech.com\/pt\/wp-json\/wp\/v2\/product"}],"about":[{"href":"https:\/\/www.sumextech.com\/pt\/wp-json\/wp\/v2\/types\/product"}],"wp:featuredmedia":[{"embeddable":true,"href":"https:\/\/www.sumextech.com\/pt\/wp-json\/wp\/v2\/media\/4811"}],"wp:attachment":[{"href":"https:\/\/www.sumextech.com\/pt\/wp-json\/wp\/v2\/media?parent=4810"}],"wp:term":[{"taxonomy":"product_cat","embeddable":true,"href":"https:\/\/www.sumextech.com\/pt\/wp-json\/wp\/v2\/product_cat?post=4810"},{"taxonomy":"product_tag","embeddable":true,"href":"https:\/\/www.sumextech.com\/pt\/wp-json\/wp\/v2\/product_tag?post=4810"},{"taxonomy":"product_brand","embeddable":true,"href":"https:\/\/www.sumextech.com\/pt\/wp-json\/wp\/v2\/product_brand?post=4810"}],"curies":[{"name":"wp","href":"https:\/\/api.w.org\/{rel}","templated":true}]}}