{"id":4745,"date":"2025-08-01T07:05:19","date_gmt":"2025-08-01T07:05:19","guid":{"rendered":"http:\/\/www.sumextech.com\/?post_type=product&#038;p=4745"},"modified":"2025-08-01T07:05:20","modified_gmt":"2025-08-01T07:05:20","slug":"longhandle-fascia-gun","status":"publish","type":"product","link":"https:\/\/www.sumextech.com\/pt\/product\/longhandle-fascia-gun\/","title":{"rendered":"Pistola de cabo longo para fachadas"},"content":{"rendered":"","protected":false},"excerpt":{"rendered":"<p>\u3010Al\u00e7a estendida e design ergon\u00f3mico confort\u00e1vel\u3011<br \/>\n\u30103 Modos \u3011 Este massageador de pesco\u00e7o para al\u00edvio da dor em tecidos profundos tem 3 modos e 5 n\u00edveis de velocidade. O modo de engrenagem tem 3 n\u00edveis de velocidade ajust\u00e1veis (1200-3000 RPM)<br \/>\n\u3010Equipado com 4 cabe\u00e7as de massagem para atender a v\u00e1rias necessidades de massagem\u3011<br \/>\n\u3010Longa dura\u00e7\u00e3o da bateria \u3011 Esta pistola de massagem nas costas tem uma bateria de 2000mAh. Ele pode ser carregado rapidamente em 2,5 horas com o cabo de carregamento Tipo C e funcionar por 4,5 horas.<br \/>\n\u3010Motor potente e baixo ru\u00eddo\u3011 Esta pistola de massagem de tecidos profundos est\u00e1 equipada com um motor de alto desempenho com uma velocidade m\u00e1xima de 3.000 RPM para maior impacto. O ru\u00eddo gerado durante o uso \u00e9 inferior a 40dB.<\/p>","protected":false},"featured_media":4746,"template":"","meta":[],"product_cat":[15],"product_tag":[],"product_brand":[],"class_list":["post-4745","product","type-product","status-publish","has-post-thumbnail","hentry","product_cat-fascia-gun-massager"],"yoast_head":"<!-- This site is optimized with the Yoast SEO plugin v26.3 - https:\/\/yoast.com\/wordpress\/plugins\/seo\/ -->\n<title>Longhandle Fascia Gun - Sumex Technology co.,ltd<\/title>\n<meta name=\"robots\" content=\"index, follow, max-snippet:-1, max-image-preview:large, max-video-preview:-1\" \/>\n<link rel=\"canonical\" href=\"https:\/\/www.sumextech.com\/pt\/produto\/longhandle-fascia-gun\/\" \/>\n<meta property=\"og:locale\" content=\"pt_PT\" \/>\n<meta property=\"og:type\" content=\"article\" \/>\n<meta property=\"og:title\" content=\"Longhandle Fascia Gun - Sumex Technology co.,ltd\" \/>\n<meta property=\"og:description\" content=\"\u3010Extended Handle and Comfortable Ergonomic Design\u3011 \u30103 Modes \u3011This neck massager for pain relief deep tissue has 3 modes and 5 speed levels. The gear mode has 3 adjustable speed levels (1200-3000 RPM) \u3010Equipped with 4 Massage Heads to Meet Various Massage Needs\u3011 \u3010Long Battery Life \u3011This back massage gun has a 2000mAh battery. It can be quickly charged in 2.5 hours with the Type-C charging cable and run for 4.5 hours. \u3010Powerful Motor and Low Noise\u3011This deep tissue massage gun is equipped with a high performance motor with a maximum speed of 3,000 RPM for greater impact. The noise generated during use is less than 40dB.\" \/>\n<meta property=\"og:url\" content=\"https:\/\/www.sumextech.com\/pt\/produto\/longhandle-fascia-gun\/\" \/>\n<meta property=\"og:site_name\" content=\"Sumex Technology co.,ltd\" \/>\n<meta property=\"article:publisher\" content=\"https:\/\/www.facebook.com\/profile.php?id=61581317690491\" \/>\n<meta property=\"article:modified_time\" content=\"2025-08-01T07:05:20+00:00\" \/>\n<meta property=\"og:image\" content=\"https:\/\/www.sumextech.com\/wp-content\/uploads\/2025\/08\/1.1.webp\" \/>\n\t<meta property=\"og:image:width\" content=\"1600\" \/>\n\t<meta property=\"og:image:height\" content=\"1600\" \/>\n\t<meta property=\"og:image:type\" content=\"image\/webp\" \/>\n<meta name=\"twitter:card\" content=\"summary_large_image\" \/>\n<script type=\"application\/ld+json\" class=\"yoast-schema-graph\">{\"@context\":\"https:\/\/schema.org\",\"@graph\":[{\"@type\":\"WebPage\",\"@id\":\"https:\/\/www.sumextech.com\/product\/longhandle-fascia-gun\/\",\"url\":\"https:\/\/www.sumextech.com\/product\/longhandle-fascia-gun\/\",\"name\":\"Longhandle Fascia Gun - Sumex Technology co.,ltd\",\"isPartOf\":{\"@id\":\"https:\/\/www.sumextech.com\/#website\"},\"primaryImageOfPage\":{\"@id\":\"https:\/\/www.sumextech.com\/product\/longhandle-fascia-gun\/#primaryimage\"},\"image\":{\"@id\":\"https:\/\/www.sumextech.com\/product\/longhandle-fascia-gun\/#primaryimage\"},\"thumbnailUrl\":\"https:\/\/www.sumextech.com\/wp-content\/uploads\/2025\/08\/1.1.webp\",\"datePublished\":\"2025-08-01T07:05:19+00:00\",\"dateModified\":\"2025-08-01T07:05:20+00:00\",\"breadcrumb\":{\"@id\":\"https:\/\/www.sumextech.com\/product\/longhandle-fascia-gun\/#breadcrumb\"},\"inLanguage\":\"pt-PT\",\"potentialAction\":[{\"@type\":\"ReadAction\",\"target\":[\"https:\/\/www.sumextech.com\/product\/longhandle-fascia-gun\/\"]}]},{\"@type\":\"ImageObject\",\"inLanguage\":\"pt-PT\",\"@id\":\"https:\/\/www.sumextech.com\/product\/longhandle-fascia-gun\/#primaryimage\",\"url\":\"https:\/\/www.sumextech.com\/wp-content\/uploads\/2025\/08\/1.1.webp\",\"contentUrl\":\"https:\/\/www.sumextech.com\/wp-content\/uploads\/2025\/08\/1.1.webp\",\"width\":1600,\"height\":1600},{\"@type\":\"BreadcrumbList\",\"@id\":\"https:\/\/www.sumextech.com\/product\/longhandle-fascia-gun\/#breadcrumb\",\"itemListElement\":[{\"@type\":\"ListItem\",\"position\":1,\"name\":\"\u9996\u9875\",\"item\":\"https:\/\/www.sumextech.com\/\"},{\"@type\":\"ListItem\",\"position\":2,\"name\":\"Products\",\"item\":\"https:\/\/www.sumextech.com\/products\/\"},{\"@type\":\"ListItem\",\"position\":3,\"name\":\"Longhandle Fascia Gun\"}]},{\"@type\":\"WebSite\",\"@id\":\"https:\/\/www.sumextech.com\/#website\",\"url\":\"https:\/\/www.sumextech.com\/\",\"name\":\"Sumex Technology co.,ltd\",\"description\":\"Buy Wellness Body Massager, Beauty and Skin Care Products from China\",\"publisher\":{\"@id\":\"https:\/\/www.sumextech.com\/#organization\"},\"alternateName\":\"SumexTech Wellness Products\",\"potentialAction\":[{\"@type\":\"SearchAction\",\"target\":{\"@type\":\"EntryPoint\",\"urlTemplate\":\"https:\/\/www.sumextech.com\/?s={search_term_string}\"},\"query-input\":{\"@type\":\"PropertyValueSpecification\",\"valueRequired\":true,\"valueName\":\"search_term_string\"}}],\"inLanguage\":\"pt-PT\"},{\"@type\":\"Organization\",\"@id\":\"https:\/\/www.sumextech.com\/#organization\",\"name\":\"Sumex Technology co.,ltd\",\"alternateName\":\"SumexTech Wellness Products\",\"url\":\"https:\/\/www.sumextech.com\/\",\"logo\":{\"@type\":\"ImageObject\",\"inLanguage\":\"pt-PT\",\"@id\":\"https:\/\/www.sumextech.com\/#\/schema\/logo\/image\/\",\"url\":\"https:\/\/www.sumextech.com\/wp-content\/uploads\/2020\/06\/20250801141548_29.webp\",\"contentUrl\":\"https:\/\/www.sumextech.com\/wp-content\/uploads\/2020\/06\/20250801141548_29.webp\",\"width\":692,\"height\":218,\"caption\":\"Sumex Technology co.,ltd\"},\"image\":{\"@id\":\"https:\/\/www.sumextech.com\/#\/schema\/logo\/image\/\"},\"sameAs\":[\"https:\/\/www.facebook.com\/profile.php?id=61581317690491\",\"https:\/\/www.instagram.com\/sophiey668\/\"]}]}<\/script>\n<!-- \/ Yoast SEO plugin. -->","yoast_head_json":{"title":"Longhandle Fascia Gun - Sumex Technology co.,ltd","robots":{"index":"index","follow":"follow","max-snippet":"max-snippet:-1","max-image-preview":"max-image-preview:large","max-video-preview":"max-video-preview:-1"},"canonical":"https:\/\/www.sumextech.com\/pt\/produto\/longhandle-fascia-gun\/","og_locale":"pt_PT","og_type":"article","og_title":"Longhandle Fascia Gun - Sumex Technology co.,ltd","og_description":"\u3010Extended Handle and Comfortable Ergonomic Design\u3011 \u30103 Modes \u3011This neck massager for pain relief deep tissue has 3 modes and 5 speed levels. The gear mode has 3 adjustable speed levels (1200-3000 RPM) \u3010Equipped with 4 Massage Heads to Meet Various Massage Needs\u3011 \u3010Long Battery Life \u3011This back massage gun has a 2000mAh battery. It can be quickly charged in 2.5 hours with the Type-C charging cable and run for 4.5 hours. \u3010Powerful Motor and Low Noise\u3011This deep tissue massage gun is equipped with a high performance motor with a maximum speed of 3,000 RPM for greater impact. The noise generated during use is less than 40dB.","og_url":"https:\/\/www.sumextech.com\/pt\/produto\/longhandle-fascia-gun\/","og_site_name":"Sumex Technology co.,ltd","article_publisher":"https:\/\/www.facebook.com\/profile.php?id=61581317690491","article_modified_time":"2025-08-01T07:05:20+00:00","og_image":[{"width":1600,"height":1600,"url":"https:\/\/www.sumextech.com\/wp-content\/uploads\/2025\/08\/1.1.webp","type":"image\/webp"}],"twitter_card":"summary_large_image","schema":{"@context":"https:\/\/schema.org","@graph":[{"@type":"WebPage","@id":"https:\/\/www.sumextech.com\/product\/longhandle-fascia-gun\/","url":"https:\/\/www.sumextech.com\/product\/longhandle-fascia-gun\/","name":"Longhandle Fascia Gun - Sumex Technology co.,ltd","isPartOf":{"@id":"https:\/\/www.sumextech.com\/#website"},"primaryImageOfPage":{"@id":"https:\/\/www.sumextech.com\/product\/longhandle-fascia-gun\/#primaryimage"},"image":{"@id":"https:\/\/www.sumextech.com\/product\/longhandle-fascia-gun\/#primaryimage"},"thumbnailUrl":"https:\/\/www.sumextech.com\/wp-content\/uploads\/2025\/08\/1.1.webp","datePublished":"2025-08-01T07:05:19+00:00","dateModified":"2025-08-01T07:05:20+00:00","breadcrumb":{"@id":"https:\/\/www.sumextech.com\/product\/longhandle-fascia-gun\/#breadcrumb"},"inLanguage":"pt-PT","potentialAction":[{"@type":"ReadAction","target":["https:\/\/www.sumextech.com\/product\/longhandle-fascia-gun\/"]}]},{"@type":"ImageObject","inLanguage":"pt-PT","@id":"https:\/\/www.sumextech.com\/product\/longhandle-fascia-gun\/#primaryimage","url":"https:\/\/www.sumextech.com\/wp-content\/uploads\/2025\/08\/1.1.webp","contentUrl":"https:\/\/www.sumextech.com\/wp-content\/uploads\/2025\/08\/1.1.webp","width":1600,"height":1600},{"@type":"BreadcrumbList","@id":"https:\/\/www.sumextech.com\/product\/longhandle-fascia-gun\/#breadcrumb","itemListElement":[{"@type":"ListItem","position":1,"name":"\u9996\u9875","item":"https:\/\/www.sumextech.com\/"},{"@type":"ListItem","position":2,"name":"Products","item":"https:\/\/www.sumextech.com\/products\/"},{"@type":"ListItem","position":3,"name":"Longhandle Fascia Gun"}]},{"@type":"WebSite","@id":"https:\/\/www.sumextech.com\/#website","url":"https:\/\/www.sumextech.com\/","name":"Sumex Technology co.,ltd","description":"Buy Wellness Body Massager, Beauty and Skin Care Products from China","publisher":{"@id":"https:\/\/www.sumextech.com\/#organization"},"alternateName":"SumexTech Wellness Products","potentialAction":[{"@type":"SearchAction","target":{"@type":"EntryPoint","urlTemplate":"https:\/\/www.sumextech.com\/?s={search_term_string}"},"query-input":{"@type":"PropertyValueSpecification","valueRequired":true,"valueName":"search_term_string"}}],"inLanguage":"pt-PT"},{"@type":"Organization","@id":"https:\/\/www.sumextech.com\/#organization","name":"Sumex Technology co.,ltd","alternateName":"SumexTech Wellness Products","url":"https:\/\/www.sumextech.com\/","logo":{"@type":"ImageObject","inLanguage":"pt-PT","@id":"https:\/\/www.sumextech.com\/#\/schema\/logo\/image\/","url":"https:\/\/www.sumextech.com\/wp-content\/uploads\/2020\/06\/20250801141548_29.webp","contentUrl":"https:\/\/www.sumextech.com\/wp-content\/uploads\/2020\/06\/20250801141548_29.webp","width":692,"height":218,"caption":"Sumex Technology co.,ltd"},"image":{"@id":"https:\/\/www.sumextech.com\/#\/schema\/logo\/image\/"},"sameAs":["https:\/\/www.facebook.com\/profile.php?id=61581317690491","https:\/\/www.instagram.com\/sophiey668\/"]}]}},"_links":{"self":[{"href":"https:\/\/www.sumextech.com\/pt\/wp-json\/wp\/v2\/product\/4745","targetHints":{"allow":["GET"]}}],"collection":[{"href":"https:\/\/www.sumextech.com\/pt\/wp-json\/wp\/v2\/product"}],"about":[{"href":"https:\/\/www.sumextech.com\/pt\/wp-json\/wp\/v2\/types\/product"}],"wp:featuredmedia":[{"embeddable":true,"href":"https:\/\/www.sumextech.com\/pt\/wp-json\/wp\/v2\/media\/4746"}],"wp:attachment":[{"href":"https:\/\/www.sumextech.com\/pt\/wp-json\/wp\/v2\/media?parent=4745"}],"wp:term":[{"taxonomy":"product_cat","embeddable":true,"href":"https:\/\/www.sumextech.com\/pt\/wp-json\/wp\/v2\/product_cat?post=4745"},{"taxonomy":"product_tag","embeddable":true,"href":"https:\/\/www.sumextech.com\/pt\/wp-json\/wp\/v2\/product_tag?post=4745"},{"taxonomy":"product_brand","embeddable":true,"href":"https:\/\/www.sumextech.com\/pt\/wp-json\/wp\/v2\/product_brand?post=4745"}],"curies":[{"name":"wp","href":"https:\/\/api.w.org\/{rel}","templated":true}]}}