{"id":5006,"date":"2025-09-19T02:12:15","date_gmt":"2025-09-19T02:12:15","guid":{"rendered":"http:\/\/www.sumextech.com\/?post_type=product&#038;p=5006"},"modified":"2025-09-19T03:22:48","modified_gmt":"2025-09-19T03:22:48","slug":"massage-chair","status":"publish","type":"product","link":"https:\/\/www.sumextech.com\/fr\/product\/massage-chair\/","title":{"rendered":"Fauteuil de massage"},"content":{"rendered":"<p><img loading=\"lazy\" decoding=\"async\" class=\"alignnone size-full wp-image-5007\" src=\"http:\/\/www.sumextech.com\/wp-content\/uploads\/2025\/09\/\u6309\u6469\u5ea7\u69051.webp\" alt=\"\" width=\"597\" height=\"527\" \/> <img loading=\"lazy\" decoding=\"async\" class=\"alignnone size-full wp-image-5008\" src=\"http:\/\/www.sumextech.com\/wp-content\/uploads\/2025\/09\/\u6309\u6469\u5ea7\u69054.webp\" alt=\"\" width=\"800\" height=\"800\" srcset=\"https:\/\/www.sumextech.com\/wp-content\/uploads\/2025\/09\/\u6309\u6469\u5ea7\u69054.webp 800w, https:\/\/www.sumextech.com\/wp-content\/uploads\/2025\/09\/\u6309\u6469\u5ea7\u69054-300x300.webp 300w\" sizes=\"auto, (max-width: 800px) 100vw, 800px\" \/><\/p>","protected":false},"excerpt":{"rendered":"<p>Mod\u00e8le : JC20<br \/>\nPuissance nominale : 36W<br \/>\nTension nominale : 12V<br \/>\nPoids brut : 4.98KGS<br \/>\nContr\u00f4le manuel intelligent<br \/>\nMassage avec p\u00e9trissage des \u00e9paules et de la nuque<br \/>\nMassage cibl\u00e9 du bas du dos<br \/>\nMassage vibrant des fesses<br \/>\nChauffage \u00e0 temp\u00e9rature constante pour les reins<br \/>\nCoussin de si\u00e8ge vibrant avec grand moteur \u00e9lectrique int\u00e9gr\u00e9 \u00e0 l'int\u00e9rieur,<br \/>\nHauteur r\u00e9glable 10cm<\/p>","protected":false},"featured_media":5007,"template":"","meta":[],"product_cat":[122],"product_tag":[],"product_brand":[],"class_list":["post-5006","product","type-product","status-publish","has-post-thumbnail","hentry","product_cat-massage-chair"],"yoast_head":"<!-- This site is optimized with the Yoast SEO plugin v26.3 - https:\/\/yoast.com\/wordpress\/plugins\/seo\/ -->\n<title>Massage Chair - Sumex Technology co.,ltd<\/title>\n<meta name=\"robots\" content=\"index, follow, max-snippet:-1, max-image-preview:large, max-video-preview:-1\" \/>\n<link rel=\"canonical\" href=\"https:\/\/www.sumextech.com\/fr\/produit\/massage-chair\/\" \/>\n<meta property=\"og:locale\" content=\"fr_FR\" \/>\n<meta property=\"og:type\" content=\"article\" \/>\n<meta property=\"og:title\" content=\"Massage Chair - Sumex Technology co.,ltd\" \/>\n<meta property=\"og:description\" content=\"Model: JC20 Rated Power: 36W Rated Voltage: 12V Gross Weight: 4.98KGS Intelligent manual control Shoulder and neck kneading massage Targeted massage for the lower back Vibrating massage for the buttocks Constant temperature heating for the kidneys Vibration seat cushion with large power motor integrated inside, Height Adjustable 10cm\" \/>\n<meta property=\"og:url\" content=\"https:\/\/www.sumextech.com\/fr\/produit\/massage-chair\/\" \/>\n<meta property=\"og:site_name\" content=\"Sumex Technology co.,ltd\" \/>\n<meta property=\"article:publisher\" content=\"https:\/\/www.facebook.com\/profile.php?id=61581317690491\" \/>\n<meta property=\"article:modified_time\" content=\"2025-09-19T03:22:48+00:00\" \/>\n<meta property=\"og:image\" content=\"https:\/\/www.sumextech.com\/wp-content\/uploads\/2025\/09\/\u6309\u6469\u5ea7\u69051.webp\" \/>\n\t<meta property=\"og:image:width\" content=\"597\" \/>\n\t<meta property=\"og:image:height\" content=\"527\" \/>\n\t<meta property=\"og:image:type\" content=\"image\/webp\" \/>\n<meta name=\"twitter:card\" content=\"summary_large_image\" \/>\n<script type=\"application\/ld+json\" class=\"yoast-schema-graph\">{\"@context\":\"https:\/\/schema.org\",\"@graph\":[{\"@type\":\"WebPage\",\"@id\":\"https:\/\/www.sumextech.com\/product\/massage-chair\/\",\"url\":\"https:\/\/www.sumextech.com\/product\/massage-chair\/\",\"name\":\"Massage Chair - Sumex Technology co.,ltd\",\"isPartOf\":{\"@id\":\"https:\/\/www.sumextech.com\/#website\"},\"primaryImageOfPage\":{\"@id\":\"https:\/\/www.sumextech.com\/product\/massage-chair\/#primaryimage\"},\"image\":{\"@id\":\"https:\/\/www.sumextech.com\/product\/massage-chair\/#primaryimage\"},\"thumbnailUrl\":\"https:\/\/www.sumextech.com\/wp-content\/uploads\/2025\/09\/\u6309\u6469\u5ea7\u69051.webp\",\"datePublished\":\"2025-09-19T02:12:15+00:00\",\"dateModified\":\"2025-09-19T03:22:48+00:00\",\"breadcrumb\":{\"@id\":\"https:\/\/www.sumextech.com\/product\/massage-chair\/#breadcrumb\"},\"inLanguage\":\"fr-FR\",\"potentialAction\":[{\"@type\":\"ReadAction\",\"target\":[\"https:\/\/www.sumextech.com\/product\/massage-chair\/\"]}]},{\"@type\":\"ImageObject\",\"inLanguage\":\"fr-FR\",\"@id\":\"https:\/\/www.sumextech.com\/product\/massage-chair\/#primaryimage\",\"url\":\"https:\/\/www.sumextech.com\/wp-content\/uploads\/2025\/09\/\u6309\u6469\u5ea7\u69051.webp\",\"contentUrl\":\"https:\/\/www.sumextech.com\/wp-content\/uploads\/2025\/09\/\u6309\u6469\u5ea7\u69051.webp\",\"width\":597,\"height\":527},{\"@type\":\"BreadcrumbList\",\"@id\":\"https:\/\/www.sumextech.com\/product\/massage-chair\/#breadcrumb\",\"itemListElement\":[{\"@type\":\"ListItem\",\"position\":1,\"name\":\"\u9996\u9875\",\"item\":\"https:\/\/www.sumextech.com\/\"},{\"@type\":\"ListItem\",\"position\":2,\"name\":\"Products\",\"item\":\"https:\/\/www.sumextech.com\/products\/\"},{\"@type\":\"ListItem\",\"position\":3,\"name\":\"Massage Chair\"}]},{\"@type\":\"WebSite\",\"@id\":\"https:\/\/www.sumextech.com\/#website\",\"url\":\"https:\/\/www.sumextech.com\/\",\"name\":\"Sumex Technology co.,ltd\",\"description\":\"Buy Wellness Body Massager, Beauty and Skin Care Products from China\",\"publisher\":{\"@id\":\"https:\/\/www.sumextech.com\/#organization\"},\"alternateName\":\"SumexTech Wellness Products\",\"potentialAction\":[{\"@type\":\"SearchAction\",\"target\":{\"@type\":\"EntryPoint\",\"urlTemplate\":\"https:\/\/www.sumextech.com\/?s={search_term_string}\"},\"query-input\":{\"@type\":\"PropertyValueSpecification\",\"valueRequired\":true,\"valueName\":\"search_term_string\"}}],\"inLanguage\":\"fr-FR\"},{\"@type\":\"Organization\",\"@id\":\"https:\/\/www.sumextech.com\/#organization\",\"name\":\"Sumex Technology co.,ltd\",\"alternateName\":\"SumexTech Wellness Products\",\"url\":\"https:\/\/www.sumextech.com\/\",\"logo\":{\"@type\":\"ImageObject\",\"inLanguage\":\"fr-FR\",\"@id\":\"https:\/\/www.sumextech.com\/#\/schema\/logo\/image\/\",\"url\":\"https:\/\/www.sumextech.com\/wp-content\/uploads\/2020\/06\/20250801141548_29.webp\",\"contentUrl\":\"https:\/\/www.sumextech.com\/wp-content\/uploads\/2020\/06\/20250801141548_29.webp\",\"width\":692,\"height\":218,\"caption\":\"Sumex Technology co.,ltd\"},\"image\":{\"@id\":\"https:\/\/www.sumextech.com\/#\/schema\/logo\/image\/\"},\"sameAs\":[\"https:\/\/www.facebook.com\/profile.php?id=61581317690491\",\"https:\/\/www.instagram.com\/sophiey668\/\"]}]}<\/script>\n<!-- \/ Yoast SEO plugin. -->","yoast_head_json":{"title":"Massage Chair - Sumex Technology co.,ltd","robots":{"index":"index","follow":"follow","max-snippet":"max-snippet:-1","max-image-preview":"max-image-preview:large","max-video-preview":"max-video-preview:-1"},"canonical":"https:\/\/www.sumextech.com\/fr\/produit\/massage-chair\/","og_locale":"fr_FR","og_type":"article","og_title":"Massage Chair - Sumex Technology co.,ltd","og_description":"Model: JC20 Rated Power: 36W Rated Voltage: 12V Gross Weight: 4.98KGS Intelligent manual control Shoulder and neck kneading massage Targeted massage for the lower back Vibrating massage for the buttocks Constant temperature heating for the kidneys Vibration seat cushion with large power motor integrated inside, Height Adjustable 10cm","og_url":"https:\/\/www.sumextech.com\/fr\/produit\/massage-chair\/","og_site_name":"Sumex Technology co.,ltd","article_publisher":"https:\/\/www.facebook.com\/profile.php?id=61581317690491","article_modified_time":"2025-09-19T03:22:48+00:00","og_image":[{"width":597,"height":527,"url":"https:\/\/www.sumextech.com\/wp-content\/uploads\/2025\/09\/\u6309\u6469\u5ea7\u69051.webp","type":"image\/webp"}],"twitter_card":"summary_large_image","schema":{"@context":"https:\/\/schema.org","@graph":[{"@type":"WebPage","@id":"https:\/\/www.sumextech.com\/product\/massage-chair\/","url":"https:\/\/www.sumextech.com\/product\/massage-chair\/","name":"Massage Chair - Sumex Technology co.,ltd","isPartOf":{"@id":"https:\/\/www.sumextech.com\/#website"},"primaryImageOfPage":{"@id":"https:\/\/www.sumextech.com\/product\/massage-chair\/#primaryimage"},"image":{"@id":"https:\/\/www.sumextech.com\/product\/massage-chair\/#primaryimage"},"thumbnailUrl":"https:\/\/www.sumextech.com\/wp-content\/uploads\/2025\/09\/\u6309\u6469\u5ea7\u69051.webp","datePublished":"2025-09-19T02:12:15+00:00","dateModified":"2025-09-19T03:22:48+00:00","breadcrumb":{"@id":"https:\/\/www.sumextech.com\/product\/massage-chair\/#breadcrumb"},"inLanguage":"fr-FR","potentialAction":[{"@type":"ReadAction","target":["https:\/\/www.sumextech.com\/product\/massage-chair\/"]}]},{"@type":"ImageObject","inLanguage":"fr-FR","@id":"https:\/\/www.sumextech.com\/product\/massage-chair\/#primaryimage","url":"https:\/\/www.sumextech.com\/wp-content\/uploads\/2025\/09\/\u6309\u6469\u5ea7\u69051.webp","contentUrl":"https:\/\/www.sumextech.com\/wp-content\/uploads\/2025\/09\/\u6309\u6469\u5ea7\u69051.webp","width":597,"height":527},{"@type":"BreadcrumbList","@id":"https:\/\/www.sumextech.com\/product\/massage-chair\/#breadcrumb","itemListElement":[{"@type":"ListItem","position":1,"name":"\u9996\u9875","item":"https:\/\/www.sumextech.com\/"},{"@type":"ListItem","position":2,"name":"Products","item":"https:\/\/www.sumextech.com\/products\/"},{"@type":"ListItem","position":3,"name":"Massage Chair"}]},{"@type":"WebSite","@id":"https:\/\/www.sumextech.com\/#website","url":"https:\/\/www.sumextech.com\/","name":"Sumex Technology co.,ltd","description":"Acheter un masseur corporel Wellness, des produits de beaut\u00e9 et de soins de la peau de Chine","publisher":{"@id":"https:\/\/www.sumextech.com\/#organization"},"alternateName":"SumexTech Wellness Products","potentialAction":[{"@type":"SearchAction","target":{"@type":"EntryPoint","urlTemplate":"https:\/\/www.sumextech.com\/?s={search_term_string}"},"query-input":{"@type":"PropertyValueSpecification","valueRequired":true,"valueName":"search_term_string"}}],"inLanguage":"fr-FR"},{"@type":"Organization","@id":"https:\/\/www.sumextech.com\/#organization","name":"Sumex Technology co.,ltd","alternateName":"SumexTech Wellness Products","url":"https:\/\/www.sumextech.com\/","logo":{"@type":"ImageObject","inLanguage":"fr-FR","@id":"https:\/\/www.sumextech.com\/#\/schema\/logo\/image\/","url":"https:\/\/www.sumextech.com\/wp-content\/uploads\/2020\/06\/20250801141548_29.webp","contentUrl":"https:\/\/www.sumextech.com\/wp-content\/uploads\/2020\/06\/20250801141548_29.webp","width":692,"height":218,"caption":"Sumex Technology co.,ltd"},"image":{"@id":"https:\/\/www.sumextech.com\/#\/schema\/logo\/image\/"},"sameAs":["https:\/\/www.facebook.com\/profile.php?id=61581317690491","https:\/\/www.instagram.com\/sophiey668\/"]}]}},"_links":{"self":[{"href":"https:\/\/www.sumextech.com\/fr\/wp-json\/wp\/v2\/product\/5006","targetHints":{"allow":["GET"]}}],"collection":[{"href":"https:\/\/www.sumextech.com\/fr\/wp-json\/wp\/v2\/product"}],"about":[{"href":"https:\/\/www.sumextech.com\/fr\/wp-json\/wp\/v2\/types\/product"}],"wp:featuredmedia":[{"embeddable":true,"href":"https:\/\/www.sumextech.com\/fr\/wp-json\/wp\/v2\/media\/5007"}],"wp:attachment":[{"href":"https:\/\/www.sumextech.com\/fr\/wp-json\/wp\/v2\/media?parent=5006"}],"wp:term":[{"taxonomy":"product_cat","embeddable":true,"href":"https:\/\/www.sumextech.com\/fr\/wp-json\/wp\/v2\/product_cat?post=5006"},{"taxonomy":"product_tag","embeddable":true,"href":"https:\/\/www.sumextech.com\/fr\/wp-json\/wp\/v2\/product_tag?post=5006"},{"taxonomy":"product_brand","embeddable":true,"href":"https:\/\/www.sumextech.com\/fr\/wp-json\/wp\/v2\/product_brand?post=5006"}],"curies":[{"name":"wp","href":"https:\/\/api.w.org\/{rel}","templated":true}]}}