{"id":4849,"date":"2025-08-01T07:36:37","date_gmt":"2025-08-01T07:36:37","guid":{"rendered":"http:\/\/www.sumextech.com\/?post_type=product&#038;p=4849"},"modified":"2025-08-01T07:36:38","modified_gmt":"2025-08-01T07:36:38","slug":"red-light-therapy-mask","status":"publish","type":"product","link":"https:\/\/www.sumextech.com\/fr\/product\/red-light-therapy-mask\/","title":{"rendered":"Masque de luminoth\u00e9rapie rouge"},"content":{"rendered":"<p><img loading=\"lazy\" decoding=\"async\" class=\"alignnone size-full wp-image-4854\" src=\"http:\/\/www.sumextech.com\/wp-content\/uploads\/2025\/08\/1-2_.webp\" alt=\"\" width=\"790\" height=\"1072\" srcset=\"https:\/\/www.sumextech.com\/wp-content\/uploads\/2025\/08\/1-2_.webp 790w, https:\/\/www.sumextech.com\/wp-content\/uploads\/2025\/08\/1-2_-221x300.webp 221w\" sizes=\"auto, (max-width: 790px) 100vw, 790px\" \/> <img loading=\"lazy\" decoding=\"async\" class=\"alignnone size-full wp-image-4855\" src=\"http:\/\/www.sumextech.com\/wp-content\/uploads\/2025\/08\/1-3-1.webp\" alt=\"\" width=\"790\" height=\"908\" srcset=\"https:\/\/www.sumextech.com\/wp-content\/uploads\/2025\/08\/1-3-1.webp 790w, https:\/\/www.sumextech.com\/wp-content\/uploads\/2025\/08\/1-3-1-261x300.webp 261w\" sizes=\"auto, (max-width: 790px) 100vw, 790px\" \/> <img loading=\"lazy\" decoding=\"async\" class=\"alignnone size-full wp-image-4856\" src=\"http:\/\/www.sumextech.com\/wp-content\/uploads\/2025\/08\/1-4-3.webp\" alt=\"\" width=\"790\" height=\"925\" srcset=\"https:\/\/www.sumextech.com\/wp-content\/uploads\/2025\/08\/1-4-3.webp 790w, https:\/\/www.sumextech.com\/wp-content\/uploads\/2025\/08\/1-4-3-256x300.webp 256w\" sizes=\"auto, (max-width: 790px) 100vw, 790px\" \/> <img loading=\"lazy\" decoding=\"async\" class=\"alignnone size-full wp-image-4857\" src=\"http:\/\/www.sumextech.com\/wp-content\/uploads\/2025\/08\/1-5-2.webp\" alt=\"\" width=\"790\" height=\"1179\" srcset=\"https:\/\/www.sumextech.com\/wp-content\/uploads\/2025\/08\/1-5-2.webp 790w, https:\/\/www.sumextech.com\/wp-content\/uploads\/2025\/08\/1-5-2-201x300.webp 201w\" sizes=\"auto, (max-width: 790px) 100vw, 790px\" \/> <img loading=\"lazy\" decoding=\"async\" class=\"alignnone size-full wp-image-4858\" src=\"http:\/\/www.sumextech.com\/wp-content\/uploads\/2025\/08\/1-6-2.webp\" alt=\"\" width=\"790\" height=\"1276\" srcset=\"https:\/\/www.sumextech.com\/wp-content\/uploads\/2025\/08\/1-6-2.webp 790w, https:\/\/www.sumextech.com\/wp-content\/uploads\/2025\/08\/1-6-2-186x300.webp 186w\" sizes=\"auto, (max-width: 790px) 100vw, 790px\" \/><\/p>","protected":false},"excerpt":{"rendered":"<p>\u3010Experience Advanced Red Light Therapy for Face\u3011Indulgez-vous dans le pouvoir de transformation de notre masque de th\u00e9rapie \u00e0 la lumi\u00e8re rouge de qualit\u00e9 clinique. La synth\u00e8se du collag\u00e8ne augmentant, votre peau devient plus ferme et les ridules commencent \u00e0 s'estomper. L'am\u00e9lioration de la circulation sanguine nourrit \u00e9galement les cellules de la peau.<br \/>\n\u301088 LED Beads &amp; Deep Repair\u3011Ce masque th\u00e9rapeutique \u00e0 LED comporte 88 billes lumineuses de haute qualit\u00e9, qui augmentent l'effet d'agr\u00e9gation des ondes lumineuses et l'efficacit\u00e9 \u00e9nerg\u00e9tique, contribuant ainsi \u00e0 am\u00e9liorer l'\u00e9tat de la peau de l'ensemble du visage.<br \/>\n\u3010With Neck Device &amp;Convenient Efficient\u3011Engineered for seamless compatibility, this neck attachment pairs with our light therapy mask in a snap. Avec un temps de charge rapide de 40 minutes et une autonomie impressionnante de 90 minutes.<br \/>\n\u3010No Power Wire &amp; Safe Design\u3011Cet instrument de soin de la peau photon rechargeable utilise la derni\u00e8re batterie rechargeable \u00e0 haute capacit\u00e9. Vous pouvez vous d\u00e9tendre et profiter de vos s\u00e9ances de th\u00e9rapie par lumi\u00e8re infrarouge sans aucune g\u00eane.<\/p>","protected":false},"featured_media":4850,"template":"","meta":[],"product_cat":[110],"product_tag":[],"product_brand":[],"class_list":["post-4849","product","type-product","status-publish","has-post-thumbnail","hentry","product_cat-red-light-therapy-mask"],"yoast_head":"<!-- This site is optimized with the Yoast SEO plugin v26.3 - https:\/\/yoast.com\/wordpress\/plugins\/seo\/ -->\n<title>Red Light Therapy Mask - Sumex Technology co.,ltd<\/title>\n<meta name=\"robots\" content=\"index, follow, max-snippet:-1, max-image-preview:large, max-video-preview:-1\" \/>\n<link rel=\"canonical\" href=\"https:\/\/www.sumextech.com\/fr\/produit\/red-light-therapy-mask\/\" \/>\n<meta property=\"og:locale\" content=\"fr_FR\" \/>\n<meta property=\"og:type\" content=\"article\" \/>\n<meta property=\"og:title\" content=\"Red Light Therapy Mask - Sumex Technology co.,ltd\" \/>\n<meta property=\"og:description\" content=\"\u3010Experience Advanced Red Light Therapy for Face\u3011Indulge in the transformative power of our clinical - grade red light therapy mask. As collagen synthesis increases, your skin becomes firmer, and fine lines start to fade. The enhanced blood circulation also nourishes skin cells. \u301088 LED Beads &amp; Deep Repair\u3011This LED face mask therapy features 88 high-quality light beads, which increases the light wave aggregation effect and the energy efficiency, helping to improve the skin condition of the entire face. \u3010With Neck Device &amp;Convenient Efficient\u3011Engineered for seamless compatibility, this neck attachment pairs with our light therapy mask in a snap. With a rapid 40-minute charging time and an impressive 90-minute battery life. \u3010No Power Wire &amp; Safe Design\u3011This rechargeable photon skin care instrument use the latest rechargeable high-capacity battery you can relax and enjoy your infrared light therapy sessions without any discomfort.\" \/>\n<meta property=\"og:url\" content=\"https:\/\/www.sumextech.com\/fr\/produit\/red-light-therapy-mask\/\" \/>\n<meta property=\"og:site_name\" content=\"Sumex Technology co.,ltd\" \/>\n<meta property=\"article:publisher\" content=\"https:\/\/www.facebook.com\/profile.php?id=61581317690491\" \/>\n<meta property=\"article:modified_time\" content=\"2025-08-01T07:36:38+00:00\" \/>\n<meta property=\"og:image\" content=\"https:\/\/www.sumextech.com\/wp-content\/uploads\/2025\/08\/1-1-5.webp\" \/>\n\t<meta property=\"og:image:width\" content=\"800\" \/>\n\t<meta property=\"og:image:height\" content=\"800\" \/>\n\t<meta property=\"og:image:type\" content=\"image\/webp\" \/>\n<meta name=\"twitter:card\" content=\"summary_large_image\" \/>\n<script type=\"application\/ld+json\" class=\"yoast-schema-graph\">{\"@context\":\"https:\/\/schema.org\",\"@graph\":[{\"@type\":\"WebPage\",\"@id\":\"https:\/\/www.sumextech.com\/product\/red-light-therapy-mask\/\",\"url\":\"https:\/\/www.sumextech.com\/product\/red-light-therapy-mask\/\",\"name\":\"Red Light Therapy Mask - Sumex Technology co.,ltd\",\"isPartOf\":{\"@id\":\"https:\/\/www.sumextech.com\/#website\"},\"primaryImageOfPage\":{\"@id\":\"https:\/\/www.sumextech.com\/product\/red-light-therapy-mask\/#primaryimage\"},\"image\":{\"@id\":\"https:\/\/www.sumextech.com\/product\/red-light-therapy-mask\/#primaryimage\"},\"thumbnailUrl\":\"https:\/\/www.sumextech.com\/wp-content\/uploads\/2025\/08\/1-1-5.webp\",\"datePublished\":\"2025-08-01T07:36:37+00:00\",\"dateModified\":\"2025-08-01T07:36:38+00:00\",\"breadcrumb\":{\"@id\":\"https:\/\/www.sumextech.com\/product\/red-light-therapy-mask\/#breadcrumb\"},\"inLanguage\":\"fr-FR\",\"potentialAction\":[{\"@type\":\"ReadAction\",\"target\":[\"https:\/\/www.sumextech.com\/product\/red-light-therapy-mask\/\"]}]},{\"@type\":\"ImageObject\",\"inLanguage\":\"fr-FR\",\"@id\":\"https:\/\/www.sumextech.com\/product\/red-light-therapy-mask\/#primaryimage\",\"url\":\"https:\/\/www.sumextech.com\/wp-content\/uploads\/2025\/08\/1-1-5.webp\",\"contentUrl\":\"https:\/\/www.sumextech.com\/wp-content\/uploads\/2025\/08\/1-1-5.webp\",\"width\":800,\"height\":800},{\"@type\":\"BreadcrumbList\",\"@id\":\"https:\/\/www.sumextech.com\/product\/red-light-therapy-mask\/#breadcrumb\",\"itemListElement\":[{\"@type\":\"ListItem\",\"position\":1,\"name\":\"\u9996\u9875\",\"item\":\"https:\/\/www.sumextech.com\/\"},{\"@type\":\"ListItem\",\"position\":2,\"name\":\"Products\",\"item\":\"https:\/\/www.sumextech.com\/products\/\"},{\"@type\":\"ListItem\",\"position\":3,\"name\":\"Red Light Therapy Mask\"}]},{\"@type\":\"WebSite\",\"@id\":\"https:\/\/www.sumextech.com\/#website\",\"url\":\"https:\/\/www.sumextech.com\/\",\"name\":\"Sumex Technology co.,ltd\",\"description\":\"Buy Wellness Body Massager, Beauty and Skin Care Products from China\",\"publisher\":{\"@id\":\"https:\/\/www.sumextech.com\/#organization\"},\"alternateName\":\"SumexTech Wellness Products\",\"potentialAction\":[{\"@type\":\"SearchAction\",\"target\":{\"@type\":\"EntryPoint\",\"urlTemplate\":\"https:\/\/www.sumextech.com\/?s={search_term_string}\"},\"query-input\":{\"@type\":\"PropertyValueSpecification\",\"valueRequired\":true,\"valueName\":\"search_term_string\"}}],\"inLanguage\":\"fr-FR\"},{\"@type\":\"Organization\",\"@id\":\"https:\/\/www.sumextech.com\/#organization\",\"name\":\"Sumex Technology co.,ltd\",\"alternateName\":\"SumexTech Wellness Products\",\"url\":\"https:\/\/www.sumextech.com\/\",\"logo\":{\"@type\":\"ImageObject\",\"inLanguage\":\"fr-FR\",\"@id\":\"https:\/\/www.sumextech.com\/#\/schema\/logo\/image\/\",\"url\":\"https:\/\/www.sumextech.com\/wp-content\/uploads\/2020\/06\/20250801141548_29.webp\",\"contentUrl\":\"https:\/\/www.sumextech.com\/wp-content\/uploads\/2020\/06\/20250801141548_29.webp\",\"width\":692,\"height\":218,\"caption\":\"Sumex Technology co.,ltd\"},\"image\":{\"@id\":\"https:\/\/www.sumextech.com\/#\/schema\/logo\/image\/\"},\"sameAs\":[\"https:\/\/www.facebook.com\/profile.php?id=61581317690491\",\"https:\/\/www.instagram.com\/sophiey668\/\"]}]}<\/script>\n<!-- \/ Yoast SEO plugin. -->","yoast_head_json":{"title":"Red Light Therapy Mask - Sumex Technology co.,ltd","robots":{"index":"index","follow":"follow","max-snippet":"max-snippet:-1","max-image-preview":"max-image-preview:large","max-video-preview":"max-video-preview:-1"},"canonical":"https:\/\/www.sumextech.com\/fr\/produit\/red-light-therapy-mask\/","og_locale":"fr_FR","og_type":"article","og_title":"Red Light Therapy Mask - Sumex Technology co.,ltd","og_description":"\u3010Experience Advanced Red Light Therapy for Face\u3011Indulge in the transformative power of our clinical - grade red light therapy mask. As collagen synthesis increases, your skin becomes firmer, and fine lines start to fade. The enhanced blood circulation also nourishes skin cells. \u301088 LED Beads &amp; Deep Repair\u3011This LED face mask therapy features 88 high-quality light beads, which increases the light wave aggregation effect and the energy efficiency, helping to improve the skin condition of the entire face. \u3010With Neck Device &amp;Convenient Efficient\u3011Engineered for seamless compatibility, this neck attachment pairs with our light therapy mask in a snap. With a rapid 40-minute charging time and an impressive 90-minute battery life. \u3010No Power Wire &amp; Safe Design\u3011This rechargeable photon skin care instrument use the latest rechargeable high-capacity battery you can relax and enjoy your infrared light therapy sessions without any discomfort.","og_url":"https:\/\/www.sumextech.com\/fr\/produit\/red-light-therapy-mask\/","og_site_name":"Sumex Technology co.,ltd","article_publisher":"https:\/\/www.facebook.com\/profile.php?id=61581317690491","article_modified_time":"2025-08-01T07:36:38+00:00","og_image":[{"width":800,"height":800,"url":"https:\/\/www.sumextech.com\/wp-content\/uploads\/2025\/08\/1-1-5.webp","type":"image\/webp"}],"twitter_card":"summary_large_image","schema":{"@context":"https:\/\/schema.org","@graph":[{"@type":"WebPage","@id":"https:\/\/www.sumextech.com\/product\/red-light-therapy-mask\/","url":"https:\/\/www.sumextech.com\/product\/red-light-therapy-mask\/","name":"Red Light Therapy Mask - Sumex Technology co.,ltd","isPartOf":{"@id":"https:\/\/www.sumextech.com\/#website"},"primaryImageOfPage":{"@id":"https:\/\/www.sumextech.com\/product\/red-light-therapy-mask\/#primaryimage"},"image":{"@id":"https:\/\/www.sumextech.com\/product\/red-light-therapy-mask\/#primaryimage"},"thumbnailUrl":"https:\/\/www.sumextech.com\/wp-content\/uploads\/2025\/08\/1-1-5.webp","datePublished":"2025-08-01T07:36:37+00:00","dateModified":"2025-08-01T07:36:38+00:00","breadcrumb":{"@id":"https:\/\/www.sumextech.com\/product\/red-light-therapy-mask\/#breadcrumb"},"inLanguage":"fr-FR","potentialAction":[{"@type":"ReadAction","target":["https:\/\/www.sumextech.com\/product\/red-light-therapy-mask\/"]}]},{"@type":"ImageObject","inLanguage":"fr-FR","@id":"https:\/\/www.sumextech.com\/product\/red-light-therapy-mask\/#primaryimage","url":"https:\/\/www.sumextech.com\/wp-content\/uploads\/2025\/08\/1-1-5.webp","contentUrl":"https:\/\/www.sumextech.com\/wp-content\/uploads\/2025\/08\/1-1-5.webp","width":800,"height":800},{"@type":"BreadcrumbList","@id":"https:\/\/www.sumextech.com\/product\/red-light-therapy-mask\/#breadcrumb","itemListElement":[{"@type":"ListItem","position":1,"name":"\u9996\u9875","item":"https:\/\/www.sumextech.com\/"},{"@type":"ListItem","position":2,"name":"Products","item":"https:\/\/www.sumextech.com\/products\/"},{"@type":"ListItem","position":3,"name":"Red Light Therapy Mask"}]},{"@type":"WebSite","@id":"https:\/\/www.sumextech.com\/#website","url":"https:\/\/www.sumextech.com\/","name":"Sumex Technology co.,ltd","description":"Acheter un masseur corporel Wellness, des produits de beaut\u00e9 et de soins de la peau de Chine","publisher":{"@id":"https:\/\/www.sumextech.com\/#organization"},"alternateName":"SumexTech Wellness Products","potentialAction":[{"@type":"SearchAction","target":{"@type":"EntryPoint","urlTemplate":"https:\/\/www.sumextech.com\/?s={search_term_string}"},"query-input":{"@type":"PropertyValueSpecification","valueRequired":true,"valueName":"search_term_string"}}],"inLanguage":"fr-FR"},{"@type":"Organization","@id":"https:\/\/www.sumextech.com\/#organization","name":"Sumex Technology co.,ltd","alternateName":"SumexTech Wellness Products","url":"https:\/\/www.sumextech.com\/","logo":{"@type":"ImageObject","inLanguage":"fr-FR","@id":"https:\/\/www.sumextech.com\/#\/schema\/logo\/image\/","url":"https:\/\/www.sumextech.com\/wp-content\/uploads\/2020\/06\/20250801141548_29.webp","contentUrl":"https:\/\/www.sumextech.com\/wp-content\/uploads\/2020\/06\/20250801141548_29.webp","width":692,"height":218,"caption":"Sumex Technology co.,ltd"},"image":{"@id":"https:\/\/www.sumextech.com\/#\/schema\/logo\/image\/"},"sameAs":["https:\/\/www.facebook.com\/profile.php?id=61581317690491","https:\/\/www.instagram.com\/sophiey668\/"]}]}},"_links":{"self":[{"href":"https:\/\/www.sumextech.com\/fr\/wp-json\/wp\/v2\/product\/4849","targetHints":{"allow":["GET"]}}],"collection":[{"href":"https:\/\/www.sumextech.com\/fr\/wp-json\/wp\/v2\/product"}],"about":[{"href":"https:\/\/www.sumextech.com\/fr\/wp-json\/wp\/v2\/types\/product"}],"wp:featuredmedia":[{"embeddable":true,"href":"https:\/\/www.sumextech.com\/fr\/wp-json\/wp\/v2\/media\/4850"}],"wp:attachment":[{"href":"https:\/\/www.sumextech.com\/fr\/wp-json\/wp\/v2\/media?parent=4849"}],"wp:term":[{"taxonomy":"product_cat","embeddable":true,"href":"https:\/\/www.sumextech.com\/fr\/wp-json\/wp\/v2\/product_cat?post=4849"},{"taxonomy":"product_tag","embeddable":true,"href":"https:\/\/www.sumextech.com\/fr\/wp-json\/wp\/v2\/product_tag?post=4849"},{"taxonomy":"product_brand","embeddable":true,"href":"https:\/\/www.sumextech.com\/fr\/wp-json\/wp\/v2\/product_brand?post=4849"}],"curies":[{"name":"wp","href":"https:\/\/api.w.org\/{rel}","templated":true}]}}