{"id":4840,"date":"2025-08-01T07:35:22","date_gmt":"2025-08-01T07:35:22","guid":{"rendered":"http:\/\/www.sumextech.com\/?post_type=product&#038;p=4840"},"modified":"2025-08-01T07:35:22","modified_gmt":"2025-08-01T07:35:22","slug":"massage-belt","status":"publish","type":"product","link":"https:\/\/www.sumextech.com\/fr\/product\/massage-belt\/","title":{"rendered":"Ceinture de massage"},"content":{"rendered":"<p><img loading=\"lazy\" decoding=\"async\" class=\"alignnone size-full wp-image-4846\" src=\"http:\/\/www.sumextech.com\/wp-content\/uploads\/2025\/08\/1.5-6.webp\" alt=\"\" width=\"790\" height=\"1378\" srcset=\"https:\/\/www.sumextech.com\/wp-content\/uploads\/2025\/08\/1.5-6.webp 790w, https:\/\/www.sumextech.com\/wp-content\/uploads\/2025\/08\/1.5-6-172x300.webp 172w\" sizes=\"auto, (max-width: 790px) 100vw, 790px\" \/> <img loading=\"lazy\" decoding=\"async\" class=\"alignnone size-full wp-image-4847\" src=\"http:\/\/www.sumextech.com\/wp-content\/uploads\/2025\/08\/1.8-2.webp\" alt=\"\" width=\"790\" height=\"1044\" srcset=\"https:\/\/www.sumextech.com\/wp-content\/uploads\/2025\/08\/1.8-2.webp 790w, https:\/\/www.sumextech.com\/wp-content\/uploads\/2025\/08\/1.8-2-227x300.webp 227w\" sizes=\"auto, (max-width: 790px) 100vw, 790px\" \/> <img loading=\"lazy\" decoding=\"async\" class=\"alignnone size-full wp-image-4848\" src=\"http:\/\/www.sumextech.com\/wp-content\/uploads\/2025\/08\/1.9-1.webp\" alt=\"\" width=\"790\" height=\"1119\" srcset=\"https:\/\/www.sumextech.com\/wp-content\/uploads\/2025\/08\/1.9-1.webp 790w, https:\/\/www.sumextech.com\/wp-content\/uploads\/2025\/08\/1.9-1-212x300.webp 212w\" sizes=\"auto, (max-width: 790px) 100vw, 790px\" \/><\/p>","protected":false},"excerpt":{"rendered":"<p>3 modes r\u00e9glables et une longue dur\u00e9e de vie des piles : Ce coussin chauffant portable offre 5 niveaux de chaleur et 3 r\u00e9glages d'intensit\u00e9 de vibration, qui peuvent \u00eatre utilis\u00e9s ensemble ou s\u00e9par\u00e9ment. Les plages de temp\u00e9rature vont de 104\u2109 \u00e0 140\u2109.<br \/>\n\u00c9quip\u00e9 de 2 moteurs puissants, le masseur dorsal permet de personnaliser l'intensit\u00e9 du massage et d'obtenir 3 niveaux de vibration. Aliment\u00e9 par une batterie rechargeable de 1100mAh,<br \/>\nConception portable et commandes faciles : Enti\u00e8rement sans fil et facile \u00e0 transporter, il suffit d'appuyer longuement sur le bouton d'alimentation lat\u00e9ral pour allumer ou \u00e9teindre l'appareil. Une fois activ\u00e9, l'\u00e9cran \u00e9clair\u00e9 vous permet de r\u00e9gler facilement la temp\u00e9rature et les param\u00e8tres de massage en appuyant sur les boutons correspondants.<br \/>\nTissu respirant et accessoires : Fabriqu\u00e9e en tissu l\u00e9ger et respirant, cette ceinture chauffante est souple, flexible et offre une excellente isolation.<br \/>\nCeinture chauffante polyvalente : Cette ceinture chauffante polyvalente et portable peut \u00eatre utilis\u00e9e sur la taille, les \u00e9paules, l'abdomen, le dos, les jambes et les genoux. Elle aide \u00e0 soulager les tensions musculaires. En outre, elle fonctionne parfaitement comme coussin chauffant sans fil pour soulager les douleurs menstruelles, en fournissant une chaleur apaisante pendant les p\u00e9riodes sp\u00e9ciales pour les femmes.<\/p>","protected":false},"featured_media":4841,"template":"","meta":[],"product_cat":[108],"product_tag":[],"product_brand":[],"class_list":["post-4840","product","type-product","status-publish","has-post-thumbnail","hentry","product_cat-masssage-belt"],"yoast_head":"<!-- This site is optimized with the Yoast SEO plugin v26.3 - https:\/\/yoast.com\/wordpress\/plugins\/seo\/ -->\n<title>Massage Belt - Sumex Technology co.,ltd<\/title>\n<meta name=\"robots\" content=\"index, follow, max-snippet:-1, max-image-preview:large, max-video-preview:-1\" \/>\n<link rel=\"canonical\" href=\"https:\/\/www.sumextech.com\/fr\/produit\/massage-belt\/\" \/>\n<meta property=\"og:locale\" content=\"fr_FR\" \/>\n<meta property=\"og:type\" content=\"article\" \/>\n<meta property=\"og:title\" content=\"Massage Belt - Sumex Technology co.,ltd\" \/>\n<meta property=\"og:description\" content=\"3 Adjustable Modes &amp; Long Battery Life: This portable heating pad offers 5 heat levels and 3 vibration intensity settings, which can be used together or separately. Temperature ranges from 104\u2109 to 140\u2109. Equipped with 2 powerful motors, the back massager allows for customizable massage intensity and 3 vibration levels. Powered by a 1100mAh rechargeable battery, Portable Design &amp; Easy Controls: Completely cordless and easy to carry, Simply long-press the side power button to turn the device on or off. Once activated, the illuminated screen allows you to easily adjust the temperature and massage settings by tapping the respective buttons. Breathable Fabric &amp; Accessories: Made from lightweight, breathable fabric, this heating belt is soft, flexible, and provides excellent insulation. Multi-Purpose Heating Belt: This versatile, portable heating belt can be used on the waist, shoulders, abdomen, back, legs, and knees. It helps relieve muscle tension, Additionally, it works great as a cordless heating pad for menstrual pain relief, providing soothing warmth during special times for women.\" \/>\n<meta property=\"og:url\" content=\"https:\/\/www.sumextech.com\/fr\/produit\/massage-belt\/\" \/>\n<meta property=\"og:site_name\" content=\"Sumex Technology co.,ltd\" \/>\n<meta property=\"article:publisher\" content=\"https:\/\/www.facebook.com\/profile.php?id=61581317690491\" \/>\n<meta property=\"og:image\" content=\"https:\/\/www.sumextech.com\/wp-content\/uploads\/2025\/08\/1.1-7.webp\" \/>\n\t<meta property=\"og:image:width\" content=\"800\" \/>\n\t<meta property=\"og:image:height\" content=\"800\" \/>\n\t<meta property=\"og:image:type\" content=\"image\/webp\" \/>\n<meta name=\"twitter:card\" content=\"summary_large_image\" \/>\n<script type=\"application\/ld+json\" class=\"yoast-schema-graph\">{\"@context\":\"https:\/\/schema.org\",\"@graph\":[{\"@type\":\"WebPage\",\"@id\":\"https:\/\/www.sumextech.com\/product\/massage-belt\/\",\"url\":\"https:\/\/www.sumextech.com\/product\/massage-belt\/\",\"name\":\"Massage Belt - Sumex Technology co.,ltd\",\"isPartOf\":{\"@id\":\"https:\/\/www.sumextech.com\/#website\"},\"primaryImageOfPage\":{\"@id\":\"https:\/\/www.sumextech.com\/product\/massage-belt\/#primaryimage\"},\"image\":{\"@id\":\"https:\/\/www.sumextech.com\/product\/massage-belt\/#primaryimage\"},\"thumbnailUrl\":\"https:\/\/www.sumextech.com\/wp-content\/uploads\/2025\/08\/1.1-7.webp\",\"datePublished\":\"2025-08-01T07:35:22+00:00\",\"breadcrumb\":{\"@id\":\"https:\/\/www.sumextech.com\/product\/massage-belt\/#breadcrumb\"},\"inLanguage\":\"fr-FR\",\"potentialAction\":[{\"@type\":\"ReadAction\",\"target\":[\"https:\/\/www.sumextech.com\/product\/massage-belt\/\"]}]},{\"@type\":\"ImageObject\",\"inLanguage\":\"fr-FR\",\"@id\":\"https:\/\/www.sumextech.com\/product\/massage-belt\/#primaryimage\",\"url\":\"https:\/\/www.sumextech.com\/wp-content\/uploads\/2025\/08\/1.1-7.webp\",\"contentUrl\":\"https:\/\/www.sumextech.com\/wp-content\/uploads\/2025\/08\/1.1-7.webp\",\"width\":800,\"height\":800},{\"@type\":\"BreadcrumbList\",\"@id\":\"https:\/\/www.sumextech.com\/product\/massage-belt\/#breadcrumb\",\"itemListElement\":[{\"@type\":\"ListItem\",\"position\":1,\"name\":\"\u9996\u9875\",\"item\":\"https:\/\/www.sumextech.com\/\"},{\"@type\":\"ListItem\",\"position\":2,\"name\":\"Products\",\"item\":\"https:\/\/www.sumextech.com\/products\/\"},{\"@type\":\"ListItem\",\"position\":3,\"name\":\"Massage Belt\"}]},{\"@type\":\"WebSite\",\"@id\":\"https:\/\/www.sumextech.com\/#website\",\"url\":\"https:\/\/www.sumextech.com\/\",\"name\":\"Sumex Technology co.,ltd\",\"description\":\"Buy Wellness Body Massager, Beauty and Skin Care Products from China\",\"publisher\":{\"@id\":\"https:\/\/www.sumextech.com\/#organization\"},\"alternateName\":\"SumexTech Wellness Products\",\"potentialAction\":[{\"@type\":\"SearchAction\",\"target\":{\"@type\":\"EntryPoint\",\"urlTemplate\":\"https:\/\/www.sumextech.com\/?s={search_term_string}\"},\"query-input\":{\"@type\":\"PropertyValueSpecification\",\"valueRequired\":true,\"valueName\":\"search_term_string\"}}],\"inLanguage\":\"fr-FR\"},{\"@type\":\"Organization\",\"@id\":\"https:\/\/www.sumextech.com\/#organization\",\"name\":\"Sumex Technology co.,ltd\",\"alternateName\":\"SumexTech Wellness Products\",\"url\":\"https:\/\/www.sumextech.com\/\",\"logo\":{\"@type\":\"ImageObject\",\"inLanguage\":\"fr-FR\",\"@id\":\"https:\/\/www.sumextech.com\/#\/schema\/logo\/image\/\",\"url\":\"https:\/\/www.sumextech.com\/wp-content\/uploads\/2020\/06\/20250801141548_29.webp\",\"contentUrl\":\"https:\/\/www.sumextech.com\/wp-content\/uploads\/2020\/06\/20250801141548_29.webp\",\"width\":692,\"height\":218,\"caption\":\"Sumex Technology co.,ltd\"},\"image\":{\"@id\":\"https:\/\/www.sumextech.com\/#\/schema\/logo\/image\/\"},\"sameAs\":[\"https:\/\/www.facebook.com\/profile.php?id=61581317690491\",\"https:\/\/www.instagram.com\/sophiey668\/\"]}]}<\/script>\n<!-- \/ Yoast SEO plugin. -->","yoast_head_json":{"title":"Massage Belt - Sumex Technology co.,ltd","robots":{"index":"index","follow":"follow","max-snippet":"max-snippet:-1","max-image-preview":"max-image-preview:large","max-video-preview":"max-video-preview:-1"},"canonical":"https:\/\/www.sumextech.com\/fr\/produit\/massage-belt\/","og_locale":"fr_FR","og_type":"article","og_title":"Massage Belt - Sumex Technology co.,ltd","og_description":"3 Adjustable Modes &amp; Long Battery Life: This portable heating pad offers 5 heat levels and 3 vibration intensity settings, which can be used together or separately. Temperature ranges from 104\u2109 to 140\u2109. Equipped with 2 powerful motors, the back massager allows for customizable massage intensity and 3 vibration levels. Powered by a 1100mAh rechargeable battery, Portable Design &amp; Easy Controls: Completely cordless and easy to carry, Simply long-press the side power button to turn the device on or off. Once activated, the illuminated screen allows you to easily adjust the temperature and massage settings by tapping the respective buttons. Breathable Fabric &amp; Accessories: Made from lightweight, breathable fabric, this heating belt is soft, flexible, and provides excellent insulation. Multi-Purpose Heating Belt: This versatile, portable heating belt can be used on the waist, shoulders, abdomen, back, legs, and knees. It helps relieve muscle tension, Additionally, it works great as a cordless heating pad for menstrual pain relief, providing soothing warmth during special times for women.","og_url":"https:\/\/www.sumextech.com\/fr\/produit\/massage-belt\/","og_site_name":"Sumex Technology co.,ltd","article_publisher":"https:\/\/www.facebook.com\/profile.php?id=61581317690491","og_image":[{"width":800,"height":800,"url":"https:\/\/www.sumextech.com\/wp-content\/uploads\/2025\/08\/1.1-7.webp","type":"image\/webp"}],"twitter_card":"summary_large_image","schema":{"@context":"https:\/\/schema.org","@graph":[{"@type":"WebPage","@id":"https:\/\/www.sumextech.com\/product\/massage-belt\/","url":"https:\/\/www.sumextech.com\/product\/massage-belt\/","name":"Massage Belt - Sumex Technology co.,ltd","isPartOf":{"@id":"https:\/\/www.sumextech.com\/#website"},"primaryImageOfPage":{"@id":"https:\/\/www.sumextech.com\/product\/massage-belt\/#primaryimage"},"image":{"@id":"https:\/\/www.sumextech.com\/product\/massage-belt\/#primaryimage"},"thumbnailUrl":"https:\/\/www.sumextech.com\/wp-content\/uploads\/2025\/08\/1.1-7.webp","datePublished":"2025-08-01T07:35:22+00:00","breadcrumb":{"@id":"https:\/\/www.sumextech.com\/product\/massage-belt\/#breadcrumb"},"inLanguage":"fr-FR","potentialAction":[{"@type":"ReadAction","target":["https:\/\/www.sumextech.com\/product\/massage-belt\/"]}]},{"@type":"ImageObject","inLanguage":"fr-FR","@id":"https:\/\/www.sumextech.com\/product\/massage-belt\/#primaryimage","url":"https:\/\/www.sumextech.com\/wp-content\/uploads\/2025\/08\/1.1-7.webp","contentUrl":"https:\/\/www.sumextech.com\/wp-content\/uploads\/2025\/08\/1.1-7.webp","width":800,"height":800},{"@type":"BreadcrumbList","@id":"https:\/\/www.sumextech.com\/product\/massage-belt\/#breadcrumb","itemListElement":[{"@type":"ListItem","position":1,"name":"\u9996\u9875","item":"https:\/\/www.sumextech.com\/"},{"@type":"ListItem","position":2,"name":"Products","item":"https:\/\/www.sumextech.com\/products\/"},{"@type":"ListItem","position":3,"name":"Massage Belt"}]},{"@type":"WebSite","@id":"https:\/\/www.sumextech.com\/#website","url":"https:\/\/www.sumextech.com\/","name":"Sumex Technology co.,ltd","description":"Acheter un masseur corporel Wellness, des produits de beaut\u00e9 et de soins de la peau de Chine","publisher":{"@id":"https:\/\/www.sumextech.com\/#organization"},"alternateName":"SumexTech Wellness Products","potentialAction":[{"@type":"SearchAction","target":{"@type":"EntryPoint","urlTemplate":"https:\/\/www.sumextech.com\/?s={search_term_string}"},"query-input":{"@type":"PropertyValueSpecification","valueRequired":true,"valueName":"search_term_string"}}],"inLanguage":"fr-FR"},{"@type":"Organization","@id":"https:\/\/www.sumextech.com\/#organization","name":"Sumex Technology co.,ltd","alternateName":"SumexTech Wellness Products","url":"https:\/\/www.sumextech.com\/","logo":{"@type":"ImageObject","inLanguage":"fr-FR","@id":"https:\/\/www.sumextech.com\/#\/schema\/logo\/image\/","url":"https:\/\/www.sumextech.com\/wp-content\/uploads\/2020\/06\/20250801141548_29.webp","contentUrl":"https:\/\/www.sumextech.com\/wp-content\/uploads\/2020\/06\/20250801141548_29.webp","width":692,"height":218,"caption":"Sumex Technology co.,ltd"},"image":{"@id":"https:\/\/www.sumextech.com\/#\/schema\/logo\/image\/"},"sameAs":["https:\/\/www.facebook.com\/profile.php?id=61581317690491","https:\/\/www.instagram.com\/sophiey668\/"]}]}},"_links":{"self":[{"href":"https:\/\/www.sumextech.com\/fr\/wp-json\/wp\/v2\/product\/4840","targetHints":{"allow":["GET"]}}],"collection":[{"href":"https:\/\/www.sumextech.com\/fr\/wp-json\/wp\/v2\/product"}],"about":[{"href":"https:\/\/www.sumextech.com\/fr\/wp-json\/wp\/v2\/types\/product"}],"wp:featuredmedia":[{"embeddable":true,"href":"https:\/\/www.sumextech.com\/fr\/wp-json\/wp\/v2\/media\/4841"}],"wp:attachment":[{"href":"https:\/\/www.sumextech.com\/fr\/wp-json\/wp\/v2\/media?parent=4840"}],"wp:term":[{"taxonomy":"product_cat","embeddable":true,"href":"https:\/\/www.sumextech.com\/fr\/wp-json\/wp\/v2\/product_cat?post=4840"},{"taxonomy":"product_tag","embeddable":true,"href":"https:\/\/www.sumextech.com\/fr\/wp-json\/wp\/v2\/product_tag?post=4840"},{"taxonomy":"product_brand","embeddable":true,"href":"https:\/\/www.sumextech.com\/fr\/wp-json\/wp\/v2\/product_brand?post=4840"}],"curies":[{"name":"wp","href":"https:\/\/api.w.org\/{rel}","templated":true}]}}