{"id":4826,"date":"2025-08-01T07:33:06","date_gmt":"2025-08-01T07:33:06","guid":{"rendered":"http:\/\/www.sumextech.com\/?post_type=product&#038;p=4826"},"modified":"2025-08-01T07:33:06","modified_gmt":"2025-08-01T07:33:06","slug":"keading-neck-shoulder-massager","status":"publish","type":"product","link":"https:\/\/www.sumextech.com\/fr\/product\/keading-neck-shoulder-massager\/","title":{"rendered":"Masseur pour le cou et les \u00e9paules Keading"},"content":{"rendered":"","protected":false},"excerpt":{"rendered":"<p>\u3010Innovant 4D Deep Kneading\u3011Introducing an upgraded neck and shoulder massager with 4D kneading technology, simulating deep human-like massages. Il couvre une zone de massage plus large, s'\u00e9tendant du cou aux trap\u00e8zes et aux \u00e9paules. Con\u00e7u avec 6 \u00e0 8 n\u0153uds de massage ergonomiques, il fournit une pression de massage continue et puissante pour apporter \u00e0 votre cou et \u00e0 vos \u00e9paules le confort qu'ils m\u00e9ritent.<br \/>\n\u3010Adjustable Gentle Heating\u3011Enjoy a soothing experience with the Snailax Neck Massager's adjustable heating function offering two settings (104\u00b0F\/140\u00b0F) to gently warm the neck and shoulders, promoting relaxation. L'arr\u00eat automatique apr\u00e8s 10 minutes garantit la s\u00e9curit\u00e9 pendant l'utilisation, en \u00e9vitant la surchauffe.<br \/>\n\u3010Hand-free Design\u3011Con\u00e7u pour la flexibilit\u00e9, ce masseur de cou et de dos peut \u00eatre tenu \u00e0 la main ou emball\u00e9 dans le dos avec la sangle pour divers sc\u00e9narios d'utilisation. Compact et portable, il se glisse facilement dans les sacs de voyage, de bureau, de maison ou les bagages \u00e0 main standard.<br \/>\n\u3010Masseur sans fil - Type-C\u3011Ce masseur de nuque sans fil fonctionne sans avoir besoin d'une prise \u00e9lectrique. Une seule charge permet d'obtenir 70 \u00e0 80 minutes de massage de relaxation continu, vous lib\u00e9rant ainsi des contraintes li\u00e9es aux cordons.<\/p>","protected":false},"featured_media":4827,"template":"","meta":[],"product_cat":[109],"product_tag":[],"product_brand":[],"class_list":["post-4826","product","type-product","status-publish","has-post-thumbnail","hentry","product_cat-neck-and-shoulder-massager"],"yoast_head":"<!-- This site is optimized with the Yoast SEO plugin v26.3 - https:\/\/yoast.com\/wordpress\/plugins\/seo\/ -->\n<title>Keading Neck &amp; Shoulder Massager - Sumex Technology co.,ltd<\/title>\n<meta name=\"robots\" content=\"index, follow, max-snippet:-1, max-image-preview:large, max-video-preview:-1\" \/>\n<link rel=\"canonical\" href=\"https:\/\/www.sumextech.com\/fr\/produit\/keading-neck-shoulder-massager\/\" \/>\n<meta property=\"og:locale\" content=\"fr_FR\" \/>\n<meta property=\"og:type\" content=\"article\" \/>\n<meta property=\"og:title\" content=\"Keading Neck &amp; Shoulder Massager - Sumex Technology co.,ltd\" \/>\n<meta property=\"og:description\" content=\"\u3010Innovative 4D Deep Kneading\u3011Introducing an upgraded neck and shoulder massager with 4D kneading technology, simulating deep human-like massages. It covers a wider massage area, extending from the neck to the trapezius and shoulders. Engineered with 6 to 8 ergonomic massage nodes, it providing continuous and powerful massage pressure to provide your neck and shoulder with the comfort it deserves. \u3010Adjustable Gentle Heating\u3011Enjoy a soothing experience with the Snailax Neck Massager&#039;s adjustable heating function offering two settings (104\u00b0F\/140\u00b0F) to gently warm the neck and shoulders, promoting relaxation. Auto-shutdown after 10 minutes ensures safety during use, preventing overheating. \u3010Hand-free Design\u3011Designed for flexibility, this neck and back massager can be handheld or back packed with the strap for various usage scenarios. Compact and portable, it easily fits into standard travel, office, home, or carry-on bags. \u3010Cordless Massager - Type-C\u3011This cordless neck massager operates without the need for a power plug. A single charge provides 70-80 minutes of continuous relaxation massage, freeing you from the constraints of cords.\" \/>\n<meta property=\"og:url\" content=\"https:\/\/www.sumextech.com\/fr\/produit\/keading-neck-shoulder-massager\/\" \/>\n<meta property=\"og:site_name\" content=\"Sumex Technology co.,ltd\" \/>\n<meta property=\"article:publisher\" content=\"https:\/\/www.facebook.com\/profile.php?id=61581317690491\" \/>\n<meta property=\"og:image\" content=\"https:\/\/www.sumextech.com\/wp-content\/uploads\/2025\/08\/2.1-1.webp\" \/>\n\t<meta property=\"og:image:width\" content=\"800\" \/>\n\t<meta property=\"og:image:height\" content=\"800\" \/>\n\t<meta property=\"og:image:type\" content=\"image\/webp\" \/>\n<meta name=\"twitter:card\" content=\"summary_large_image\" \/>\n<script type=\"application\/ld+json\" class=\"yoast-schema-graph\">{\"@context\":\"https:\/\/schema.org\",\"@graph\":[{\"@type\":\"WebPage\",\"@id\":\"https:\/\/www.sumextech.com\/product\/keading-neck-shoulder-massager\/\",\"url\":\"https:\/\/www.sumextech.com\/product\/keading-neck-shoulder-massager\/\",\"name\":\"Keading Neck & Shoulder Massager - Sumex Technology co.,ltd\",\"isPartOf\":{\"@id\":\"https:\/\/www.sumextech.com\/#website\"},\"primaryImageOfPage\":{\"@id\":\"https:\/\/www.sumextech.com\/product\/keading-neck-shoulder-massager\/#primaryimage\"},\"image\":{\"@id\":\"https:\/\/www.sumextech.com\/product\/keading-neck-shoulder-massager\/#primaryimage\"},\"thumbnailUrl\":\"https:\/\/www.sumextech.com\/wp-content\/uploads\/2025\/08\/2.1-1.webp\",\"datePublished\":\"2025-08-01T07:33:06+00:00\",\"breadcrumb\":{\"@id\":\"https:\/\/www.sumextech.com\/product\/keading-neck-shoulder-massager\/#breadcrumb\"},\"inLanguage\":\"fr-FR\",\"potentialAction\":[{\"@type\":\"ReadAction\",\"target\":[\"https:\/\/www.sumextech.com\/product\/keading-neck-shoulder-massager\/\"]}]},{\"@type\":\"ImageObject\",\"inLanguage\":\"fr-FR\",\"@id\":\"https:\/\/www.sumextech.com\/product\/keading-neck-shoulder-massager\/#primaryimage\",\"url\":\"https:\/\/www.sumextech.com\/wp-content\/uploads\/2025\/08\/2.1-1.webp\",\"contentUrl\":\"https:\/\/www.sumextech.com\/wp-content\/uploads\/2025\/08\/2.1-1.webp\",\"width\":800,\"height\":800},{\"@type\":\"BreadcrumbList\",\"@id\":\"https:\/\/www.sumextech.com\/product\/keading-neck-shoulder-massager\/#breadcrumb\",\"itemListElement\":[{\"@type\":\"ListItem\",\"position\":1,\"name\":\"\u9996\u9875\",\"item\":\"https:\/\/www.sumextech.com\/\"},{\"@type\":\"ListItem\",\"position\":2,\"name\":\"Products\",\"item\":\"https:\/\/www.sumextech.com\/products\/\"},{\"@type\":\"ListItem\",\"position\":3,\"name\":\"Keading Neck &#038; Shoulder Massager\"}]},{\"@type\":\"WebSite\",\"@id\":\"https:\/\/www.sumextech.com\/#website\",\"url\":\"https:\/\/www.sumextech.com\/\",\"name\":\"Sumex Technology co.,ltd\",\"description\":\"Buy Wellness Body Massager, Beauty and Skin Care Products from China\",\"publisher\":{\"@id\":\"https:\/\/www.sumextech.com\/#organization\"},\"alternateName\":\"SumexTech Wellness Products\",\"potentialAction\":[{\"@type\":\"SearchAction\",\"target\":{\"@type\":\"EntryPoint\",\"urlTemplate\":\"https:\/\/www.sumextech.com\/?s={search_term_string}\"},\"query-input\":{\"@type\":\"PropertyValueSpecification\",\"valueRequired\":true,\"valueName\":\"search_term_string\"}}],\"inLanguage\":\"fr-FR\"},{\"@type\":\"Organization\",\"@id\":\"https:\/\/www.sumextech.com\/#organization\",\"name\":\"Sumex Technology co.,ltd\",\"alternateName\":\"SumexTech Wellness Products\",\"url\":\"https:\/\/www.sumextech.com\/\",\"logo\":{\"@type\":\"ImageObject\",\"inLanguage\":\"fr-FR\",\"@id\":\"https:\/\/www.sumextech.com\/#\/schema\/logo\/image\/\",\"url\":\"https:\/\/www.sumextech.com\/wp-content\/uploads\/2020\/06\/20250801141548_29.webp\",\"contentUrl\":\"https:\/\/www.sumextech.com\/wp-content\/uploads\/2020\/06\/20250801141548_29.webp\",\"width\":692,\"height\":218,\"caption\":\"Sumex Technology co.,ltd\"},\"image\":{\"@id\":\"https:\/\/www.sumextech.com\/#\/schema\/logo\/image\/\"},\"sameAs\":[\"https:\/\/www.facebook.com\/profile.php?id=61581317690491\",\"https:\/\/www.instagram.com\/sophiey668\/\"]}]}<\/script>\n<!-- \/ Yoast SEO plugin. -->","yoast_head_json":{"title":"Keading Neck & Shoulder Massager - Sumex Technology co.,ltd","robots":{"index":"index","follow":"follow","max-snippet":"max-snippet:-1","max-image-preview":"max-image-preview:large","max-video-preview":"max-video-preview:-1"},"canonical":"https:\/\/www.sumextech.com\/fr\/produit\/keading-neck-shoulder-massager\/","og_locale":"fr_FR","og_type":"article","og_title":"Keading Neck & Shoulder Massager - Sumex Technology co.,ltd","og_description":"\u3010Innovative 4D Deep Kneading\u3011Introducing an upgraded neck and shoulder massager with 4D kneading technology, simulating deep human-like massages. It covers a wider massage area, extending from the neck to the trapezius and shoulders. Engineered with 6 to 8 ergonomic massage nodes, it providing continuous and powerful massage pressure to provide your neck and shoulder with the comfort it deserves. \u3010Adjustable Gentle Heating\u3011Enjoy a soothing experience with the Snailax Neck Massager's adjustable heating function offering two settings (104\u00b0F\/140\u00b0F) to gently warm the neck and shoulders, promoting relaxation. Auto-shutdown after 10 minutes ensures safety during use, preventing overheating. \u3010Hand-free Design\u3011Designed for flexibility, this neck and back massager can be handheld or back packed with the strap for various usage scenarios. Compact and portable, it easily fits into standard travel, office, home, or carry-on bags. \u3010Cordless Massager - Type-C\u3011This cordless neck massager operates without the need for a power plug. A single charge provides 70-80 minutes of continuous relaxation massage, freeing you from the constraints of cords.","og_url":"https:\/\/www.sumextech.com\/fr\/produit\/keading-neck-shoulder-massager\/","og_site_name":"Sumex Technology co.,ltd","article_publisher":"https:\/\/www.facebook.com\/profile.php?id=61581317690491","og_image":[{"width":800,"height":800,"url":"https:\/\/www.sumextech.com\/wp-content\/uploads\/2025\/08\/2.1-1.webp","type":"image\/webp"}],"twitter_card":"summary_large_image","schema":{"@context":"https:\/\/schema.org","@graph":[{"@type":"WebPage","@id":"https:\/\/www.sumextech.com\/product\/keading-neck-shoulder-massager\/","url":"https:\/\/www.sumextech.com\/product\/keading-neck-shoulder-massager\/","name":"Keading Neck & Shoulder Massager - Sumex Technology co.,ltd","isPartOf":{"@id":"https:\/\/www.sumextech.com\/#website"},"primaryImageOfPage":{"@id":"https:\/\/www.sumextech.com\/product\/keading-neck-shoulder-massager\/#primaryimage"},"image":{"@id":"https:\/\/www.sumextech.com\/product\/keading-neck-shoulder-massager\/#primaryimage"},"thumbnailUrl":"https:\/\/www.sumextech.com\/wp-content\/uploads\/2025\/08\/2.1-1.webp","datePublished":"2025-08-01T07:33:06+00:00","breadcrumb":{"@id":"https:\/\/www.sumextech.com\/product\/keading-neck-shoulder-massager\/#breadcrumb"},"inLanguage":"fr-FR","potentialAction":[{"@type":"ReadAction","target":["https:\/\/www.sumextech.com\/product\/keading-neck-shoulder-massager\/"]}]},{"@type":"ImageObject","inLanguage":"fr-FR","@id":"https:\/\/www.sumextech.com\/product\/keading-neck-shoulder-massager\/#primaryimage","url":"https:\/\/www.sumextech.com\/wp-content\/uploads\/2025\/08\/2.1-1.webp","contentUrl":"https:\/\/www.sumextech.com\/wp-content\/uploads\/2025\/08\/2.1-1.webp","width":800,"height":800},{"@type":"BreadcrumbList","@id":"https:\/\/www.sumextech.com\/product\/keading-neck-shoulder-massager\/#breadcrumb","itemListElement":[{"@type":"ListItem","position":1,"name":"\u9996\u9875","item":"https:\/\/www.sumextech.com\/"},{"@type":"ListItem","position":2,"name":"Products","item":"https:\/\/www.sumextech.com\/products\/"},{"@type":"ListItem","position":3,"name":"Keading Neck &#038; Shoulder Massager"}]},{"@type":"WebSite","@id":"https:\/\/www.sumextech.com\/#website","url":"https:\/\/www.sumextech.com\/","name":"Sumex Technology co.,ltd","description":"Acheter un masseur corporel Wellness, des produits de beaut\u00e9 et de soins de la peau de Chine","publisher":{"@id":"https:\/\/www.sumextech.com\/#organization"},"alternateName":"SumexTech Wellness Products","potentialAction":[{"@type":"SearchAction","target":{"@type":"EntryPoint","urlTemplate":"https:\/\/www.sumextech.com\/?s={search_term_string}"},"query-input":{"@type":"PropertyValueSpecification","valueRequired":true,"valueName":"search_term_string"}}],"inLanguage":"fr-FR"},{"@type":"Organization","@id":"https:\/\/www.sumextech.com\/#organization","name":"Sumex Technology co.,ltd","alternateName":"SumexTech Wellness Products","url":"https:\/\/www.sumextech.com\/","logo":{"@type":"ImageObject","inLanguage":"fr-FR","@id":"https:\/\/www.sumextech.com\/#\/schema\/logo\/image\/","url":"https:\/\/www.sumextech.com\/wp-content\/uploads\/2020\/06\/20250801141548_29.webp","contentUrl":"https:\/\/www.sumextech.com\/wp-content\/uploads\/2020\/06\/20250801141548_29.webp","width":692,"height":218,"caption":"Sumex Technology co.,ltd"},"image":{"@id":"https:\/\/www.sumextech.com\/#\/schema\/logo\/image\/"},"sameAs":["https:\/\/www.facebook.com\/profile.php?id=61581317690491","https:\/\/www.instagram.com\/sophiey668\/"]}]}},"_links":{"self":[{"href":"https:\/\/www.sumextech.com\/fr\/wp-json\/wp\/v2\/product\/4826","targetHints":{"allow":["GET"]}}],"collection":[{"href":"https:\/\/www.sumextech.com\/fr\/wp-json\/wp\/v2\/product"}],"about":[{"href":"https:\/\/www.sumextech.com\/fr\/wp-json\/wp\/v2\/types\/product"}],"wp:featuredmedia":[{"embeddable":true,"href":"https:\/\/www.sumextech.com\/fr\/wp-json\/wp\/v2\/media\/4827"}],"wp:attachment":[{"href":"https:\/\/www.sumextech.com\/fr\/wp-json\/wp\/v2\/media?parent=4826"}],"wp:term":[{"taxonomy":"product_cat","embeddable":true,"href":"https:\/\/www.sumextech.com\/fr\/wp-json\/wp\/v2\/product_cat?post=4826"},{"taxonomy":"product_tag","embeddable":true,"href":"https:\/\/www.sumextech.com\/fr\/wp-json\/wp\/v2\/product_tag?post=4826"},{"taxonomy":"product_brand","embeddable":true,"href":"https:\/\/www.sumextech.com\/fr\/wp-json\/wp\/v2\/product_brand?post=4826"}],"curies":[{"name":"wp","href":"https:\/\/api.w.org\/{rel}","templated":true}]}}