{"id":4810,"date":"2025-08-01T07:26:19","date_gmt":"2025-08-01T07:26:19","guid":{"rendered":"http:\/\/www.sumextech.com\/?post_type=product&#038;p=4810"},"modified":"2025-08-01T07:26:19","modified_gmt":"2025-08-01T07:26:19","slug":"slimex-massager","status":"publish","type":"product","link":"https:\/\/www.sumextech.com\/fr\/product\/slimex-massager\/","title":{"rendered":"Masseur Slimex"},"content":{"rendered":"","protected":false},"excerpt":{"rendered":"<p>\u3010cellulite massager &amp; body sculpting machine\u3011Ce vibromasseur utilise le principe de la vibration pour fournir une forte puissance et une large zone de vibromassage.<br \/>\n\u3010Masseur pour tout le corps\u3011Ce masseur \u00e9lectrique \u00e0 main peut \u00eatre utilis\u00e9 pour tout le corps. Pour dorloter et lisser la surface de la peau de l'abdomen, des poign\u00e9es d'amour, des fesses, des bras, des jambes et du dos.<br \/>\n\u3010Applicable \u00e0 tous\u3011Cette machine \u00e0 sculpter le corps convient aux m\u00e8res post-partum, aux patients souffrant d'ob\u00e9sit\u00e9 et aux amateurs de beaut\u00e9 pour restaurer et maintenir un corps parfait, si elle est utilis\u00e9e avec vos diff\u00e9rentes huiles essentielles pr\u00e9f\u00e9r\u00e9es, la pr\u00e9vention des vergetures, la cr\u00e8me amincissante et l'huile de cicatrisation ensemble, l'effet sera meilleur.<br \/>\n\u3010Facile \u00e0 utiliser et \u00e0 transporter\u3011Le masseur de cellulite est \u00e9quip\u00e9 de 6 coussinets doux et lavables pour prot\u00e9ger la peau. La vitesse de vibration de 3000 rpm cr\u00e9e des vagues lisses et un effet de polissage doux.<br \/>\n\u3010Ideal Gifts\u3011beauty sculpt massager is made of high quality ABS material with ergonomic design.<\/p>","protected":false},"featured_media":4811,"template":"","meta":[],"product_cat":[105],"product_tag":[],"product_brand":[],"class_list":["post-4810","product","type-product","status-publish","has-post-thumbnail","hentry","product_cat-hanheld-amp-guasha-massager"],"yoast_head":"<!-- This site is optimized with the Yoast SEO plugin v26.3 - https:\/\/yoast.com\/wordpress\/plugins\/seo\/ -->\n<title>Slimex Massager - Sumex Technology co.,ltd<\/title>\n<meta name=\"robots\" content=\"index, follow, max-snippet:-1, max-image-preview:large, max-video-preview:-1\" \/>\n<link rel=\"canonical\" href=\"https:\/\/www.sumextech.com\/fr\/produit\/slimex-massager\/\" \/>\n<meta property=\"og:locale\" content=\"fr_FR\" \/>\n<meta property=\"og:type\" content=\"article\" \/>\n<meta property=\"og:title\" content=\"Slimex Massager - Sumex Technology co.,ltd\" \/>\n<meta property=\"og:description\" content=\"\u3010cellulite massager &amp; body sculpting machine\u3011This vibrating massager uses the principle of vibration to provide strong power and a large vibro massage area. \u3010whole body massager\u3011This electric hand held massager can be used for the whole body. For pampering and smoothing the skin surface of the abdomen, love handles, buttocks, arms, legs, and back. \u3010Applicable to the crowd\u3011This body sculpting machine is suitable for postpartum mothers,obesity patients and beauty lovers to restore and maintain a perfect body, if used with your favorite various essential oils, stretch mark prevention, slimming cream and scar oil together, the effect will be better. \u3010Easy to use and carry\u3011The cellulite massager machine is equipped with 6 soft washable pads for skin protection. Vibration speed of 3000 rpm creates smooth waves and soft polishing effect. \u3010Ideal Gifts\u3011beauty sculpt massager is made of high quality ABS material with ergonomic design.\" \/>\n<meta property=\"og:url\" content=\"https:\/\/www.sumextech.com\/fr\/produit\/slimex-massager\/\" \/>\n<meta property=\"og:site_name\" content=\"Sumex Technology co.,ltd\" \/>\n<meta property=\"article:publisher\" content=\"https:\/\/www.facebook.com\/profile.php?id=61581317690491\" \/>\n<meta property=\"og:image\" content=\"https:\/\/www.sumextech.com\/wp-content\/uploads\/2025\/08\/1-1-3.webp\" \/>\n\t<meta property=\"og:image:width\" content=\"800\" \/>\n\t<meta property=\"og:image:height\" content=\"800\" \/>\n\t<meta property=\"og:image:type\" content=\"image\/webp\" \/>\n<meta name=\"twitter:card\" content=\"summary_large_image\" \/>\n<script type=\"application\/ld+json\" class=\"yoast-schema-graph\">{\"@context\":\"https:\/\/schema.org\",\"@graph\":[{\"@type\":\"WebPage\",\"@id\":\"https:\/\/www.sumextech.com\/product\/slimex-massager\/\",\"url\":\"https:\/\/www.sumextech.com\/product\/slimex-massager\/\",\"name\":\"Slimex Massager - Sumex Technology co.,ltd\",\"isPartOf\":{\"@id\":\"https:\/\/www.sumextech.com\/#website\"},\"primaryImageOfPage\":{\"@id\":\"https:\/\/www.sumextech.com\/product\/slimex-massager\/#primaryimage\"},\"image\":{\"@id\":\"https:\/\/www.sumextech.com\/product\/slimex-massager\/#primaryimage\"},\"thumbnailUrl\":\"https:\/\/www.sumextech.com\/wp-content\/uploads\/2025\/08\/1-1-3.webp\",\"datePublished\":\"2025-08-01T07:26:19+00:00\",\"breadcrumb\":{\"@id\":\"https:\/\/www.sumextech.com\/product\/slimex-massager\/#breadcrumb\"},\"inLanguage\":\"fr-FR\",\"potentialAction\":[{\"@type\":\"ReadAction\",\"target\":[\"https:\/\/www.sumextech.com\/product\/slimex-massager\/\"]}]},{\"@type\":\"ImageObject\",\"inLanguage\":\"fr-FR\",\"@id\":\"https:\/\/www.sumextech.com\/product\/slimex-massager\/#primaryimage\",\"url\":\"https:\/\/www.sumextech.com\/wp-content\/uploads\/2025\/08\/1-1-3.webp\",\"contentUrl\":\"https:\/\/www.sumextech.com\/wp-content\/uploads\/2025\/08\/1-1-3.webp\",\"width\":800,\"height\":800},{\"@type\":\"BreadcrumbList\",\"@id\":\"https:\/\/www.sumextech.com\/product\/slimex-massager\/#breadcrumb\",\"itemListElement\":[{\"@type\":\"ListItem\",\"position\":1,\"name\":\"\u9996\u9875\",\"item\":\"https:\/\/www.sumextech.com\/\"},{\"@type\":\"ListItem\",\"position\":2,\"name\":\"Products\",\"item\":\"https:\/\/www.sumextech.com\/products\/\"},{\"@type\":\"ListItem\",\"position\":3,\"name\":\"Slimex Massager\"}]},{\"@type\":\"WebSite\",\"@id\":\"https:\/\/www.sumextech.com\/#website\",\"url\":\"https:\/\/www.sumextech.com\/\",\"name\":\"Sumex Technology co.,ltd\",\"description\":\"Buy Wellness Body Massager, Beauty and Skin Care Products from China\",\"publisher\":{\"@id\":\"https:\/\/www.sumextech.com\/#organization\"},\"alternateName\":\"SumexTech Wellness Products\",\"potentialAction\":[{\"@type\":\"SearchAction\",\"target\":{\"@type\":\"EntryPoint\",\"urlTemplate\":\"https:\/\/www.sumextech.com\/?s={search_term_string}\"},\"query-input\":{\"@type\":\"PropertyValueSpecification\",\"valueRequired\":true,\"valueName\":\"search_term_string\"}}],\"inLanguage\":\"fr-FR\"},{\"@type\":\"Organization\",\"@id\":\"https:\/\/www.sumextech.com\/#organization\",\"name\":\"Sumex Technology co.,ltd\",\"alternateName\":\"SumexTech Wellness Products\",\"url\":\"https:\/\/www.sumextech.com\/\",\"logo\":{\"@type\":\"ImageObject\",\"inLanguage\":\"fr-FR\",\"@id\":\"https:\/\/www.sumextech.com\/#\/schema\/logo\/image\/\",\"url\":\"https:\/\/www.sumextech.com\/wp-content\/uploads\/2020\/06\/20250801141548_29.webp\",\"contentUrl\":\"https:\/\/www.sumextech.com\/wp-content\/uploads\/2020\/06\/20250801141548_29.webp\",\"width\":692,\"height\":218,\"caption\":\"Sumex Technology co.,ltd\"},\"image\":{\"@id\":\"https:\/\/www.sumextech.com\/#\/schema\/logo\/image\/\"},\"sameAs\":[\"https:\/\/www.facebook.com\/profile.php?id=61581317690491\",\"https:\/\/www.instagram.com\/sophiey668\/\"]}]}<\/script>\n<!-- \/ Yoast SEO plugin. -->","yoast_head_json":{"title":"Slimex Massager - Sumex Technology co.,ltd","robots":{"index":"index","follow":"follow","max-snippet":"max-snippet:-1","max-image-preview":"max-image-preview:large","max-video-preview":"max-video-preview:-1"},"canonical":"https:\/\/www.sumextech.com\/fr\/produit\/slimex-massager\/","og_locale":"fr_FR","og_type":"article","og_title":"Slimex Massager - Sumex Technology co.,ltd","og_description":"\u3010cellulite massager &amp; body sculpting machine\u3011This vibrating massager uses the principle of vibration to provide strong power and a large vibro massage area. \u3010whole body massager\u3011This electric hand held massager can be used for the whole body. For pampering and smoothing the skin surface of the abdomen, love handles, buttocks, arms, legs, and back. \u3010Applicable to the crowd\u3011This body sculpting machine is suitable for postpartum mothers,obesity patients and beauty lovers to restore and maintain a perfect body, if used with your favorite various essential oils, stretch mark prevention, slimming cream and scar oil together, the effect will be better. \u3010Easy to use and carry\u3011The cellulite massager machine is equipped with 6 soft washable pads for skin protection. Vibration speed of 3000 rpm creates smooth waves and soft polishing effect. \u3010Ideal Gifts\u3011beauty sculpt massager is made of high quality ABS material with ergonomic design.","og_url":"https:\/\/www.sumextech.com\/fr\/produit\/slimex-massager\/","og_site_name":"Sumex Technology co.,ltd","article_publisher":"https:\/\/www.facebook.com\/profile.php?id=61581317690491","og_image":[{"width":800,"height":800,"url":"https:\/\/www.sumextech.com\/wp-content\/uploads\/2025\/08\/1-1-3.webp","type":"image\/webp"}],"twitter_card":"summary_large_image","schema":{"@context":"https:\/\/schema.org","@graph":[{"@type":"WebPage","@id":"https:\/\/www.sumextech.com\/product\/slimex-massager\/","url":"https:\/\/www.sumextech.com\/product\/slimex-massager\/","name":"Slimex Massager - Sumex Technology co.,ltd","isPartOf":{"@id":"https:\/\/www.sumextech.com\/#website"},"primaryImageOfPage":{"@id":"https:\/\/www.sumextech.com\/product\/slimex-massager\/#primaryimage"},"image":{"@id":"https:\/\/www.sumextech.com\/product\/slimex-massager\/#primaryimage"},"thumbnailUrl":"https:\/\/www.sumextech.com\/wp-content\/uploads\/2025\/08\/1-1-3.webp","datePublished":"2025-08-01T07:26:19+00:00","breadcrumb":{"@id":"https:\/\/www.sumextech.com\/product\/slimex-massager\/#breadcrumb"},"inLanguage":"fr-FR","potentialAction":[{"@type":"ReadAction","target":["https:\/\/www.sumextech.com\/product\/slimex-massager\/"]}]},{"@type":"ImageObject","inLanguage":"fr-FR","@id":"https:\/\/www.sumextech.com\/product\/slimex-massager\/#primaryimage","url":"https:\/\/www.sumextech.com\/wp-content\/uploads\/2025\/08\/1-1-3.webp","contentUrl":"https:\/\/www.sumextech.com\/wp-content\/uploads\/2025\/08\/1-1-3.webp","width":800,"height":800},{"@type":"BreadcrumbList","@id":"https:\/\/www.sumextech.com\/product\/slimex-massager\/#breadcrumb","itemListElement":[{"@type":"ListItem","position":1,"name":"\u9996\u9875","item":"https:\/\/www.sumextech.com\/"},{"@type":"ListItem","position":2,"name":"Products","item":"https:\/\/www.sumextech.com\/products\/"},{"@type":"ListItem","position":3,"name":"Slimex Massager"}]},{"@type":"WebSite","@id":"https:\/\/www.sumextech.com\/#website","url":"https:\/\/www.sumextech.com\/","name":"Sumex Technology co.,ltd","description":"Acheter un masseur corporel Wellness, des produits de beaut\u00e9 et de soins de la peau de Chine","publisher":{"@id":"https:\/\/www.sumextech.com\/#organization"},"alternateName":"SumexTech Wellness Products","potentialAction":[{"@type":"SearchAction","target":{"@type":"EntryPoint","urlTemplate":"https:\/\/www.sumextech.com\/?s={search_term_string}"},"query-input":{"@type":"PropertyValueSpecification","valueRequired":true,"valueName":"search_term_string"}}],"inLanguage":"fr-FR"},{"@type":"Organization","@id":"https:\/\/www.sumextech.com\/#organization","name":"Sumex Technology co.,ltd","alternateName":"SumexTech Wellness Products","url":"https:\/\/www.sumextech.com\/","logo":{"@type":"ImageObject","inLanguage":"fr-FR","@id":"https:\/\/www.sumextech.com\/#\/schema\/logo\/image\/","url":"https:\/\/www.sumextech.com\/wp-content\/uploads\/2020\/06\/20250801141548_29.webp","contentUrl":"https:\/\/www.sumextech.com\/wp-content\/uploads\/2020\/06\/20250801141548_29.webp","width":692,"height":218,"caption":"Sumex Technology co.,ltd"},"image":{"@id":"https:\/\/www.sumextech.com\/#\/schema\/logo\/image\/"},"sameAs":["https:\/\/www.facebook.com\/profile.php?id=61581317690491","https:\/\/www.instagram.com\/sophiey668\/"]}]}},"_links":{"self":[{"href":"https:\/\/www.sumextech.com\/fr\/wp-json\/wp\/v2\/product\/4810","targetHints":{"allow":["GET"]}}],"collection":[{"href":"https:\/\/www.sumextech.com\/fr\/wp-json\/wp\/v2\/product"}],"about":[{"href":"https:\/\/www.sumextech.com\/fr\/wp-json\/wp\/v2\/types\/product"}],"wp:featuredmedia":[{"embeddable":true,"href":"https:\/\/www.sumextech.com\/fr\/wp-json\/wp\/v2\/media\/4811"}],"wp:attachment":[{"href":"https:\/\/www.sumextech.com\/fr\/wp-json\/wp\/v2\/media?parent=4810"}],"wp:term":[{"taxonomy":"product_cat","embeddable":true,"href":"https:\/\/www.sumextech.com\/fr\/wp-json\/wp\/v2\/product_cat?post=4810"},{"taxonomy":"product_tag","embeddable":true,"href":"https:\/\/www.sumextech.com\/fr\/wp-json\/wp\/v2\/product_tag?post=4810"},{"taxonomy":"product_brand","embeddable":true,"href":"https:\/\/www.sumextech.com\/fr\/wp-json\/wp\/v2\/product_brand?post=4810"}],"curies":[{"name":"wp","href":"https:\/\/api.w.org\/{rel}","templated":true}]}}