{"id":4781,"date":"2025-08-01T07:15:57","date_gmt":"2025-08-01T07:15:57","guid":{"rendered":"http:\/\/www.sumextech.com\/?post_type=product&#038;p=4781"},"modified":"2025-09-19T02:16:05","modified_gmt":"2025-09-19T02:16:05","slug":"electric-scalp-massager-2","status":"publish","type":"product","link":"https:\/\/www.sumextech.com\/fr\/product\/electric-scalp-massager-2\/","title":{"rendered":"Masseur \u00e9lectrique pour le cuir chevelu"},"content":{"rendered":"<p><img loading=\"lazy\" decoding=\"async\" class=\"alignnone size-full wp-image-5011\" src=\"http:\/\/www.sumextech.com\/wp-content\/uploads\/2025\/08\/2.1-2.webp\" alt=\"\" width=\"800\" height=\"800\" srcset=\"https:\/\/www.sumextech.com\/wp-content\/uploads\/2025\/08\/2.1-2.webp 800w, https:\/\/www.sumextech.com\/wp-content\/uploads\/2025\/08\/2.1-2-300x300.webp 300w\" sizes=\"auto, (max-width: 800px) 100vw, 800px\" \/><\/p>","protected":false},"excerpt":{"rendered":"<p>\u3010360\u00b0 OMNIDIRECTIONNEL T\u00caTE DE MASSAGE\u3011 : Ce masseur de t\u00eate est \u00e9quip\u00e9 de 20 points de contact de vibration ind\u00e9pendants, avec 10 points de massage sur la couche sup\u00e9rieure et 10 points de massage sur la couche inf\u00e9rieure. Couvre l'ensemble de la t\u00eate dans toutes les directions pour soulager la fatigue et la pression de la t\u00eate.<br \/>\n\u3010SMART TIMING\u3011 : Dot\u00e9 d'une fonction d'arr\u00eat automatique de 15 minutes, il est con\u00e7u pour offrir une dur\u00e9e de massage optimale, vous aidant \u00e0 profiter d'une s\u00e9ance bien minut\u00e9e \u00e0 chaque fois. Cette fonction vous permet de vous d\u00e9tendre sans surveiller l'heure et met automatiquement fin au massage pour une utilisation pratique et facile.<br \/>\n\u3010FONCTION BLUETOOTH\u3011 : Connectez-vous \u00e0 votre t\u00e9l\u00e9phone portable pour \u00e9couter de la musique, des informations, etc.<br \/>\n\u3010INTELLIGENT IC MASTER CONTROL\u3011 : Le circuit int\u00e9gr\u00e9 intelligent contr\u00f4le 20 t\u00eates de moteur de vibration avec une disposition matricielle, permettant divers modes de vibration. Il s'agit notamment de vibrations simultan\u00e9es, de vibrations crois\u00e9es, de vibrations ambiantes en 3D, de vibrations d\u00e9cal\u00e9es vers le haut et vers le bas, ainsi que de vibrations de diff\u00e9rentes intensit\u00e9s.<br \/>\n\u3010INTELLIGENT VOICE BROADCAST\u3011 : Extr\u00eamement simple \u00e0 utiliser avec un seul bouton, chaque clic de bouton est accompagn\u00e9 d'un message vocal clair. Le volume de la voix est constant \u00e0 50 dB, et vous pouvez obtenir un retour d'information clair dans un environnement calme.<\/p>","protected":false},"featured_media":5011,"template":"","meta":[],"product_cat":[106],"product_tag":[],"product_brand":[],"class_list":["post-4781","product","type-product","status-publish","has-post-thumbnail","hentry","product_cat-head-massager"],"yoast_head":"<!-- This site is optimized with the Yoast SEO plugin v26.3 - https:\/\/yoast.com\/wordpress\/plugins\/seo\/ -->\n<title>Electric Scalp Massager - Sumex Technology co.,ltd<\/title>\n<meta name=\"robots\" content=\"index, follow, max-snippet:-1, max-image-preview:large, max-video-preview:-1\" \/>\n<link rel=\"canonical\" href=\"https:\/\/www.sumextech.com\/fr\/produit\/electric-scalp-massager-2\/\" \/>\n<meta property=\"og:locale\" content=\"fr_FR\" \/>\n<meta property=\"og:type\" content=\"article\" \/>\n<meta property=\"og:title\" content=\"Electric Scalp Massager - Sumex Technology co.,ltd\" \/>\n<meta property=\"og:description\" content=\"\u3010360\u00b0 OMNIDIRECTIONAL MASSAGE HEAD\u3011: This head massager is equipped with 20 independent vibration touch points, with 10 massage points on the upper layer and 10 massage points on the lower layer. Covers the entire head in all directions to relieve head fatigue and pressure. \u3010SMART TIMING\u3011: Equipped with a 15-minute automatic shutdown function, it is designed to provide the optimal massage duration, helping you enjoy a well-timed session every time. This feature allows you to relax without monitoring the time and automatically ends the massage for convenient and easy use. \u3010BLUETOOTH FUNCTION\u3011: Connect with your mobile phone to listen to music, news, etc \u3010INTELLIGENT IC MASTER CONTROL\u3011: The intelligent IC controls 20 vibration motor heads with a dot matrix layout, enabling various vibration modes. These include simultaneous vibration, cross vibration, 3D surround vibration, up and down staggered vibration, as well as different intensity vibrations. \u3010INTELLIGENT VOICE BROADCAST\u3011: Extremely simple one-button operation, every button click has a clear voice prompt. The voice volume is constant at 50 dB, and you can get clear feedback in a quiet environment.\" \/>\n<meta property=\"og:url\" content=\"https:\/\/www.sumextech.com\/fr\/produit\/electric-scalp-massager-2\/\" \/>\n<meta property=\"og:site_name\" content=\"Sumex Technology co.,ltd\" \/>\n<meta property=\"article:publisher\" content=\"https:\/\/www.facebook.com\/profile.php?id=61581317690491\" \/>\n<meta property=\"article:modified_time\" content=\"2025-09-19T02:16:05+00:00\" \/>\n<meta property=\"og:image\" content=\"https:\/\/www.sumextech.com\/wp-content\/uploads\/2025\/08\/2.1-2.webp\" \/>\n\t<meta property=\"og:image:width\" content=\"800\" \/>\n\t<meta property=\"og:image:height\" content=\"800\" \/>\n\t<meta property=\"og:image:type\" content=\"image\/webp\" \/>\n<meta name=\"twitter:card\" content=\"summary_large_image\" \/>\n<script type=\"application\/ld+json\" class=\"yoast-schema-graph\">{\"@context\":\"https:\/\/schema.org\",\"@graph\":[{\"@type\":\"WebPage\",\"@id\":\"https:\/\/www.sumextech.com\/product\/electric-scalp-massager-2\/\",\"url\":\"https:\/\/www.sumextech.com\/product\/electric-scalp-massager-2\/\",\"name\":\"Electric Scalp Massager - Sumex Technology co.,ltd\",\"isPartOf\":{\"@id\":\"https:\/\/www.sumextech.com\/#website\"},\"primaryImageOfPage\":{\"@id\":\"https:\/\/www.sumextech.com\/product\/electric-scalp-massager-2\/#primaryimage\"},\"image\":{\"@id\":\"https:\/\/www.sumextech.com\/product\/electric-scalp-massager-2\/#primaryimage\"},\"thumbnailUrl\":\"https:\/\/www.sumextech.com\/wp-content\/uploads\/2025\/08\/2.1-2.webp\",\"datePublished\":\"2025-08-01T07:15:57+00:00\",\"dateModified\":\"2025-09-19T02:16:05+00:00\",\"breadcrumb\":{\"@id\":\"https:\/\/www.sumextech.com\/product\/electric-scalp-massager-2\/#breadcrumb\"},\"inLanguage\":\"fr-FR\",\"potentialAction\":[{\"@type\":\"ReadAction\",\"target\":[\"https:\/\/www.sumextech.com\/product\/electric-scalp-massager-2\/\"]}]},{\"@type\":\"ImageObject\",\"inLanguage\":\"fr-FR\",\"@id\":\"https:\/\/www.sumextech.com\/product\/electric-scalp-massager-2\/#primaryimage\",\"url\":\"https:\/\/www.sumextech.com\/wp-content\/uploads\/2025\/08\/2.1-2.webp\",\"contentUrl\":\"https:\/\/www.sumextech.com\/wp-content\/uploads\/2025\/08\/2.1-2.webp\",\"width\":800,\"height\":800},{\"@type\":\"BreadcrumbList\",\"@id\":\"https:\/\/www.sumextech.com\/product\/electric-scalp-massager-2\/#breadcrumb\",\"itemListElement\":[{\"@type\":\"ListItem\",\"position\":1,\"name\":\"\u9996\u9875\",\"item\":\"https:\/\/www.sumextech.com\/\"},{\"@type\":\"ListItem\",\"position\":2,\"name\":\"Products\",\"item\":\"https:\/\/www.sumextech.com\/products\/\"},{\"@type\":\"ListItem\",\"position\":3,\"name\":\"Electric Scalp Massager\"}]},{\"@type\":\"WebSite\",\"@id\":\"https:\/\/www.sumextech.com\/#website\",\"url\":\"https:\/\/www.sumextech.com\/\",\"name\":\"Sumex Technology co.,ltd\",\"description\":\"Buy Wellness Body Massager, Beauty and Skin Care Products from China\",\"publisher\":{\"@id\":\"https:\/\/www.sumextech.com\/#organization\"},\"alternateName\":\"SumexTech Wellness Products\",\"potentialAction\":[{\"@type\":\"SearchAction\",\"target\":{\"@type\":\"EntryPoint\",\"urlTemplate\":\"https:\/\/www.sumextech.com\/?s={search_term_string}\"},\"query-input\":{\"@type\":\"PropertyValueSpecification\",\"valueRequired\":true,\"valueName\":\"search_term_string\"}}],\"inLanguage\":\"fr-FR\"},{\"@type\":\"Organization\",\"@id\":\"https:\/\/www.sumextech.com\/#organization\",\"name\":\"Sumex Technology co.,ltd\",\"alternateName\":\"SumexTech Wellness Products\",\"url\":\"https:\/\/www.sumextech.com\/\",\"logo\":{\"@type\":\"ImageObject\",\"inLanguage\":\"fr-FR\",\"@id\":\"https:\/\/www.sumextech.com\/#\/schema\/logo\/image\/\",\"url\":\"https:\/\/www.sumextech.com\/wp-content\/uploads\/2020\/06\/20250801141548_29.webp\",\"contentUrl\":\"https:\/\/www.sumextech.com\/wp-content\/uploads\/2020\/06\/20250801141548_29.webp\",\"width\":692,\"height\":218,\"caption\":\"Sumex Technology co.,ltd\"},\"image\":{\"@id\":\"https:\/\/www.sumextech.com\/#\/schema\/logo\/image\/\"},\"sameAs\":[\"https:\/\/www.facebook.com\/profile.php?id=61581317690491\",\"https:\/\/www.instagram.com\/sophiey668\/\"]}]}<\/script>\n<!-- \/ Yoast SEO plugin. -->","yoast_head_json":{"title":"Electric Scalp Massager - Sumex Technology co.,ltd","robots":{"index":"index","follow":"follow","max-snippet":"max-snippet:-1","max-image-preview":"max-image-preview:large","max-video-preview":"max-video-preview:-1"},"canonical":"https:\/\/www.sumextech.com\/fr\/produit\/electric-scalp-massager-2\/","og_locale":"fr_FR","og_type":"article","og_title":"Electric Scalp Massager - Sumex Technology co.,ltd","og_description":"\u3010360\u00b0 OMNIDIRECTIONAL MASSAGE HEAD\u3011: This head massager is equipped with 20 independent vibration touch points, with 10 massage points on the upper layer and 10 massage points on the lower layer. Covers the entire head in all directions to relieve head fatigue and pressure. \u3010SMART TIMING\u3011: Equipped with a 15-minute automatic shutdown function, it is designed to provide the optimal massage duration, helping you enjoy a well-timed session every time. This feature allows you to relax without monitoring the time and automatically ends the massage for convenient and easy use. \u3010BLUETOOTH FUNCTION\u3011: Connect with your mobile phone to listen to music, news, etc \u3010INTELLIGENT IC MASTER CONTROL\u3011: The intelligent IC controls 20 vibration motor heads with a dot matrix layout, enabling various vibration modes. These include simultaneous vibration, cross vibration, 3D surround vibration, up and down staggered vibration, as well as different intensity vibrations. \u3010INTELLIGENT VOICE BROADCAST\u3011: Extremely simple one-button operation, every button click has a clear voice prompt. The voice volume is constant at 50 dB, and you can get clear feedback in a quiet environment.","og_url":"https:\/\/www.sumextech.com\/fr\/produit\/electric-scalp-massager-2\/","og_site_name":"Sumex Technology co.,ltd","article_publisher":"https:\/\/www.facebook.com\/profile.php?id=61581317690491","article_modified_time":"2025-09-19T02:16:05+00:00","og_image":[{"width":800,"height":800,"url":"https:\/\/www.sumextech.com\/wp-content\/uploads\/2025\/08\/2.1-2.webp","type":"image\/webp"}],"twitter_card":"summary_large_image","schema":{"@context":"https:\/\/schema.org","@graph":[{"@type":"WebPage","@id":"https:\/\/www.sumextech.com\/product\/electric-scalp-massager-2\/","url":"https:\/\/www.sumextech.com\/product\/electric-scalp-massager-2\/","name":"Electric Scalp Massager - Sumex Technology co.,ltd","isPartOf":{"@id":"https:\/\/www.sumextech.com\/#website"},"primaryImageOfPage":{"@id":"https:\/\/www.sumextech.com\/product\/electric-scalp-massager-2\/#primaryimage"},"image":{"@id":"https:\/\/www.sumextech.com\/product\/electric-scalp-massager-2\/#primaryimage"},"thumbnailUrl":"https:\/\/www.sumextech.com\/wp-content\/uploads\/2025\/08\/2.1-2.webp","datePublished":"2025-08-01T07:15:57+00:00","dateModified":"2025-09-19T02:16:05+00:00","breadcrumb":{"@id":"https:\/\/www.sumextech.com\/product\/electric-scalp-massager-2\/#breadcrumb"},"inLanguage":"fr-FR","potentialAction":[{"@type":"ReadAction","target":["https:\/\/www.sumextech.com\/product\/electric-scalp-massager-2\/"]}]},{"@type":"ImageObject","inLanguage":"fr-FR","@id":"https:\/\/www.sumextech.com\/product\/electric-scalp-massager-2\/#primaryimage","url":"https:\/\/www.sumextech.com\/wp-content\/uploads\/2025\/08\/2.1-2.webp","contentUrl":"https:\/\/www.sumextech.com\/wp-content\/uploads\/2025\/08\/2.1-2.webp","width":800,"height":800},{"@type":"BreadcrumbList","@id":"https:\/\/www.sumextech.com\/product\/electric-scalp-massager-2\/#breadcrumb","itemListElement":[{"@type":"ListItem","position":1,"name":"\u9996\u9875","item":"https:\/\/www.sumextech.com\/"},{"@type":"ListItem","position":2,"name":"Products","item":"https:\/\/www.sumextech.com\/products\/"},{"@type":"ListItem","position":3,"name":"Electric Scalp Massager"}]},{"@type":"WebSite","@id":"https:\/\/www.sumextech.com\/#website","url":"https:\/\/www.sumextech.com\/","name":"Sumex Technology co.,ltd","description":"Acheter un masseur corporel Wellness, des produits de beaut\u00e9 et de soins de la peau de Chine","publisher":{"@id":"https:\/\/www.sumextech.com\/#organization"},"alternateName":"SumexTech Wellness Products","potentialAction":[{"@type":"SearchAction","target":{"@type":"EntryPoint","urlTemplate":"https:\/\/www.sumextech.com\/?s={search_term_string}"},"query-input":{"@type":"PropertyValueSpecification","valueRequired":true,"valueName":"search_term_string"}}],"inLanguage":"fr-FR"},{"@type":"Organization","@id":"https:\/\/www.sumextech.com\/#organization","name":"Sumex Technology co.,ltd","alternateName":"SumexTech Wellness Products","url":"https:\/\/www.sumextech.com\/","logo":{"@type":"ImageObject","inLanguage":"fr-FR","@id":"https:\/\/www.sumextech.com\/#\/schema\/logo\/image\/","url":"https:\/\/www.sumextech.com\/wp-content\/uploads\/2020\/06\/20250801141548_29.webp","contentUrl":"https:\/\/www.sumextech.com\/wp-content\/uploads\/2020\/06\/20250801141548_29.webp","width":692,"height":218,"caption":"Sumex Technology co.,ltd"},"image":{"@id":"https:\/\/www.sumextech.com\/#\/schema\/logo\/image\/"},"sameAs":["https:\/\/www.facebook.com\/profile.php?id=61581317690491","https:\/\/www.instagram.com\/sophiey668\/"]}]}},"_links":{"self":[{"href":"https:\/\/www.sumextech.com\/fr\/wp-json\/wp\/v2\/product\/4781","targetHints":{"allow":["GET"]}}],"collection":[{"href":"https:\/\/www.sumextech.com\/fr\/wp-json\/wp\/v2\/product"}],"about":[{"href":"https:\/\/www.sumextech.com\/fr\/wp-json\/wp\/v2\/types\/product"}],"wp:featuredmedia":[{"embeddable":true,"href":"https:\/\/www.sumextech.com\/fr\/wp-json\/wp\/v2\/media\/5011"}],"wp:attachment":[{"href":"https:\/\/www.sumextech.com\/fr\/wp-json\/wp\/v2\/media?parent=4781"}],"wp:term":[{"taxonomy":"product_cat","embeddable":true,"href":"https:\/\/www.sumextech.com\/fr\/wp-json\/wp\/v2\/product_cat?post=4781"},{"taxonomy":"product_tag","embeddable":true,"href":"https:\/\/www.sumextech.com\/fr\/wp-json\/wp\/v2\/product_tag?post=4781"},{"taxonomy":"product_brand","embeddable":true,"href":"https:\/\/www.sumextech.com\/fr\/wp-json\/wp\/v2\/product_brand?post=4781"}],"curies":[{"name":"wp","href":"https:\/\/api.w.org\/{rel}","templated":true}]}}