{"id":4774,"date":"2025-08-01T07:12:35","date_gmt":"2025-08-01T07:12:35","guid":{"rendered":"http:\/\/www.sumextech.com\/?post_type=product&#038;p=4774"},"modified":"2025-08-01T07:12:35","modified_gmt":"2025-08-01T07:12:35","slug":"electric-scalp-massager","status":"publish","type":"product","link":"https:\/\/www.sumextech.com\/fr\/product\/electric-scalp-massager\/","title":{"rendered":"Masseur \u00e9lectrique pour le cuir chevelu"},"content":{"rendered":"<p><img loading=\"lazy\" decoding=\"async\" class=\"alignnone size-full wp-image-4779\" src=\"http:\/\/www.sumextech.com\/wp-content\/uploads\/2025\/08\/1.5-1.webp\" alt=\"\" width=\"790\" height=\"1252\" srcset=\"https:\/\/www.sumextech.com\/wp-content\/uploads\/2025\/08\/1.5-1.webp 790w, https:\/\/www.sumextech.com\/wp-content\/uploads\/2025\/08\/1.5-1-189x300.webp 189w\" sizes=\"auto, (max-width: 790px) 100vw, 790px\" \/> <img loading=\"lazy\" decoding=\"async\" class=\"alignnone size-full wp-image-4780\" src=\"http:\/\/www.sumextech.com\/wp-content\/uploads\/2025\/08\/1.6-1.webp\" alt=\"\" width=\"790\" height=\"1036\" srcset=\"https:\/\/www.sumextech.com\/wp-content\/uploads\/2025\/08\/1.6-1.webp 790w, https:\/\/www.sumextech.com\/wp-content\/uploads\/2025\/08\/1.6-1-229x300.webp 229w\" sizes=\"auto, (max-width: 790px) 100vw, 790px\" \/><\/p>","protected":false},"excerpt":{"rendered":"<p>Relaxation du cuir chevelu\u3011Exp\u00e9rimentez un massage plus vrai que nature gr\u00e2ce \u00e0 l'appareil de massage du cuir chevelu simulant le p\u00e9trissage des doigts humains \u00e0 360\u00b0.<br \/>\n\u3010Hard &amp; Soft Claws\u3011Ce gratte-t\u00eate a 4 griffes dures et 4 griffes douces en m\u00eame temps, vous pouvez changer fr\u00e9quemment pour obtenir une exp\u00e9rience de massage de t\u00eate diff\u00e9rente.<br \/>\n\u3010Waterproof and Skin-friendly\u3011With IPX-7 waterproof rating, the electric head massager can be used for deep scalp massage and facial cleansing even while taking a shower.<br \/>\n\u3010Trois modes de vitesse \u3011 Le Smart Scalp Massager dispose de trois modes (bas\/haut\/alternatif) \u00e0 choisir pour des besoins d'intensit\u00e9 diff\u00e9rents, d'un massage doux \u00e0 un massage de p\u00e9trissage profond. Vous pouvez basculer entre 6 modes de travail pour obtenir la meilleure exp\u00e9rience de massage du cuir chevelu.<br \/>\n\u3010USB-C Charging and Mini Size\u3011 (Chargement USB-C et taille mini) Chargement USB-C du masseur capillaire.<\/p>","protected":false},"featured_media":4775,"template":"","meta":[],"product_cat":[106],"product_tag":[],"product_brand":[],"class_list":["post-4774","product","type-product","status-publish","has-post-thumbnail","hentry","product_cat-head-massager"],"yoast_head":"<!-- This site is optimized with the Yoast SEO plugin v26.3 - https:\/\/yoast.com\/wordpress\/plugins\/seo\/ -->\n<title>Electric Scalp Massager - Sumex Technology co.,ltd<\/title>\n<meta name=\"robots\" content=\"index, follow, max-snippet:-1, max-image-preview:large, max-video-preview:-1\" \/>\n<link rel=\"canonical\" href=\"https:\/\/www.sumextech.com\/fr\/produit\/electric-scalp-massager\/\" \/>\n<meta property=\"og:locale\" content=\"fr_FR\" \/>\n<meta property=\"og:type\" content=\"article\" \/>\n<meta property=\"og:title\" content=\"Electric Scalp Massager - Sumex Technology co.,ltd\" \/>\n<meta property=\"og:description\" content=\"Scalp Relaxation\u3011Experience a lifelike massage with 360\u00b0 simulated human finger kneading head massager scalp stress relax. \u3010Hard &amp; Soft Claws\u3011This head scratcher has 4 hard claws and 4 soft claws at the same time, you can change frequently to get different head massage experience. \u3010Waterproof and Skin-friendly\u3011With IPX-7 waterproof rating, the electric head massager can be used for deep scalp massage and facial cleansing even while taking a shower. \u3010Three Speed Modes \u3011 Smart Scalp Massager has three modes (low\/high\/alternative) to choose from for different intensity needs, from gentle to deep kneading massage. You can switch between 6 working modes to get the best scalp massage experience. \u3010USB-C Charging and Mini Size\u3011 Hair Massager USB-C charging.\" \/>\n<meta property=\"og:url\" content=\"https:\/\/www.sumextech.com\/fr\/produit\/electric-scalp-massager\/\" \/>\n<meta property=\"og:site_name\" content=\"Sumex Technology co.,ltd\" \/>\n<meta property=\"article:publisher\" content=\"https:\/\/www.facebook.com\/profile.php?id=61581317690491\" \/>\n<meta property=\"og:image\" content=\"https:\/\/www.sumextech.com\/wp-content\/uploads\/2025\/08\/1.1-1.webp\" \/>\n\t<meta property=\"og:image:width\" content=\"800\" \/>\n\t<meta property=\"og:image:height\" content=\"800\" \/>\n\t<meta property=\"og:image:type\" content=\"image\/webp\" \/>\n<meta name=\"twitter:card\" content=\"summary_large_image\" \/>\n<script type=\"application\/ld+json\" class=\"yoast-schema-graph\">{\"@context\":\"https:\/\/schema.org\",\"@graph\":[{\"@type\":\"WebPage\",\"@id\":\"https:\/\/www.sumextech.com\/product\/electric-scalp-massager\/\",\"url\":\"https:\/\/www.sumextech.com\/product\/electric-scalp-massager\/\",\"name\":\"Electric Scalp Massager - Sumex Technology co.,ltd\",\"isPartOf\":{\"@id\":\"https:\/\/www.sumextech.com\/#website\"},\"primaryImageOfPage\":{\"@id\":\"https:\/\/www.sumextech.com\/product\/electric-scalp-massager\/#primaryimage\"},\"image\":{\"@id\":\"https:\/\/www.sumextech.com\/product\/electric-scalp-massager\/#primaryimage\"},\"thumbnailUrl\":\"https:\/\/www.sumextech.com\/wp-content\/uploads\/2025\/08\/1.1-1.webp\",\"datePublished\":\"2025-08-01T07:12:35+00:00\",\"breadcrumb\":{\"@id\":\"https:\/\/www.sumextech.com\/product\/electric-scalp-massager\/#breadcrumb\"},\"inLanguage\":\"fr-FR\",\"potentialAction\":[{\"@type\":\"ReadAction\",\"target\":[\"https:\/\/www.sumextech.com\/product\/electric-scalp-massager\/\"]}]},{\"@type\":\"ImageObject\",\"inLanguage\":\"fr-FR\",\"@id\":\"https:\/\/www.sumextech.com\/product\/electric-scalp-massager\/#primaryimage\",\"url\":\"https:\/\/www.sumextech.com\/wp-content\/uploads\/2025\/08\/1.1-1.webp\",\"contentUrl\":\"https:\/\/www.sumextech.com\/wp-content\/uploads\/2025\/08\/1.1-1.webp\",\"width\":800,\"height\":800},{\"@type\":\"BreadcrumbList\",\"@id\":\"https:\/\/www.sumextech.com\/product\/electric-scalp-massager\/#breadcrumb\",\"itemListElement\":[{\"@type\":\"ListItem\",\"position\":1,\"name\":\"\u9996\u9875\",\"item\":\"https:\/\/www.sumextech.com\/\"},{\"@type\":\"ListItem\",\"position\":2,\"name\":\"Products\",\"item\":\"https:\/\/www.sumextech.com\/products\/\"},{\"@type\":\"ListItem\",\"position\":3,\"name\":\"Electric Scalp Massager\"}]},{\"@type\":\"WebSite\",\"@id\":\"https:\/\/www.sumextech.com\/#website\",\"url\":\"https:\/\/www.sumextech.com\/\",\"name\":\"Sumex Technology co.,ltd\",\"description\":\"Buy Wellness Body Massager, Beauty and Skin Care Products from China\",\"publisher\":{\"@id\":\"https:\/\/www.sumextech.com\/#organization\"},\"alternateName\":\"SumexTech Wellness Products\",\"potentialAction\":[{\"@type\":\"SearchAction\",\"target\":{\"@type\":\"EntryPoint\",\"urlTemplate\":\"https:\/\/www.sumextech.com\/?s={search_term_string}\"},\"query-input\":{\"@type\":\"PropertyValueSpecification\",\"valueRequired\":true,\"valueName\":\"search_term_string\"}}],\"inLanguage\":\"fr-FR\"},{\"@type\":\"Organization\",\"@id\":\"https:\/\/www.sumextech.com\/#organization\",\"name\":\"Sumex Technology co.,ltd\",\"alternateName\":\"SumexTech Wellness Products\",\"url\":\"https:\/\/www.sumextech.com\/\",\"logo\":{\"@type\":\"ImageObject\",\"inLanguage\":\"fr-FR\",\"@id\":\"https:\/\/www.sumextech.com\/#\/schema\/logo\/image\/\",\"url\":\"https:\/\/www.sumextech.com\/wp-content\/uploads\/2020\/06\/20250801141548_29.webp\",\"contentUrl\":\"https:\/\/www.sumextech.com\/wp-content\/uploads\/2020\/06\/20250801141548_29.webp\",\"width\":692,\"height\":218,\"caption\":\"Sumex Technology co.,ltd\"},\"image\":{\"@id\":\"https:\/\/www.sumextech.com\/#\/schema\/logo\/image\/\"},\"sameAs\":[\"https:\/\/www.facebook.com\/profile.php?id=61581317690491\",\"https:\/\/www.instagram.com\/sophiey668\/\"]}]}<\/script>\n<!-- \/ Yoast SEO plugin. -->","yoast_head_json":{"title":"Electric Scalp Massager - Sumex Technology co.,ltd","robots":{"index":"index","follow":"follow","max-snippet":"max-snippet:-1","max-image-preview":"max-image-preview:large","max-video-preview":"max-video-preview:-1"},"canonical":"https:\/\/www.sumextech.com\/fr\/produit\/electric-scalp-massager\/","og_locale":"fr_FR","og_type":"article","og_title":"Electric Scalp Massager - Sumex Technology co.,ltd","og_description":"Scalp Relaxation\u3011Experience a lifelike massage with 360\u00b0 simulated human finger kneading head massager scalp stress relax. \u3010Hard &amp; Soft Claws\u3011This head scratcher has 4 hard claws and 4 soft claws at the same time, you can change frequently to get different head massage experience. \u3010Waterproof and Skin-friendly\u3011With IPX-7 waterproof rating, the electric head massager can be used for deep scalp massage and facial cleansing even while taking a shower. \u3010Three Speed Modes \u3011 Smart Scalp Massager has three modes (low\/high\/alternative) to choose from for different intensity needs, from gentle to deep kneading massage. You can switch between 6 working modes to get the best scalp massage experience. \u3010USB-C Charging and Mini Size\u3011 Hair Massager USB-C charging.","og_url":"https:\/\/www.sumextech.com\/fr\/produit\/electric-scalp-massager\/","og_site_name":"Sumex Technology co.,ltd","article_publisher":"https:\/\/www.facebook.com\/profile.php?id=61581317690491","og_image":[{"width":800,"height":800,"url":"https:\/\/www.sumextech.com\/wp-content\/uploads\/2025\/08\/1.1-1.webp","type":"image\/webp"}],"twitter_card":"summary_large_image","schema":{"@context":"https:\/\/schema.org","@graph":[{"@type":"WebPage","@id":"https:\/\/www.sumextech.com\/product\/electric-scalp-massager\/","url":"https:\/\/www.sumextech.com\/product\/electric-scalp-massager\/","name":"Electric Scalp Massager - Sumex Technology co.,ltd","isPartOf":{"@id":"https:\/\/www.sumextech.com\/#website"},"primaryImageOfPage":{"@id":"https:\/\/www.sumextech.com\/product\/electric-scalp-massager\/#primaryimage"},"image":{"@id":"https:\/\/www.sumextech.com\/product\/electric-scalp-massager\/#primaryimage"},"thumbnailUrl":"https:\/\/www.sumextech.com\/wp-content\/uploads\/2025\/08\/1.1-1.webp","datePublished":"2025-08-01T07:12:35+00:00","breadcrumb":{"@id":"https:\/\/www.sumextech.com\/product\/electric-scalp-massager\/#breadcrumb"},"inLanguage":"fr-FR","potentialAction":[{"@type":"ReadAction","target":["https:\/\/www.sumextech.com\/product\/electric-scalp-massager\/"]}]},{"@type":"ImageObject","inLanguage":"fr-FR","@id":"https:\/\/www.sumextech.com\/product\/electric-scalp-massager\/#primaryimage","url":"https:\/\/www.sumextech.com\/wp-content\/uploads\/2025\/08\/1.1-1.webp","contentUrl":"https:\/\/www.sumextech.com\/wp-content\/uploads\/2025\/08\/1.1-1.webp","width":800,"height":800},{"@type":"BreadcrumbList","@id":"https:\/\/www.sumextech.com\/product\/electric-scalp-massager\/#breadcrumb","itemListElement":[{"@type":"ListItem","position":1,"name":"\u9996\u9875","item":"https:\/\/www.sumextech.com\/"},{"@type":"ListItem","position":2,"name":"Products","item":"https:\/\/www.sumextech.com\/products\/"},{"@type":"ListItem","position":3,"name":"Electric Scalp Massager"}]},{"@type":"WebSite","@id":"https:\/\/www.sumextech.com\/#website","url":"https:\/\/www.sumextech.com\/","name":"Sumex Technology co.,ltd","description":"Acheter un masseur corporel Wellness, des produits de beaut\u00e9 et de soins de la peau de Chine","publisher":{"@id":"https:\/\/www.sumextech.com\/#organization"},"alternateName":"SumexTech Wellness Products","potentialAction":[{"@type":"SearchAction","target":{"@type":"EntryPoint","urlTemplate":"https:\/\/www.sumextech.com\/?s={search_term_string}"},"query-input":{"@type":"PropertyValueSpecification","valueRequired":true,"valueName":"search_term_string"}}],"inLanguage":"fr-FR"},{"@type":"Organization","@id":"https:\/\/www.sumextech.com\/#organization","name":"Sumex Technology co.,ltd","alternateName":"SumexTech Wellness Products","url":"https:\/\/www.sumextech.com\/","logo":{"@type":"ImageObject","inLanguage":"fr-FR","@id":"https:\/\/www.sumextech.com\/#\/schema\/logo\/image\/","url":"https:\/\/www.sumextech.com\/wp-content\/uploads\/2020\/06\/20250801141548_29.webp","contentUrl":"https:\/\/www.sumextech.com\/wp-content\/uploads\/2020\/06\/20250801141548_29.webp","width":692,"height":218,"caption":"Sumex Technology co.,ltd"},"image":{"@id":"https:\/\/www.sumextech.com\/#\/schema\/logo\/image\/"},"sameAs":["https:\/\/www.facebook.com\/profile.php?id=61581317690491","https:\/\/www.instagram.com\/sophiey668\/"]}]}},"_links":{"self":[{"href":"https:\/\/www.sumextech.com\/fr\/wp-json\/wp\/v2\/product\/4774","targetHints":{"allow":["GET"]}}],"collection":[{"href":"https:\/\/www.sumextech.com\/fr\/wp-json\/wp\/v2\/product"}],"about":[{"href":"https:\/\/www.sumextech.com\/fr\/wp-json\/wp\/v2\/types\/product"}],"wp:featuredmedia":[{"embeddable":true,"href":"https:\/\/www.sumextech.com\/fr\/wp-json\/wp\/v2\/media\/4775"}],"wp:attachment":[{"href":"https:\/\/www.sumextech.com\/fr\/wp-json\/wp\/v2\/media?parent=4774"}],"wp:term":[{"taxonomy":"product_cat","embeddable":true,"href":"https:\/\/www.sumextech.com\/fr\/wp-json\/wp\/v2\/product_cat?post=4774"},{"taxonomy":"product_tag","embeddable":true,"href":"https:\/\/www.sumextech.com\/fr\/wp-json\/wp\/v2\/product_tag?post=4774"},{"taxonomy":"product_brand","embeddable":true,"href":"https:\/\/www.sumextech.com\/fr\/wp-json\/wp\/v2\/product_brand?post=4774"}],"curies":[{"name":"wp","href":"https:\/\/api.w.org\/{rel}","templated":true}]}}