{"id":1493,"date":"2016-10-14T02:02:22","date_gmt":"2016-10-14T02:02:22","guid":{"rendered":"https:\/\/demo.wpthemego.com\/themes\/sw_revo\/demo3\/?page_id=1493"},"modified":"2025-09-25T01:18:51","modified_gmt":"2025-09-25T01:18:51","slug":"about-us","status":"publish","type":"page","link":"https:\/\/www.sumextech.com\/fr\/about-us\/","title":{"rendered":"\u00c0 propos de nous"},"content":{"rendered":"<style>\/*! elementor - v3.16.0 - 09-10-2023 *\/\n.elementor-heading-title{padding:0;margin:0;line-height:1}.elementor-widget-heading .elementor-heading-title[class*=elementor-size-]>a{color:inherit;font-size:inherit;line-height:inherit}.elementor-widget-heading .elementor-heading-title.elementor-size-small{font-size:15px}.elementor-widget-heading .elementor-heading-title.elementor-size-medium{font-size:19px}.elementor-widget-heading .elementor-heading-title.elementor-size-large{font-size:29px}.elementor-widget-heading .elementor-heading-title.elementor-size-xl{font-size:39px}.elementor-widget-heading .elementor-heading-title.elementor-size-xxl{font-size:59px}<\/style>\n<h2>\u00e0 propos de nous<\/h2>\n<p>Sumex Technology co.,ltd est une filiale de Qingdao Sumeka Art&amp; Crafts Factory. Nous nous concentrons sur l'industrie de la sant\u00e9 depuis plus de 15 ans et sommes situ\u00e9s \u00e0 Qingdao depuis 2010. Sumex se consacre au d\u00e9veloppement et \u00e0 la fabrication d'appareils de massage corporel, d'appareils de massage par ventouses, d'appareils de massage facial, de produits \u00e9lectriques de soins de sant\u00e9 personnels, etc.<\/p>\n<p>\u00a0Forts d'une riche exp\u00e9rience en mati\u00e8re de commerce ext\u00e9rieur, nos collaborateurs exp\u00e9riment\u00e9s sont toujours disponibles pour discuter de vos besoins et assurer la pleine satisfaction de nos clients. Nos produits sont export\u00e9s vers des pays et r\u00e9gions tels que l'Am\u00e9rique du Nord, l'Europe, l'Am\u00e9rique du Sud, l'Europe, le Japon, la Cor\u00e9e du Sud, etc.<\/p>\n<p>Nous acceptons \u00e9galement les commandes OEM et ODM.<\/p>\n<p>Sumex est bas\u00e9e \u00e0 Nanjing, la capitale de la province de Jiangsu, dans le sud-est de la Chine, o\u00f9 elle a mis en place sa propre \u00e9quipe de recherche et d\u00e9veloppement de haut niveau et une solide \u00e9quipe de vente. Elle emploie environ 200 personnes et dispose d'une capacit\u00e9 de production solide et stable qui lui permet de produire plus de 50000 masseurs \u00e9lectriques par mois.<\/p>\n<style>\/*! elementor - v3.16.0 - 09-10-2023 *\/\n.elementor-widget-image{text-align:center}.elementor-widget-image a{display:inline-block}.elementor-widget-image a img[src$=\".svg\"]{width:48px}.elementor-widget-image img{vertical-align:middle;display:inline-block}<\/style>\n<p>\t\t\t\t\t\t\t\t\t\t\t\t<img decoding=\"async\" width=\"940\" height=\"705\" src=\"https:\/\/www.sumextech.com\/wp-content\/uploads\/2025\/09\/\u5357\u4eac-\u529e\u516c\u5ba4\u7167\u72472.webp\" alt=\"\" loading=\"lazy\" \/><br \/>\n\t\t\t\t\t\t\t\t\t\t\t\t\t\t\t<img decoding=\"async\" width=\"940\" height=\"705\" src=\"https:\/\/www.sumextech.com\/wp-content\/uploads\/2025\/09\/\u8212\u7f8e\u4f73\u5de5\u5382\u5927\u95e8.webp\" alt=\"\" loading=\"lazy\" \/><\/p>","protected":false},"excerpt":{"rendered":"<p>about us Sumex Technology co.,ltd is a owned subsidiary of Qingdao Sumeka Art&amp; Crafts Factory, we have been focusing on the big health industry for more than 15 years, located in Qingdao from 2010. Sumex engaged in the development and &hellip; <a href=\"https:\/\/www.sumextech.com\/fr\/about-us\/\">En savoir plus<\/a><\/p>","protected":false},"author":1,"featured_media":5070,"parent":0,"menu_order":0,"comment_status":"closed","ping_status":"closed","template":"","meta":{"footnotes":""},"class_list":["post-1493","page","type-page","status-publish","has-post-thumbnail","hentry"],"yoast_head":"<!-- This site is optimized with the Yoast SEO plugin v26.3 - https:\/\/yoast.com\/wordpress\/plugins\/seo\/ -->\n<title>About Us - Sumex Technology co.,ltd<\/title>\n<meta name=\"robots\" content=\"index, follow, max-snippet:-1, max-image-preview:large, max-video-preview:-1\" \/>\n<link rel=\"canonical\" href=\"https:\/\/www.sumextech.com\/fr\/about-us\/\" \/>\n<meta property=\"og:locale\" content=\"fr_FR\" \/>\n<meta property=\"og:type\" content=\"article\" \/>\n<meta property=\"og:title\" content=\"About Us - Sumex Technology co.,ltd\" \/>\n<meta property=\"og:description\" content=\"about us Sumex Technology co.,ltd is a owned subsidiary of Qingdao Sumeka Art&amp; Crafts Factory, we have been focusing on the big health industry for more than 15 years, located in Qingdao from 2010. Sumex engaged in the development and &hellip; Readmore\" \/>\n<meta property=\"og:url\" content=\"https:\/\/www.sumextech.com\/fr\/about-us\/\" \/>\n<meta property=\"og:site_name\" content=\"Sumex Technology co.,ltd\" \/>\n<meta property=\"article:publisher\" content=\"https:\/\/www.facebook.com\/profile.php?id=61581317690491\" \/>\n<meta property=\"article:modified_time\" content=\"2025-09-25T01:18:51+00:00\" \/>\n<meta property=\"og:image\" content=\"https:\/\/www.sumextech.com\/wp-content\/uploads\/2025\/09\/\u5357\u4eac-\u529e\u516c\u5ba4\u7167\u72472.webp\" \/>\n\t<meta property=\"og:image:width\" content=\"4096\" \/>\n\t<meta property=\"og:image:height\" content=\"3072\" \/>\n\t<meta property=\"og:image:type\" content=\"image\/webp\" \/>\n<meta name=\"twitter:card\" content=\"summary_large_image\" \/>\n<meta name=\"twitter:label1\" content=\"Dur\u00e9e de lecture estim\u00e9e\" \/>\n\t<meta name=\"twitter:data1\" content=\"1 minute\" \/>\n<script type=\"application\/ld+json\" class=\"yoast-schema-graph\">{\"@context\":\"https:\/\/schema.org\",\"@graph\":[{\"@type\":\"WebPage\",\"@id\":\"https:\/\/www.sumextech.com\/about-us\/\",\"url\":\"https:\/\/www.sumextech.com\/about-us\/\",\"name\":\"About Us - Sumex Technology co.,ltd\",\"isPartOf\":{\"@id\":\"https:\/\/www.sumextech.com\/#website\"},\"primaryImageOfPage\":{\"@id\":\"https:\/\/www.sumextech.com\/about-us\/#primaryimage\"},\"image\":{\"@id\":\"https:\/\/www.sumextech.com\/about-us\/#primaryimage\"},\"thumbnailUrl\":\"https:\/\/www.sumextech.com\/wp-content\/uploads\/2025\/09\/\u5357\u4eac-\u529e\u516c\u5ba4\u7167\u72472.webp\",\"datePublished\":\"2016-10-14T02:02:22+00:00\",\"dateModified\":\"2025-09-25T01:18:51+00:00\",\"breadcrumb\":{\"@id\":\"https:\/\/www.sumextech.com\/about-us\/#breadcrumb\"},\"inLanguage\":\"fr-FR\",\"potentialAction\":[{\"@type\":\"ReadAction\",\"target\":[\"https:\/\/www.sumextech.com\/about-us\/\"]}]},{\"@type\":\"ImageObject\",\"inLanguage\":\"fr-FR\",\"@id\":\"https:\/\/www.sumextech.com\/about-us\/#primaryimage\",\"url\":\"https:\/\/www.sumextech.com\/wp-content\/uploads\/2025\/09\/\u5357\u4eac-\u529e\u516c\u5ba4\u7167\u72472.webp\",\"contentUrl\":\"https:\/\/www.sumextech.com\/wp-content\/uploads\/2025\/09\/\u5357\u4eac-\u529e\u516c\u5ba4\u7167\u72472.webp\",\"width\":4096,\"height\":3072},{\"@type\":\"BreadcrumbList\",\"@id\":\"https:\/\/www.sumextech.com\/about-us\/#breadcrumb\",\"itemListElement\":[{\"@type\":\"ListItem\",\"position\":1,\"name\":\"\u9996\u9875\",\"item\":\"https:\/\/www.sumextech.com\/\"},{\"@type\":\"ListItem\",\"position\":2,\"name\":\"About Us\"}]},{\"@type\":\"WebSite\",\"@id\":\"https:\/\/www.sumextech.com\/#website\",\"url\":\"https:\/\/www.sumextech.com\/\",\"name\":\"Sumex Technology co.,ltd\",\"description\":\"Buy Wellness Body Massager, Beauty and Skin Care Products from China\",\"publisher\":{\"@id\":\"https:\/\/www.sumextech.com\/#organization\"},\"alternateName\":\"SumexTech Wellness Products\",\"potentialAction\":[{\"@type\":\"SearchAction\",\"target\":{\"@type\":\"EntryPoint\",\"urlTemplate\":\"https:\/\/www.sumextech.com\/?s={search_term_string}\"},\"query-input\":{\"@type\":\"PropertyValueSpecification\",\"valueRequired\":true,\"valueName\":\"search_term_string\"}}],\"inLanguage\":\"fr-FR\"},{\"@type\":\"Organization\",\"@id\":\"https:\/\/www.sumextech.com\/#organization\",\"name\":\"Sumex Technology co.,ltd\",\"alternateName\":\"SumexTech Wellness Products\",\"url\":\"https:\/\/www.sumextech.com\/\",\"logo\":{\"@type\":\"ImageObject\",\"inLanguage\":\"fr-FR\",\"@id\":\"https:\/\/www.sumextech.com\/#\/schema\/logo\/image\/\",\"url\":\"https:\/\/www.sumextech.com\/wp-content\/uploads\/2020\/06\/20250801141548_29.webp\",\"contentUrl\":\"https:\/\/www.sumextech.com\/wp-content\/uploads\/2020\/06\/20250801141548_29.webp\",\"width\":692,\"height\":218,\"caption\":\"Sumex Technology co.,ltd\"},\"image\":{\"@id\":\"https:\/\/www.sumextech.com\/#\/schema\/logo\/image\/\"},\"sameAs\":[\"https:\/\/www.facebook.com\/profile.php?id=61581317690491\",\"https:\/\/www.instagram.com\/sophiey668\/\"]}]}<\/script>\n<!-- \/ Yoast SEO plugin. -->","yoast_head_json":{"title":"About Us - Sumex Technology co.,ltd","robots":{"index":"index","follow":"follow","max-snippet":"max-snippet:-1","max-image-preview":"max-image-preview:large","max-video-preview":"max-video-preview:-1"},"canonical":"https:\/\/www.sumextech.com\/fr\/about-us\/","og_locale":"fr_FR","og_type":"article","og_title":"About Us - Sumex Technology co.,ltd","og_description":"about us Sumex Technology co.,ltd is a owned subsidiary of Qingdao Sumeka Art&amp; Crafts Factory, we have been focusing on the big health industry for more than 15 years, located in Qingdao from 2010. Sumex engaged in the development and &hellip; Readmore","og_url":"https:\/\/www.sumextech.com\/fr\/about-us\/","og_site_name":"Sumex Technology co.,ltd","article_publisher":"https:\/\/www.facebook.com\/profile.php?id=61581317690491","article_modified_time":"2025-09-25T01:18:51+00:00","og_image":[{"width":4096,"height":3072,"url":"https:\/\/www.sumextech.com\/wp-content\/uploads\/2025\/09\/\u5357\u4eac-\u529e\u516c\u5ba4\u7167\u72472.webp","type":"image\/webp"}],"twitter_card":"summary_large_image","twitter_misc":{"Dur\u00e9e de lecture estim\u00e9e":"1 minute"},"schema":{"@context":"https:\/\/schema.org","@graph":[{"@type":"WebPage","@id":"https:\/\/www.sumextech.com\/about-us\/","url":"https:\/\/www.sumextech.com\/about-us\/","name":"About Us - Sumex Technology co.,ltd","isPartOf":{"@id":"https:\/\/www.sumextech.com\/#website"},"primaryImageOfPage":{"@id":"https:\/\/www.sumextech.com\/about-us\/#primaryimage"},"image":{"@id":"https:\/\/www.sumextech.com\/about-us\/#primaryimage"},"thumbnailUrl":"https:\/\/www.sumextech.com\/wp-content\/uploads\/2025\/09\/\u5357\u4eac-\u529e\u516c\u5ba4\u7167\u72472.webp","datePublished":"2016-10-14T02:02:22+00:00","dateModified":"2025-09-25T01:18:51+00:00","breadcrumb":{"@id":"https:\/\/www.sumextech.com\/about-us\/#breadcrumb"},"inLanguage":"fr-FR","potentialAction":[{"@type":"ReadAction","target":["https:\/\/www.sumextech.com\/about-us\/"]}]},{"@type":"ImageObject","inLanguage":"fr-FR","@id":"https:\/\/www.sumextech.com\/about-us\/#primaryimage","url":"https:\/\/www.sumextech.com\/wp-content\/uploads\/2025\/09\/\u5357\u4eac-\u529e\u516c\u5ba4\u7167\u72472.webp","contentUrl":"https:\/\/www.sumextech.com\/wp-content\/uploads\/2025\/09\/\u5357\u4eac-\u529e\u516c\u5ba4\u7167\u72472.webp","width":4096,"height":3072},{"@type":"BreadcrumbList","@id":"https:\/\/www.sumextech.com\/about-us\/#breadcrumb","itemListElement":[{"@type":"ListItem","position":1,"name":"\u9996\u9875","item":"https:\/\/www.sumextech.com\/"},{"@type":"ListItem","position":2,"name":"About Us"}]},{"@type":"WebSite","@id":"https:\/\/www.sumextech.com\/#website","url":"https:\/\/www.sumextech.com\/","name":"Sumex Technology co.,ltd","description":"Acheter un masseur corporel Wellness, des produits de beaut\u00e9 et de soins de la peau de Chine","publisher":{"@id":"https:\/\/www.sumextech.com\/#organization"},"alternateName":"SumexTech Wellness Products","potentialAction":[{"@type":"SearchAction","target":{"@type":"EntryPoint","urlTemplate":"https:\/\/www.sumextech.com\/?s={search_term_string}"},"query-input":{"@type":"PropertyValueSpecification","valueRequired":true,"valueName":"search_term_string"}}],"inLanguage":"fr-FR"},{"@type":"Organization","@id":"https:\/\/www.sumextech.com\/#organization","name":"Sumex Technology co.,ltd","alternateName":"SumexTech Wellness Products","url":"https:\/\/www.sumextech.com\/","logo":{"@type":"ImageObject","inLanguage":"fr-FR","@id":"https:\/\/www.sumextech.com\/#\/schema\/logo\/image\/","url":"https:\/\/www.sumextech.com\/wp-content\/uploads\/2020\/06\/20250801141548_29.webp","contentUrl":"https:\/\/www.sumextech.com\/wp-content\/uploads\/2020\/06\/20250801141548_29.webp","width":692,"height":218,"caption":"Sumex Technology co.,ltd"},"image":{"@id":"https:\/\/www.sumextech.com\/#\/schema\/logo\/image\/"},"sameAs":["https:\/\/www.facebook.com\/profile.php?id=61581317690491","https:\/\/www.instagram.com\/sophiey668\/"]}]}},"_links":{"self":[{"href":"https:\/\/www.sumextech.com\/fr\/wp-json\/wp\/v2\/pages\/1493","targetHints":{"allow":["GET"]}}],"collection":[{"href":"https:\/\/www.sumextech.com\/fr\/wp-json\/wp\/v2\/pages"}],"about":[{"href":"https:\/\/www.sumextech.com\/fr\/wp-json\/wp\/v2\/types\/page"}],"author":[{"embeddable":true,"href":"https:\/\/www.sumextech.com\/fr\/wp-json\/wp\/v2\/users\/1"}],"replies":[{"embeddable":true,"href":"https:\/\/www.sumextech.com\/fr\/wp-json\/wp\/v2\/comments?post=1493"}],"version-history":[{"count":31,"href":"https:\/\/www.sumextech.com\/fr\/wp-json\/wp\/v2\/pages\/1493\/revisions"}],"predecessor-version":[{"id":5076,"href":"https:\/\/www.sumextech.com\/fr\/wp-json\/wp\/v2\/pages\/1493\/revisions\/5076"}],"wp:featuredmedia":[{"embeddable":true,"href":"https:\/\/www.sumextech.com\/fr\/wp-json\/wp\/v2\/media\/5070"}],"wp:attachment":[{"href":"https:\/\/www.sumextech.com\/fr\/wp-json\/wp\/v2\/media?parent=1493"}],"curies":[{"name":"wp","href":"https:\/\/api.w.org\/{rel}","templated":true}]}}