{"id":4859,"date":"2025-08-01T07:37:24","date_gmt":"2025-08-01T07:37:24","guid":{"rendered":"http:\/\/www.sumextech.com\/?post_type=product&#038;p=4859"},"modified":"2025-10-28T02:35:30","modified_gmt":"2025-10-28T02:35:30","slug":"red-light-therapy-mask-2","status":"publish","type":"product","link":"https:\/\/www.sumextech.com\/es\/product\/red-light-therapy-mask-2\/","title":{"rendered":"Mascarilla de terapia con luz roja"},"content":{"rendered":"<p><img loading=\"lazy\" decoding=\"async\" class=\"alignnone size-full wp-image-5157\" src=\"https:\/\/www.sumextech.com\/wp-content\/uploads\/2025\/08\/80beads-1.webp\" alt=\"\" width=\"800\" height=\"800\" srcset=\"https:\/\/www.sumextech.com\/wp-content\/uploads\/2025\/08\/80beads-1.webp 800w, https:\/\/www.sumextech.com\/wp-content\/uploads\/2025\/08\/80beads-1-300x300.webp 300w, https:\/\/www.sumextech.com\/wp-content\/uploads\/2025\/08\/80beads-1-12x12.webp 12w\" sizes=\"auto, (max-width: 800px) 100vw, 800px\" \/> <img loading=\"lazy\" decoding=\"async\" class=\"alignnone size-full wp-image-5158\" src=\"https:\/\/www.sumextech.com\/wp-content\/uploads\/2025\/08\/80beads-2.webp\" alt=\"\" width=\"800\" height=\"800\" srcset=\"https:\/\/www.sumextech.com\/wp-content\/uploads\/2025\/08\/80beads-2.webp 800w, https:\/\/www.sumextech.com\/wp-content\/uploads\/2025\/08\/80beads-2-300x300.webp 300w, https:\/\/www.sumextech.com\/wp-content\/uploads\/2025\/08\/80beads-2-12x12.webp 12w\" sizes=\"auto, (max-width: 800px) 100vw, 800px\" \/> <img loading=\"lazy\" decoding=\"async\" class=\"alignnone size-full wp-image-5159\" src=\"https:\/\/www.sumextech.com\/wp-content\/uploads\/2025\/08\/80beads-3.webp\" alt=\"\" width=\"800\" height=\"800\" srcset=\"https:\/\/www.sumextech.com\/wp-content\/uploads\/2025\/08\/80beads-3.webp 800w, https:\/\/www.sumextech.com\/wp-content\/uploads\/2025\/08\/80beads-3-300x300.webp 300w, https:\/\/www.sumextech.com\/wp-content\/uploads\/2025\/08\/80beads-3-12x12.webp 12w\" sizes=\"auto, (max-width: 800px) 100vw, 800px\" \/> <img loading=\"lazy\" decoding=\"async\" class=\"alignnone size-full wp-image-5160\" src=\"https:\/\/www.sumextech.com\/wp-content\/uploads\/2025\/08\/80beads-4.webp\" alt=\"\" width=\"494\" height=\"519\" srcset=\"https:\/\/www.sumextech.com\/wp-content\/uploads\/2025\/08\/80beads-4.webp 494w, https:\/\/www.sumextech.com\/wp-content\/uploads\/2025\/08\/80beads-4-286x300.webp 286w, https:\/\/www.sumextech.com\/wp-content\/uploads\/2025\/08\/80beads-4-11x12.webp 11w\" sizes=\"auto, (max-width: 494px) 100vw, 494px\" \/><img loading=\"lazy\" decoding=\"async\" class=\"alignnone size-full wp-image-4863\" src=\"http:\/\/www.sumextech.com\/wp-content\/uploads\/2025\/08\/3-5.webp\" alt=\"\" width=\"790\" height=\"1070\" srcset=\"https:\/\/www.sumextech.com\/wp-content\/uploads\/2025\/08\/3-5.webp 790w, https:\/\/www.sumextech.com\/wp-content\/uploads\/2025\/08\/3-5-221x300.webp 221w\" sizes=\"auto, (max-width: 790px) 100vw, 790px\" \/> <img loading=\"lazy\" decoding=\"async\" class=\"alignnone size-full wp-image-4864\" src=\"http:\/\/www.sumextech.com\/wp-content\/uploads\/2025\/08\/3-6.webp\" alt=\"\" width=\"790\" height=\"1197\" srcset=\"https:\/\/www.sumextech.com\/wp-content\/uploads\/2025\/08\/3-6.webp 790w, https:\/\/www.sumextech.com\/wp-content\/uploads\/2025\/08\/3-6-198x300.webp 198w\" sizes=\"auto, (max-width: 790px) 100vw, 790px\" \/><\/p>","protected":false},"excerpt":{"rendered":"<p>Tecnolog\u00eda avanzada de terapia con luz roja:<\/p>\n<p>Experimente el siguiente nivel de cuidado de la piel con la mascarilla facial de luz roja, que utiliza 7 longitudes de onda de luz diferentes (roja, azul, verde, amarilla, morada, cian y blanca) para combatir eficazmente las l\u00edneas finas, las arrugas, el acn\u00e9 y la pigmentaci\u00f3n.<\/p>\n<p>Terapia de luz personalizable de 7 colores:<\/p>\n<p>Descubra el modo de luz perfecto para sus necesidades de cuidado de la piel. La luz roja de 625 nm mejora la elasticidad de la piel, el infrarrojo cercano de 850 nm favorece la renovaci\u00f3n natural, mientras que otras longitudes de onda especializadas (400-615 nm) trabajan en armon\u00eda para un cuidado integral. La terapia de luz roja led para el rostro tiene 3 niveles de luminosidad.<\/p>\n<p>Dise\u00f1o seguro y c\u00f3modo:<\/p>\n<p>Fabricada con silicona suave y respetuosa con la piel, se adapta c\u00f3modamente al contorno facial. Su dise\u00f1o ligero facilita su uso durante periodos prolongados, maximizando la eficacia del tratamiento. Los protectores oculares incorporados bloquean la entrada de luz en los ojos, lo que le proporciona comodidad durante los tratamientos sin forzar la vista.<\/p>\n<p>Port\u00e1til y recargable<br \/>\nCalidad profesional y resultados visibles: Nuestra m\u00e1scara de terapia de luz roja LED inal\u00e1mbrica Soeumoir proporciona un cuidado de la piel con calidad de sal\u00f3n de belleza<br \/>\nno dude en ponerse en contacto conmigo si tiene alguna duda durante el uso.<\/p>","protected":false},"featured_media":4860,"template":"","meta":[],"product_cat":[110],"product_tag":[],"product_brand":[],"class_list":["post-4859","product","type-product","status-publish","has-post-thumbnail","hentry","product_cat-red-light-therapy-mask"],"yoast_head":"<!-- This site is optimized with the Yoast SEO plugin v26.3 - https:\/\/yoast.com\/wordpress\/plugins\/seo\/ -->\n<title>Red Light Therapy Mask - Sumex Technology co.,ltd<\/title>\n<meta name=\"robots\" content=\"index, follow, max-snippet:-1, max-image-preview:large, max-video-preview:-1\" \/>\n<link rel=\"canonical\" href=\"https:\/\/www.sumextech.com\/es\/producto\/red-light-therapy-mask-2\/\" \/>\n<meta property=\"og:locale\" content=\"es_ES\" \/>\n<meta property=\"og:type\" content=\"article\" \/>\n<meta property=\"og:title\" content=\"Red Light Therapy Mask - Sumex Technology co.,ltd\" \/>\n<meta property=\"og:description\" content=\"Advanced Red Light Therapy Technology\u200c:  Experience the next level of skincare with red light face mask, utilizing 7 different wavelengths of lights (red, blue, green, yellow, purple, cyan, white) to effectivel target fine lines, wrinkles, acne, pigmentation.  Customizable 7-Color Light Therapy:  Discover the perfect light mode for your skincare needs. 625nm red light enhances skin elasticity, 850nm near-infrared supports natural renewal, while other specialized wavelengths (400-615nm) work in harmony for comprehensive care. The led red light therapy for face has 3 levels of brightness.  Safe &amp; Comfortable Design:  Crafted from soft, skin-friendly silicone, it conforms comfortably to your facial contours. Its lightweight design ensures easy wear for extended periods, maximizing treatment effectiveness. The built-in eye protectors blocks light entering your eyes, letting you comfort during treatments without straining your eyes.  Portable &amp; Rechargeable Professional Quality &amp; Visible Results: Our Soeumoir wireless LED red light therapy mask delivers salon-quality skincare free to contact me if you have any questions during use.\" \/>\n<meta property=\"og:url\" content=\"https:\/\/www.sumextech.com\/es\/producto\/red-light-therapy-mask-2\/\" \/>\n<meta property=\"og:site_name\" content=\"Sumex Technology co.,ltd\" \/>\n<meta property=\"article:publisher\" content=\"https:\/\/www.facebook.com\/profile.php?id=61581317690491\" \/>\n<meta property=\"article:modified_time\" content=\"2025-10-28T02:35:30+00:00\" \/>\n<meta property=\"og:image\" content=\"https:\/\/www.sumextech.com\/wp-content\/uploads\/2025\/08\/3-1.webp\" \/>\n\t<meta property=\"og:image:width\" content=\"800\" \/>\n\t<meta property=\"og:image:height\" content=\"800\" \/>\n\t<meta property=\"og:image:type\" content=\"image\/webp\" \/>\n<meta name=\"twitter:card\" content=\"summary_large_image\" \/>\n<script type=\"application\/ld+json\" class=\"yoast-schema-graph\">{\"@context\":\"https:\/\/schema.org\",\"@graph\":[{\"@type\":\"WebPage\",\"@id\":\"https:\/\/www.sumextech.com\/product\/red-light-therapy-mask-2\/\",\"url\":\"https:\/\/www.sumextech.com\/product\/red-light-therapy-mask-2\/\",\"name\":\"Red Light Therapy Mask - Sumex Technology co.,ltd\",\"isPartOf\":{\"@id\":\"https:\/\/www.sumextech.com\/#website\"},\"primaryImageOfPage\":{\"@id\":\"https:\/\/www.sumextech.com\/product\/red-light-therapy-mask-2\/#primaryimage\"},\"image\":{\"@id\":\"https:\/\/www.sumextech.com\/product\/red-light-therapy-mask-2\/#primaryimage\"},\"thumbnailUrl\":\"https:\/\/www.sumextech.com\/wp-content\/uploads\/2025\/08\/3-1.webp\",\"datePublished\":\"2025-08-01T07:37:24+00:00\",\"dateModified\":\"2025-10-28T02:35:30+00:00\",\"breadcrumb\":{\"@id\":\"https:\/\/www.sumextech.com\/product\/red-light-therapy-mask-2\/#breadcrumb\"},\"inLanguage\":\"es\",\"potentialAction\":[{\"@type\":\"ReadAction\",\"target\":[\"https:\/\/www.sumextech.com\/product\/red-light-therapy-mask-2\/\"]}]},{\"@type\":\"ImageObject\",\"inLanguage\":\"es\",\"@id\":\"https:\/\/www.sumextech.com\/product\/red-light-therapy-mask-2\/#primaryimage\",\"url\":\"https:\/\/www.sumextech.com\/wp-content\/uploads\/2025\/08\/3-1.webp\",\"contentUrl\":\"https:\/\/www.sumextech.com\/wp-content\/uploads\/2025\/08\/3-1.webp\",\"width\":800,\"height\":800},{\"@type\":\"BreadcrumbList\",\"@id\":\"https:\/\/www.sumextech.com\/product\/red-light-therapy-mask-2\/#breadcrumb\",\"itemListElement\":[{\"@type\":\"ListItem\",\"position\":1,\"name\":\"\u9996\u9875\",\"item\":\"https:\/\/www.sumextech.com\/\"},{\"@type\":\"ListItem\",\"position\":2,\"name\":\"Products\",\"item\":\"https:\/\/www.sumextech.com\/products\/\"},{\"@type\":\"ListItem\",\"position\":3,\"name\":\"Red Light Therapy Mask\"}]},{\"@type\":\"WebSite\",\"@id\":\"https:\/\/www.sumextech.com\/#website\",\"url\":\"https:\/\/www.sumextech.com\/\",\"name\":\"Sumex Technology co.,ltd\",\"description\":\"Buy Wellness Body Massager, Beauty and Skin Care Products from China\",\"publisher\":{\"@id\":\"https:\/\/www.sumextech.com\/#organization\"},\"alternateName\":\"SumexTech Wellness Products\",\"potentialAction\":[{\"@type\":\"SearchAction\",\"target\":{\"@type\":\"EntryPoint\",\"urlTemplate\":\"https:\/\/www.sumextech.com\/?s={search_term_string}\"},\"query-input\":{\"@type\":\"PropertyValueSpecification\",\"valueRequired\":true,\"valueName\":\"search_term_string\"}}],\"inLanguage\":\"es\"},{\"@type\":\"Organization\",\"@id\":\"https:\/\/www.sumextech.com\/#organization\",\"name\":\"Sumex Technology co.,ltd\",\"alternateName\":\"SumexTech Wellness Products\",\"url\":\"https:\/\/www.sumextech.com\/\",\"logo\":{\"@type\":\"ImageObject\",\"inLanguage\":\"es\",\"@id\":\"https:\/\/www.sumextech.com\/#\/schema\/logo\/image\/\",\"url\":\"https:\/\/www.sumextech.com\/wp-content\/uploads\/2020\/06\/20250801141548_29.webp\",\"contentUrl\":\"https:\/\/www.sumextech.com\/wp-content\/uploads\/2020\/06\/20250801141548_29.webp\",\"width\":692,\"height\":218,\"caption\":\"Sumex Technology co.,ltd\"},\"image\":{\"@id\":\"https:\/\/www.sumextech.com\/#\/schema\/logo\/image\/\"},\"sameAs\":[\"https:\/\/www.facebook.com\/profile.php?id=61581317690491\",\"https:\/\/www.instagram.com\/sophiey668\/\"]}]}<\/script>\n<!-- \/ Yoast SEO plugin. -->","yoast_head_json":{"title":"Red Light Therapy Mask - Sumex Technology co.,ltd","robots":{"index":"index","follow":"follow","max-snippet":"max-snippet:-1","max-image-preview":"max-image-preview:large","max-video-preview":"max-video-preview:-1"},"canonical":"https:\/\/www.sumextech.com\/es\/producto\/red-light-therapy-mask-2\/","og_locale":"es_ES","og_type":"article","og_title":"Red Light Therapy Mask - Sumex Technology co.,ltd","og_description":"Advanced Red Light Therapy Technology\u200c:  Experience the next level of skincare with red light face mask, utilizing 7 different wavelengths of lights (red, blue, green, yellow, purple, cyan, white) to effectivel target fine lines, wrinkles, acne, pigmentation.  Customizable 7-Color Light Therapy:  Discover the perfect light mode for your skincare needs. 625nm red light enhances skin elasticity, 850nm near-infrared supports natural renewal, while other specialized wavelengths (400-615nm) work in harmony for comprehensive care. The led red light therapy for face has 3 levels of brightness.  Safe &amp; Comfortable Design:  Crafted from soft, skin-friendly silicone, it conforms comfortably to your facial contours. Its lightweight design ensures easy wear for extended periods, maximizing treatment effectiveness. The built-in eye protectors blocks light entering your eyes, letting you comfort during treatments without straining your eyes.  Portable &amp; Rechargeable Professional Quality &amp; Visible Results: Our Soeumoir wireless LED red light therapy mask delivers salon-quality skincare free to contact me if you have any questions during use.","og_url":"https:\/\/www.sumextech.com\/es\/producto\/red-light-therapy-mask-2\/","og_site_name":"Sumex Technology co.,ltd","article_publisher":"https:\/\/www.facebook.com\/profile.php?id=61581317690491","article_modified_time":"2025-10-28T02:35:30+00:00","og_image":[{"width":800,"height":800,"url":"https:\/\/www.sumextech.com\/wp-content\/uploads\/2025\/08\/3-1.webp","type":"image\/webp"}],"twitter_card":"summary_large_image","schema":{"@context":"https:\/\/schema.org","@graph":[{"@type":"WebPage","@id":"https:\/\/www.sumextech.com\/product\/red-light-therapy-mask-2\/","url":"https:\/\/www.sumextech.com\/product\/red-light-therapy-mask-2\/","name":"Red Light Therapy Mask - Sumex Technology co.,ltd","isPartOf":{"@id":"https:\/\/www.sumextech.com\/#website"},"primaryImageOfPage":{"@id":"https:\/\/www.sumextech.com\/product\/red-light-therapy-mask-2\/#primaryimage"},"image":{"@id":"https:\/\/www.sumextech.com\/product\/red-light-therapy-mask-2\/#primaryimage"},"thumbnailUrl":"https:\/\/www.sumextech.com\/wp-content\/uploads\/2025\/08\/3-1.webp","datePublished":"2025-08-01T07:37:24+00:00","dateModified":"2025-10-28T02:35:30+00:00","breadcrumb":{"@id":"https:\/\/www.sumextech.com\/product\/red-light-therapy-mask-2\/#breadcrumb"},"inLanguage":"es","potentialAction":[{"@type":"ReadAction","target":["https:\/\/www.sumextech.com\/product\/red-light-therapy-mask-2\/"]}]},{"@type":"ImageObject","inLanguage":"es","@id":"https:\/\/www.sumextech.com\/product\/red-light-therapy-mask-2\/#primaryimage","url":"https:\/\/www.sumextech.com\/wp-content\/uploads\/2025\/08\/3-1.webp","contentUrl":"https:\/\/www.sumextech.com\/wp-content\/uploads\/2025\/08\/3-1.webp","width":800,"height":800},{"@type":"BreadcrumbList","@id":"https:\/\/www.sumextech.com\/product\/red-light-therapy-mask-2\/#breadcrumb","itemListElement":[{"@type":"ListItem","position":1,"name":"\u9996\u9875","item":"https:\/\/www.sumextech.com\/"},{"@type":"ListItem","position":2,"name":"Products","item":"https:\/\/www.sumextech.com\/products\/"},{"@type":"ListItem","position":3,"name":"Red Light Therapy Mask"}]},{"@type":"WebSite","@id":"https:\/\/www.sumextech.com\/#website","url":"https:\/\/www.sumextech.com\/","name":"Sumex Technology co.,ltd","description":"Buy Wellness Body Massager, Beauty and Skin Care Products from China","publisher":{"@id":"https:\/\/www.sumextech.com\/#organization"},"alternateName":"SumexTech Wellness Products","potentialAction":[{"@type":"SearchAction","target":{"@type":"EntryPoint","urlTemplate":"https:\/\/www.sumextech.com\/?s={search_term_string}"},"query-input":{"@type":"PropertyValueSpecification","valueRequired":true,"valueName":"search_term_string"}}],"inLanguage":"es"},{"@type":"Organization","@id":"https:\/\/www.sumextech.com\/#organization","name":"Sumex Technology co.,ltd","alternateName":"SumexTech Wellness Products","url":"https:\/\/www.sumextech.com\/","logo":{"@type":"ImageObject","inLanguage":"es","@id":"https:\/\/www.sumextech.com\/#\/schema\/logo\/image\/","url":"https:\/\/www.sumextech.com\/wp-content\/uploads\/2020\/06\/20250801141548_29.webp","contentUrl":"https:\/\/www.sumextech.com\/wp-content\/uploads\/2020\/06\/20250801141548_29.webp","width":692,"height":218,"caption":"Sumex Technology co.,ltd"},"image":{"@id":"https:\/\/www.sumextech.com\/#\/schema\/logo\/image\/"},"sameAs":["https:\/\/www.facebook.com\/profile.php?id=61581317690491","https:\/\/www.instagram.com\/sophiey668\/"]}]}},"_links":{"self":[{"href":"https:\/\/www.sumextech.com\/es\/wp-json\/wp\/v2\/product\/4859","targetHints":{"allow":["GET"]}}],"collection":[{"href":"https:\/\/www.sumextech.com\/es\/wp-json\/wp\/v2\/product"}],"about":[{"href":"https:\/\/www.sumextech.com\/es\/wp-json\/wp\/v2\/types\/product"}],"wp:featuredmedia":[{"embeddable":true,"href":"https:\/\/www.sumextech.com\/es\/wp-json\/wp\/v2\/media\/4860"}],"wp:attachment":[{"href":"https:\/\/www.sumextech.com\/es\/wp-json\/wp\/v2\/media?parent=4859"}],"wp:term":[{"taxonomy":"product_cat","embeddable":true,"href":"https:\/\/www.sumextech.com\/es\/wp-json\/wp\/v2\/product_cat?post=4859"},{"taxonomy":"product_tag","embeddable":true,"href":"https:\/\/www.sumextech.com\/es\/wp-json\/wp\/v2\/product_tag?post=4859"},{"taxonomy":"product_brand","embeddable":true,"href":"https:\/\/www.sumextech.com\/es\/wp-json\/wp\/v2\/product_brand?post=4859"}],"curies":[{"name":"wp","href":"https:\/\/api.w.org\/{rel}","templated":true}]}}