{"id":4849,"date":"2025-08-01T07:36:37","date_gmt":"2025-08-01T07:36:37","guid":{"rendered":"http:\/\/www.sumextech.com\/?post_type=product&#038;p=4849"},"modified":"2025-08-01T07:36:38","modified_gmt":"2025-08-01T07:36:38","slug":"red-light-therapy-mask","status":"publish","type":"product","link":"https:\/\/www.sumextech.com\/es\/product\/red-light-therapy-mask\/","title":{"rendered":"Mascarilla de terapia con luz roja"},"content":{"rendered":"<p><img loading=\"lazy\" decoding=\"async\" class=\"alignnone size-full wp-image-4854\" src=\"http:\/\/www.sumextech.com\/wp-content\/uploads\/2025\/08\/1-2_.webp\" alt=\"\" width=\"790\" height=\"1072\" srcset=\"https:\/\/www.sumextech.com\/wp-content\/uploads\/2025\/08\/1-2_.webp 790w, https:\/\/www.sumextech.com\/wp-content\/uploads\/2025\/08\/1-2_-221x300.webp 221w\" sizes=\"auto, (max-width: 790px) 100vw, 790px\" \/> <img loading=\"lazy\" decoding=\"async\" class=\"alignnone size-full wp-image-4855\" src=\"http:\/\/www.sumextech.com\/wp-content\/uploads\/2025\/08\/1-3-1.webp\" alt=\"\" width=\"790\" height=\"908\" srcset=\"https:\/\/www.sumextech.com\/wp-content\/uploads\/2025\/08\/1-3-1.webp 790w, https:\/\/www.sumextech.com\/wp-content\/uploads\/2025\/08\/1-3-1-261x300.webp 261w\" sizes=\"auto, (max-width: 790px) 100vw, 790px\" \/> <img loading=\"lazy\" decoding=\"async\" class=\"alignnone size-full wp-image-4856\" src=\"http:\/\/www.sumextech.com\/wp-content\/uploads\/2025\/08\/1-4-3.webp\" alt=\"\" width=\"790\" height=\"925\" srcset=\"https:\/\/www.sumextech.com\/wp-content\/uploads\/2025\/08\/1-4-3.webp 790w, https:\/\/www.sumextech.com\/wp-content\/uploads\/2025\/08\/1-4-3-256x300.webp 256w\" sizes=\"auto, (max-width: 790px) 100vw, 790px\" \/> <img loading=\"lazy\" decoding=\"async\" class=\"alignnone size-full wp-image-4857\" src=\"http:\/\/www.sumextech.com\/wp-content\/uploads\/2025\/08\/1-5-2.webp\" alt=\"\" width=\"790\" height=\"1179\" srcset=\"https:\/\/www.sumextech.com\/wp-content\/uploads\/2025\/08\/1-5-2.webp 790w, https:\/\/www.sumextech.com\/wp-content\/uploads\/2025\/08\/1-5-2-201x300.webp 201w\" sizes=\"auto, (max-width: 790px) 100vw, 790px\" \/> <img loading=\"lazy\" decoding=\"async\" class=\"alignnone size-full wp-image-4858\" src=\"http:\/\/www.sumextech.com\/wp-content\/uploads\/2025\/08\/1-6-2.webp\" alt=\"\" width=\"790\" height=\"1276\" srcset=\"https:\/\/www.sumextech.com\/wp-content\/uploads\/2025\/08\/1-6-2.webp 790w, https:\/\/www.sumextech.com\/wp-content\/uploads\/2025\/08\/1-6-2-186x300.webp 186w\" sizes=\"auto, (max-width: 790px) 100vw, 790px\" \/><\/p>","protected":false},"excerpt":{"rendered":"<p>\u3010Experimente la Terapia Avanzada de Luz Roja para el Rostro\u3011Disfrute del poder transformador de nuestra m\u00e1scara de terapia de luz roja de grado cl\u00ednico. A medida que aumenta la s\u00edntesis de col\u00e1geno, su piel se vuelve m\u00e1s firme, y las l\u00edneas finas comienzan a desaparecer. La circulaci\u00f3n sangu\u00ednea mejorada tambi\u00e9n nutre las c\u00e9lulas de la piel.<br \/>\n\u301088 Perlas LED y Reparaci\u00f3n Profunda\u3011Esta terapia de m\u00e1scara facial LED cuenta con 88 perlas de luz de alta calidad, lo que aumenta el efecto de agregaci\u00f3n de ondas de luz y la eficiencia energ\u00e9tica, ayudando a mejorar la condici\u00f3n de la piel de toda la cara.<br \/>\n\u3010With Neck Device &amp;Convenient Efficient\u3011Dise\u00f1ado para una compatibilidad perfecta, este accesorio para el cuello se empareja con nuestra m\u00e1scara de terapia de luz en un instante. Con un tiempo de carga r\u00e1pido de 40 minutos y una impresionante duraci\u00f3n de la bater\u00eda de 90 minutos.<br \/>\n\u3010No Power Wire &amp; Safe Design\u3011Este instrumento de cuidado de la piel fot\u00f3n recargable utilizar la \u00faltima bater\u00eda recargable de alta capacidad que puede relajarse y disfrutar de sus sesiones de terapia de luz infrarroja sin ninguna molestia.<\/p>","protected":false},"featured_media":4850,"template":"","meta":[],"product_cat":[110],"product_tag":[],"product_brand":[],"class_list":["post-4849","product","type-product","status-publish","has-post-thumbnail","hentry","product_cat-red-light-therapy-mask"],"yoast_head":"<!-- This site is optimized with the Yoast SEO plugin v26.3 - https:\/\/yoast.com\/wordpress\/plugins\/seo\/ -->\n<title>Red Light Therapy Mask - Sumex Technology co.,ltd<\/title>\n<meta name=\"robots\" content=\"index, follow, max-snippet:-1, max-image-preview:large, max-video-preview:-1\" \/>\n<link rel=\"canonical\" href=\"https:\/\/www.sumextech.com\/es\/producto\/red-light-therapy-mask\/\" \/>\n<meta property=\"og:locale\" content=\"es_ES\" \/>\n<meta property=\"og:type\" content=\"article\" \/>\n<meta property=\"og:title\" content=\"Red Light Therapy Mask - Sumex Technology co.,ltd\" \/>\n<meta property=\"og:description\" content=\"\u3010Experience Advanced Red Light Therapy for Face\u3011Indulge in the transformative power of our clinical - grade red light therapy mask. As collagen synthesis increases, your skin becomes firmer, and fine lines start to fade. The enhanced blood circulation also nourishes skin cells. \u301088 LED Beads &amp; Deep Repair\u3011This LED face mask therapy features 88 high-quality light beads, which increases the light wave aggregation effect and the energy efficiency, helping to improve the skin condition of the entire face. \u3010With Neck Device &amp;Convenient Efficient\u3011Engineered for seamless compatibility, this neck attachment pairs with our light therapy mask in a snap. With a rapid 40-minute charging time and an impressive 90-minute battery life. \u3010No Power Wire &amp; Safe Design\u3011This rechargeable photon skin care instrument use the latest rechargeable high-capacity battery you can relax and enjoy your infrared light therapy sessions without any discomfort.\" \/>\n<meta property=\"og:url\" content=\"https:\/\/www.sumextech.com\/es\/producto\/red-light-therapy-mask\/\" \/>\n<meta property=\"og:site_name\" content=\"Sumex Technology co.,ltd\" \/>\n<meta property=\"article:publisher\" content=\"https:\/\/www.facebook.com\/profile.php?id=61581317690491\" \/>\n<meta property=\"article:modified_time\" content=\"2025-08-01T07:36:38+00:00\" \/>\n<meta property=\"og:image\" content=\"https:\/\/www.sumextech.com\/wp-content\/uploads\/2025\/08\/1-1-5.webp\" \/>\n\t<meta property=\"og:image:width\" content=\"800\" \/>\n\t<meta property=\"og:image:height\" content=\"800\" \/>\n\t<meta property=\"og:image:type\" content=\"image\/webp\" \/>\n<meta name=\"twitter:card\" content=\"summary_large_image\" \/>\n<script type=\"application\/ld+json\" class=\"yoast-schema-graph\">{\"@context\":\"https:\/\/schema.org\",\"@graph\":[{\"@type\":\"WebPage\",\"@id\":\"https:\/\/www.sumextech.com\/product\/red-light-therapy-mask\/\",\"url\":\"https:\/\/www.sumextech.com\/product\/red-light-therapy-mask\/\",\"name\":\"Red Light Therapy Mask - Sumex Technology co.,ltd\",\"isPartOf\":{\"@id\":\"https:\/\/www.sumextech.com\/#website\"},\"primaryImageOfPage\":{\"@id\":\"https:\/\/www.sumextech.com\/product\/red-light-therapy-mask\/#primaryimage\"},\"image\":{\"@id\":\"https:\/\/www.sumextech.com\/product\/red-light-therapy-mask\/#primaryimage\"},\"thumbnailUrl\":\"https:\/\/www.sumextech.com\/wp-content\/uploads\/2025\/08\/1-1-5.webp\",\"datePublished\":\"2025-08-01T07:36:37+00:00\",\"dateModified\":\"2025-08-01T07:36:38+00:00\",\"breadcrumb\":{\"@id\":\"https:\/\/www.sumextech.com\/product\/red-light-therapy-mask\/#breadcrumb\"},\"inLanguage\":\"es\",\"potentialAction\":[{\"@type\":\"ReadAction\",\"target\":[\"https:\/\/www.sumextech.com\/product\/red-light-therapy-mask\/\"]}]},{\"@type\":\"ImageObject\",\"inLanguage\":\"es\",\"@id\":\"https:\/\/www.sumextech.com\/product\/red-light-therapy-mask\/#primaryimage\",\"url\":\"https:\/\/www.sumextech.com\/wp-content\/uploads\/2025\/08\/1-1-5.webp\",\"contentUrl\":\"https:\/\/www.sumextech.com\/wp-content\/uploads\/2025\/08\/1-1-5.webp\",\"width\":800,\"height\":800},{\"@type\":\"BreadcrumbList\",\"@id\":\"https:\/\/www.sumextech.com\/product\/red-light-therapy-mask\/#breadcrumb\",\"itemListElement\":[{\"@type\":\"ListItem\",\"position\":1,\"name\":\"\u9996\u9875\",\"item\":\"https:\/\/www.sumextech.com\/\"},{\"@type\":\"ListItem\",\"position\":2,\"name\":\"Products\",\"item\":\"https:\/\/www.sumextech.com\/products\/\"},{\"@type\":\"ListItem\",\"position\":3,\"name\":\"Red Light Therapy Mask\"}]},{\"@type\":\"WebSite\",\"@id\":\"https:\/\/www.sumextech.com\/#website\",\"url\":\"https:\/\/www.sumextech.com\/\",\"name\":\"Sumex Technology co.,ltd\",\"description\":\"Buy Wellness Body Massager, Beauty and Skin Care Products from China\",\"publisher\":{\"@id\":\"https:\/\/www.sumextech.com\/#organization\"},\"alternateName\":\"SumexTech Wellness Products\",\"potentialAction\":[{\"@type\":\"SearchAction\",\"target\":{\"@type\":\"EntryPoint\",\"urlTemplate\":\"https:\/\/www.sumextech.com\/?s={search_term_string}\"},\"query-input\":{\"@type\":\"PropertyValueSpecification\",\"valueRequired\":true,\"valueName\":\"search_term_string\"}}],\"inLanguage\":\"es\"},{\"@type\":\"Organization\",\"@id\":\"https:\/\/www.sumextech.com\/#organization\",\"name\":\"Sumex Technology co.,ltd\",\"alternateName\":\"SumexTech Wellness Products\",\"url\":\"https:\/\/www.sumextech.com\/\",\"logo\":{\"@type\":\"ImageObject\",\"inLanguage\":\"es\",\"@id\":\"https:\/\/www.sumextech.com\/#\/schema\/logo\/image\/\",\"url\":\"https:\/\/www.sumextech.com\/wp-content\/uploads\/2020\/06\/20250801141548_29.webp\",\"contentUrl\":\"https:\/\/www.sumextech.com\/wp-content\/uploads\/2020\/06\/20250801141548_29.webp\",\"width\":692,\"height\":218,\"caption\":\"Sumex Technology co.,ltd\"},\"image\":{\"@id\":\"https:\/\/www.sumextech.com\/#\/schema\/logo\/image\/\"},\"sameAs\":[\"https:\/\/www.facebook.com\/profile.php?id=61581317690491\",\"https:\/\/www.instagram.com\/sophiey668\/\"]}]}<\/script>\n<!-- \/ Yoast SEO plugin. -->","yoast_head_json":{"title":"Red Light Therapy Mask - Sumex Technology co.,ltd","robots":{"index":"index","follow":"follow","max-snippet":"max-snippet:-1","max-image-preview":"max-image-preview:large","max-video-preview":"max-video-preview:-1"},"canonical":"https:\/\/www.sumextech.com\/es\/producto\/red-light-therapy-mask\/","og_locale":"es_ES","og_type":"article","og_title":"Red Light Therapy Mask - Sumex Technology co.,ltd","og_description":"\u3010Experience Advanced Red Light Therapy for Face\u3011Indulge in the transformative power of our clinical - grade red light therapy mask. As collagen synthesis increases, your skin becomes firmer, and fine lines start to fade. The enhanced blood circulation also nourishes skin cells. \u301088 LED Beads &amp; Deep Repair\u3011This LED face mask therapy features 88 high-quality light beads, which increases the light wave aggregation effect and the energy efficiency, helping to improve the skin condition of the entire face. \u3010With Neck Device &amp;Convenient Efficient\u3011Engineered for seamless compatibility, this neck attachment pairs with our light therapy mask in a snap. With a rapid 40-minute charging time and an impressive 90-minute battery life. \u3010No Power Wire &amp; Safe Design\u3011This rechargeable photon skin care instrument use the latest rechargeable high-capacity battery you can relax and enjoy your infrared light therapy sessions without any discomfort.","og_url":"https:\/\/www.sumextech.com\/es\/producto\/red-light-therapy-mask\/","og_site_name":"Sumex Technology co.,ltd","article_publisher":"https:\/\/www.facebook.com\/profile.php?id=61581317690491","article_modified_time":"2025-08-01T07:36:38+00:00","og_image":[{"width":800,"height":800,"url":"https:\/\/www.sumextech.com\/wp-content\/uploads\/2025\/08\/1-1-5.webp","type":"image\/webp"}],"twitter_card":"summary_large_image","schema":{"@context":"https:\/\/schema.org","@graph":[{"@type":"WebPage","@id":"https:\/\/www.sumextech.com\/product\/red-light-therapy-mask\/","url":"https:\/\/www.sumextech.com\/product\/red-light-therapy-mask\/","name":"Red Light Therapy Mask - Sumex Technology co.,ltd","isPartOf":{"@id":"https:\/\/www.sumextech.com\/#website"},"primaryImageOfPage":{"@id":"https:\/\/www.sumextech.com\/product\/red-light-therapy-mask\/#primaryimage"},"image":{"@id":"https:\/\/www.sumextech.com\/product\/red-light-therapy-mask\/#primaryimage"},"thumbnailUrl":"https:\/\/www.sumextech.com\/wp-content\/uploads\/2025\/08\/1-1-5.webp","datePublished":"2025-08-01T07:36:37+00:00","dateModified":"2025-08-01T07:36:38+00:00","breadcrumb":{"@id":"https:\/\/www.sumextech.com\/product\/red-light-therapy-mask\/#breadcrumb"},"inLanguage":"es","potentialAction":[{"@type":"ReadAction","target":["https:\/\/www.sumextech.com\/product\/red-light-therapy-mask\/"]}]},{"@type":"ImageObject","inLanguage":"es","@id":"https:\/\/www.sumextech.com\/product\/red-light-therapy-mask\/#primaryimage","url":"https:\/\/www.sumextech.com\/wp-content\/uploads\/2025\/08\/1-1-5.webp","contentUrl":"https:\/\/www.sumextech.com\/wp-content\/uploads\/2025\/08\/1-1-5.webp","width":800,"height":800},{"@type":"BreadcrumbList","@id":"https:\/\/www.sumextech.com\/product\/red-light-therapy-mask\/#breadcrumb","itemListElement":[{"@type":"ListItem","position":1,"name":"\u9996\u9875","item":"https:\/\/www.sumextech.com\/"},{"@type":"ListItem","position":2,"name":"Products","item":"https:\/\/www.sumextech.com\/products\/"},{"@type":"ListItem","position":3,"name":"Red Light Therapy Mask"}]},{"@type":"WebSite","@id":"https:\/\/www.sumextech.com\/#website","url":"https:\/\/www.sumextech.com\/","name":"Sumex Technology co.,ltd","description":"Buy Wellness Body Massager, Beauty and Skin Care Products from China","publisher":{"@id":"https:\/\/www.sumextech.com\/#organization"},"alternateName":"SumexTech Wellness Products","potentialAction":[{"@type":"SearchAction","target":{"@type":"EntryPoint","urlTemplate":"https:\/\/www.sumextech.com\/?s={search_term_string}"},"query-input":{"@type":"PropertyValueSpecification","valueRequired":true,"valueName":"search_term_string"}}],"inLanguage":"es"},{"@type":"Organization","@id":"https:\/\/www.sumextech.com\/#organization","name":"Sumex Technology co.,ltd","alternateName":"SumexTech Wellness Products","url":"https:\/\/www.sumextech.com\/","logo":{"@type":"ImageObject","inLanguage":"es","@id":"https:\/\/www.sumextech.com\/#\/schema\/logo\/image\/","url":"https:\/\/www.sumextech.com\/wp-content\/uploads\/2020\/06\/20250801141548_29.webp","contentUrl":"https:\/\/www.sumextech.com\/wp-content\/uploads\/2020\/06\/20250801141548_29.webp","width":692,"height":218,"caption":"Sumex Technology co.,ltd"},"image":{"@id":"https:\/\/www.sumextech.com\/#\/schema\/logo\/image\/"},"sameAs":["https:\/\/www.facebook.com\/profile.php?id=61581317690491","https:\/\/www.instagram.com\/sophiey668\/"]}]}},"_links":{"self":[{"href":"https:\/\/www.sumextech.com\/es\/wp-json\/wp\/v2\/product\/4849","targetHints":{"allow":["GET"]}}],"collection":[{"href":"https:\/\/www.sumextech.com\/es\/wp-json\/wp\/v2\/product"}],"about":[{"href":"https:\/\/www.sumextech.com\/es\/wp-json\/wp\/v2\/types\/product"}],"wp:featuredmedia":[{"embeddable":true,"href":"https:\/\/www.sumextech.com\/es\/wp-json\/wp\/v2\/media\/4850"}],"wp:attachment":[{"href":"https:\/\/www.sumextech.com\/es\/wp-json\/wp\/v2\/media?parent=4849"}],"wp:term":[{"taxonomy":"product_cat","embeddable":true,"href":"https:\/\/www.sumextech.com\/es\/wp-json\/wp\/v2\/product_cat?post=4849"},{"taxonomy":"product_tag","embeddable":true,"href":"https:\/\/www.sumextech.com\/es\/wp-json\/wp\/v2\/product_tag?post=4849"},{"taxonomy":"product_brand","embeddable":true,"href":"https:\/\/www.sumextech.com\/es\/wp-json\/wp\/v2\/product_brand?post=4849"}],"curies":[{"name":"wp","href":"https:\/\/api.w.org\/{rel}","templated":true}]}}