{"id":4801,"date":"2025-08-01T07:18:18","date_gmt":"2025-08-01T07:18:18","guid":{"rendered":"http:\/\/www.sumextech.com\/?post_type=product&#038;p=4801"},"modified":"2025-11-05T05:52:04","modified_gmt":"2025-11-05T05:52:04","slug":"celluslim-vacuum-massager","status":"publish","type":"product","link":"https:\/\/www.sumextech.com\/es\/product\/celluslim-vacuum-massager\/","title":{"rendered":"Body Sculptor 3 en 1 - Masajeador modelador corporal"},"content":{"rendered":"<h3>Masajeador Celul\u00edtico 3 en 1:<br \/>\nEste masajeador el\u00e9ctrico anticelul\u00edtico est\u00e1 dise\u00f1ado para masajear, tensar la piel, integrando las funciones de ventosas, terapia de calor y gua sha en un solo aparato.<br \/>\nModos duales con ajustes regulables: Esta m\u00e1quina de esculpir cuenta con dos modos y tres niveles de intensidad, centr\u00e1ndose en el modelado y la activaci\u00f3n muscular, con opciones flexibles para adaptarse a diferentes necesidades. Promueve eficazmente la contracci\u00f3n y relajaci\u00f3n muscular y estimula la producci\u00f3n de col\u00e1geno, dejando la piel m\u00e1s firme y tersa<br \/>\nMejora de problemas localizados: Esta m\u00e1quina el\u00e9ctrica de luz roja contra la celulitis cuenta con un cabezal de masaje redondeado que se adapta c\u00f3modamente a la piel y se dirige f\u00e1cilmente a problemas localizados.<br \/>\nDise\u00f1o Ligero y Vers\u00e1til: Este masajeador de celulitis 3-en-1 Cupping Therapy es muy vers\u00e1til, equipado con dos ventosas para adaptarse a diversas \u00e1reas, desde la cara hasta la espalda, el abdomen, la cintura, los brazos y las piernas.<br \/>\nFuncionamiento eficaz y seguro: El dise\u00f1o de liberaci\u00f3n de succi\u00f3n activa, garantizar la seguridad y fiabilidad.<\/h3>","protected":false},"excerpt":{"rendered":"<p>3-in-1 Cellulite Massager: This Electric Cellulite Massager is designed for massage, skin tightening, integrating cupping, heat therapy, and gua sha functions in one device. Dual Modes with Adjustable Settings: This Sculpting Machine features two modes and three intensity levels, focusing &hellip; <a href=\"https:\/\/www.sumextech.com\/es\/product\/celluslim-vacuum-massager\/\">Readmore<\/a><\/p>","protected":false},"featured_media":4802,"template":"","meta":[],"product_cat":[105],"product_tag":[],"product_brand":[],"class_list":["post-4801","product","type-product","status-publish","has-post-thumbnail","hentry","product_cat-hanheld-amp-guasha-massager"],"yoast_head":"<!-- This site is optimized with the Yoast SEO plugin v26.3 - https:\/\/yoast.com\/wordpress\/plugins\/seo\/ -->\n<title>3-in-1 Body Sculptor - Body Sculpting Massager - Sumex Technology co.,ltd<\/title>\n<meta name=\"robots\" content=\"index, follow, max-snippet:-1, max-image-preview:large, max-video-preview:-1\" \/>\n<link rel=\"canonical\" href=\"https:\/\/www.sumextech.com\/es\/producto\/celluslim-vacuum-massager\/\" \/>\n<meta property=\"og:locale\" content=\"es_ES\" \/>\n<meta property=\"og:type\" content=\"article\" \/>\n<meta property=\"og:title\" content=\"3-in-1 Body Sculptor - Body Sculpting Massager - Sumex Technology co.,ltd\" \/>\n<meta property=\"og:description\" content=\"3-in-1 Cellulite Massager: This Electric Cellulite Massager is designed for massage, skin tightening, integrating cupping, heat therapy, and gua sha functions in one device. Dual Modes with Adjustable Settings: This Sculpting Machine features two modes and three intensity levels, focusing &hellip; Readmore\" \/>\n<meta property=\"og:url\" content=\"https:\/\/www.sumextech.com\/es\/producto\/celluslim-vacuum-massager\/\" \/>\n<meta property=\"og:site_name\" content=\"Sumex Technology co.,ltd\" \/>\n<meta property=\"article:publisher\" content=\"https:\/\/www.facebook.com\/profile.php?id=61581317690491\" \/>\n<meta property=\"article:modified_time\" content=\"2025-11-05T05:52:04+00:00\" \/>\n<meta property=\"og:image\" content=\"https:\/\/www.sumextech.com\/wp-content\/uploads\/2025\/08\/1.1-3.webp\" \/>\n\t<meta property=\"og:image:width\" content=\"800\" \/>\n\t<meta property=\"og:image:height\" content=\"800\" \/>\n\t<meta property=\"og:image:type\" content=\"image\/webp\" \/>\n<meta name=\"twitter:card\" content=\"summary_large_image\" \/>\n<meta name=\"twitter:label1\" content=\"Tiempo de lectura\" \/>\n\t<meta name=\"twitter:data1\" content=\"1 minuto\" \/>\n<script type=\"application\/ld+json\" class=\"yoast-schema-graph\">{\"@context\":\"https:\/\/schema.org\",\"@graph\":[{\"@type\":\"WebPage\",\"@id\":\"https:\/\/www.sumextech.com\/product\/celluslim-vacuum-massager\/\",\"url\":\"https:\/\/www.sumextech.com\/product\/celluslim-vacuum-massager\/\",\"name\":\"3-in-1 Body Sculptor - Body Sculpting Massager - Sumex Technology co.,ltd\",\"isPartOf\":{\"@id\":\"https:\/\/www.sumextech.com\/#website\"},\"primaryImageOfPage\":{\"@id\":\"https:\/\/www.sumextech.com\/product\/celluslim-vacuum-massager\/#primaryimage\"},\"image\":{\"@id\":\"https:\/\/www.sumextech.com\/product\/celluslim-vacuum-massager\/#primaryimage\"},\"thumbnailUrl\":\"https:\/\/www.sumextech.com\/wp-content\/uploads\/2025\/08\/1.1-3.webp\",\"datePublished\":\"2025-08-01T07:18:18+00:00\",\"dateModified\":\"2025-11-05T05:52:04+00:00\",\"breadcrumb\":{\"@id\":\"https:\/\/www.sumextech.com\/product\/celluslim-vacuum-massager\/#breadcrumb\"},\"inLanguage\":\"es\",\"potentialAction\":[{\"@type\":\"ReadAction\",\"target\":[\"https:\/\/www.sumextech.com\/product\/celluslim-vacuum-massager\/\"]}]},{\"@type\":\"ImageObject\",\"inLanguage\":\"es\",\"@id\":\"https:\/\/www.sumextech.com\/product\/celluslim-vacuum-massager\/#primaryimage\",\"url\":\"https:\/\/www.sumextech.com\/wp-content\/uploads\/2025\/08\/1.1-3.webp\",\"contentUrl\":\"https:\/\/www.sumextech.com\/wp-content\/uploads\/2025\/08\/1.1-3.webp\",\"width\":800,\"height\":800},{\"@type\":\"BreadcrumbList\",\"@id\":\"https:\/\/www.sumextech.com\/product\/celluslim-vacuum-massager\/#breadcrumb\",\"itemListElement\":[{\"@type\":\"ListItem\",\"position\":1,\"name\":\"\u9996\u9875\",\"item\":\"https:\/\/www.sumextech.com\/\"},{\"@type\":\"ListItem\",\"position\":2,\"name\":\"Products\",\"item\":\"https:\/\/www.sumextech.com\/products\/\"},{\"@type\":\"ListItem\",\"position\":3,\"name\":\"3-in-1 Body Sculptor &#8211; Body Sculpting Massager\"}]},{\"@type\":\"WebSite\",\"@id\":\"https:\/\/www.sumextech.com\/#website\",\"url\":\"https:\/\/www.sumextech.com\/\",\"name\":\"Sumex Technology co.,ltd\",\"description\":\"Buy Wellness Body Massager, Beauty and Skin Care Products from China\",\"publisher\":{\"@id\":\"https:\/\/www.sumextech.com\/#organization\"},\"alternateName\":\"SumexTech Wellness Products\",\"potentialAction\":[{\"@type\":\"SearchAction\",\"target\":{\"@type\":\"EntryPoint\",\"urlTemplate\":\"https:\/\/www.sumextech.com\/?s={search_term_string}\"},\"query-input\":{\"@type\":\"PropertyValueSpecification\",\"valueRequired\":true,\"valueName\":\"search_term_string\"}}],\"inLanguage\":\"es\"},{\"@type\":\"Organization\",\"@id\":\"https:\/\/www.sumextech.com\/#organization\",\"name\":\"Sumex Technology co.,ltd\",\"alternateName\":\"SumexTech Wellness Products\",\"url\":\"https:\/\/www.sumextech.com\/\",\"logo\":{\"@type\":\"ImageObject\",\"inLanguage\":\"es\",\"@id\":\"https:\/\/www.sumextech.com\/#\/schema\/logo\/image\/\",\"url\":\"https:\/\/www.sumextech.com\/wp-content\/uploads\/2020\/06\/20250801141548_29.webp\",\"contentUrl\":\"https:\/\/www.sumextech.com\/wp-content\/uploads\/2020\/06\/20250801141548_29.webp\",\"width\":692,\"height\":218,\"caption\":\"Sumex Technology co.,ltd\"},\"image\":{\"@id\":\"https:\/\/www.sumextech.com\/#\/schema\/logo\/image\/\"},\"sameAs\":[\"https:\/\/www.facebook.com\/profile.php?id=61581317690491\",\"https:\/\/www.instagram.com\/sophiey668\/\"]}]}<\/script>\n<!-- \/ Yoast SEO plugin. -->","yoast_head_json":{"title":"3-in-1 Body Sculptor - Body Sculpting Massager - Sumex Technology co.,ltd","robots":{"index":"index","follow":"follow","max-snippet":"max-snippet:-1","max-image-preview":"max-image-preview:large","max-video-preview":"max-video-preview:-1"},"canonical":"https:\/\/www.sumextech.com\/es\/producto\/celluslim-vacuum-massager\/","og_locale":"es_ES","og_type":"article","og_title":"3-in-1 Body Sculptor - Body Sculpting Massager - Sumex Technology co.,ltd","og_description":"3-in-1 Cellulite Massager: This Electric Cellulite Massager is designed for massage, skin tightening, integrating cupping, heat therapy, and gua sha functions in one device. Dual Modes with Adjustable Settings: This Sculpting Machine features two modes and three intensity levels, focusing &hellip; Readmore","og_url":"https:\/\/www.sumextech.com\/es\/producto\/celluslim-vacuum-massager\/","og_site_name":"Sumex Technology co.,ltd","article_publisher":"https:\/\/www.facebook.com\/profile.php?id=61581317690491","article_modified_time":"2025-11-05T05:52:04+00:00","og_image":[{"width":800,"height":800,"url":"https:\/\/www.sumextech.com\/wp-content\/uploads\/2025\/08\/1.1-3.webp","type":"image\/webp"}],"twitter_card":"summary_large_image","twitter_misc":{"Tiempo de lectura":"1 minuto"},"schema":{"@context":"https:\/\/schema.org","@graph":[{"@type":"WebPage","@id":"https:\/\/www.sumextech.com\/product\/celluslim-vacuum-massager\/","url":"https:\/\/www.sumextech.com\/product\/celluslim-vacuum-massager\/","name":"3-in-1 Body Sculptor - Body Sculpting Massager - Sumex Technology co.,ltd","isPartOf":{"@id":"https:\/\/www.sumextech.com\/#website"},"primaryImageOfPage":{"@id":"https:\/\/www.sumextech.com\/product\/celluslim-vacuum-massager\/#primaryimage"},"image":{"@id":"https:\/\/www.sumextech.com\/product\/celluslim-vacuum-massager\/#primaryimage"},"thumbnailUrl":"https:\/\/www.sumextech.com\/wp-content\/uploads\/2025\/08\/1.1-3.webp","datePublished":"2025-08-01T07:18:18+00:00","dateModified":"2025-11-05T05:52:04+00:00","breadcrumb":{"@id":"https:\/\/www.sumextech.com\/product\/celluslim-vacuum-massager\/#breadcrumb"},"inLanguage":"es","potentialAction":[{"@type":"ReadAction","target":["https:\/\/www.sumextech.com\/product\/celluslim-vacuum-massager\/"]}]},{"@type":"ImageObject","inLanguage":"es","@id":"https:\/\/www.sumextech.com\/product\/celluslim-vacuum-massager\/#primaryimage","url":"https:\/\/www.sumextech.com\/wp-content\/uploads\/2025\/08\/1.1-3.webp","contentUrl":"https:\/\/www.sumextech.com\/wp-content\/uploads\/2025\/08\/1.1-3.webp","width":800,"height":800},{"@type":"BreadcrumbList","@id":"https:\/\/www.sumextech.com\/product\/celluslim-vacuum-massager\/#breadcrumb","itemListElement":[{"@type":"ListItem","position":1,"name":"\u9996\u9875","item":"https:\/\/www.sumextech.com\/"},{"@type":"ListItem","position":2,"name":"Products","item":"https:\/\/www.sumextech.com\/products\/"},{"@type":"ListItem","position":3,"name":"3-in-1 Body Sculptor &#8211; Body Sculpting Massager"}]},{"@type":"WebSite","@id":"https:\/\/www.sumextech.com\/#website","url":"https:\/\/www.sumextech.com\/","name":"Sumex Technology co.,ltd","description":"Buy Wellness Body Massager, Beauty and Skin Care Products from China","publisher":{"@id":"https:\/\/www.sumextech.com\/#organization"},"alternateName":"SumexTech Wellness Products","potentialAction":[{"@type":"SearchAction","target":{"@type":"EntryPoint","urlTemplate":"https:\/\/www.sumextech.com\/?s={search_term_string}"},"query-input":{"@type":"PropertyValueSpecification","valueRequired":true,"valueName":"search_term_string"}}],"inLanguage":"es"},{"@type":"Organization","@id":"https:\/\/www.sumextech.com\/#organization","name":"Sumex Technology co.,ltd","alternateName":"SumexTech Wellness Products","url":"https:\/\/www.sumextech.com\/","logo":{"@type":"ImageObject","inLanguage":"es","@id":"https:\/\/www.sumextech.com\/#\/schema\/logo\/image\/","url":"https:\/\/www.sumextech.com\/wp-content\/uploads\/2020\/06\/20250801141548_29.webp","contentUrl":"https:\/\/www.sumextech.com\/wp-content\/uploads\/2020\/06\/20250801141548_29.webp","width":692,"height":218,"caption":"Sumex Technology co.,ltd"},"image":{"@id":"https:\/\/www.sumextech.com\/#\/schema\/logo\/image\/"},"sameAs":["https:\/\/www.facebook.com\/profile.php?id=61581317690491","https:\/\/www.instagram.com\/sophiey668\/"]}]}},"_links":{"self":[{"href":"https:\/\/www.sumextech.com\/es\/wp-json\/wp\/v2\/product\/4801","targetHints":{"allow":["GET"]}}],"collection":[{"href":"https:\/\/www.sumextech.com\/es\/wp-json\/wp\/v2\/product"}],"about":[{"href":"https:\/\/www.sumextech.com\/es\/wp-json\/wp\/v2\/types\/product"}],"wp:featuredmedia":[{"embeddable":true,"href":"https:\/\/www.sumextech.com\/es\/wp-json\/wp\/v2\/media\/4802"}],"wp:attachment":[{"href":"https:\/\/www.sumextech.com\/es\/wp-json\/wp\/v2\/media?parent=4801"}],"wp:term":[{"taxonomy":"product_cat","embeddable":true,"href":"https:\/\/www.sumextech.com\/es\/wp-json\/wp\/v2\/product_cat?post=4801"},{"taxonomy":"product_tag","embeddable":true,"href":"https:\/\/www.sumextech.com\/es\/wp-json\/wp\/v2\/product_tag?post=4801"},{"taxonomy":"product_brand","embeddable":true,"href":"https:\/\/www.sumextech.com\/es\/wp-json\/wp\/v2\/product_brand?post=4801"}],"curies":[{"name":"wp","href":"https:\/\/api.w.org\/{rel}","templated":true}]}}