{"id":4840,"date":"2025-08-01T07:35:22","date_gmt":"2025-08-01T07:35:22","guid":{"rendered":"http:\/\/www.sumextech.com\/?post_type=product&#038;p=4840"},"modified":"2025-08-01T07:35:22","modified_gmt":"2025-08-01T07:35:22","slug":"massage-belt","status":"publish","type":"product","link":"https:\/\/www.sumextech.com\/de\/product\/massage-belt\/","title":{"rendered":"Massage-G\u00fcrtel"},"content":{"rendered":"<p><img loading=\"lazy\" decoding=\"async\" class=\"alignnone size-full wp-image-4846\" src=\"http:\/\/www.sumextech.com\/wp-content\/uploads\/2025\/08\/1.5-6.webp\" alt=\"\" width=\"790\" height=\"1378\" srcset=\"https:\/\/www.sumextech.com\/wp-content\/uploads\/2025\/08\/1.5-6.webp 790w, https:\/\/www.sumextech.com\/wp-content\/uploads\/2025\/08\/1.5-6-172x300.webp 172w\" sizes=\"auto, (max-width: 790px) 100vw, 790px\" \/> <img loading=\"lazy\" decoding=\"async\" class=\"alignnone size-full wp-image-4847\" src=\"http:\/\/www.sumextech.com\/wp-content\/uploads\/2025\/08\/1.8-2.webp\" alt=\"\" width=\"790\" height=\"1044\" srcset=\"https:\/\/www.sumextech.com\/wp-content\/uploads\/2025\/08\/1.8-2.webp 790w, https:\/\/www.sumextech.com\/wp-content\/uploads\/2025\/08\/1.8-2-227x300.webp 227w\" sizes=\"auto, (max-width: 790px) 100vw, 790px\" \/> <img loading=\"lazy\" decoding=\"async\" class=\"alignnone size-full wp-image-4848\" src=\"http:\/\/www.sumextech.com\/wp-content\/uploads\/2025\/08\/1.9-1.webp\" alt=\"\" width=\"790\" height=\"1119\" srcset=\"https:\/\/www.sumextech.com\/wp-content\/uploads\/2025\/08\/1.9-1.webp 790w, https:\/\/www.sumextech.com\/wp-content\/uploads\/2025\/08\/1.9-1-212x300.webp 212w\" sizes=\"auto, (max-width: 790px) 100vw, 790px\" \/><\/p>","protected":false},"excerpt":{"rendered":"<p>3 einstellbare Modi und lange Batterielebensdauer: Dieses tragbare Heizkissen bietet 5 W\u00e4rmestufen und 3 Vibrationsintensit\u00e4tseinstellungen, die zusammen oder separat verwendet werden k\u00f6nnen. Die Temperatur reicht von 104\u2109 bis 140\u2109.<br \/>\nAusgestattet mit 2 leistungsstarken Motoren erm\u00f6glicht das R\u00fcckenmassageger\u00e4t eine individuell einstellbare Massageintensit\u00e4t und 3 Vibrationsstufen. Angetrieben von einer wiederaufladbaren 1100mAh-Batterie,<br \/>\nTragbares Design und einfache Steuerung: Komplett kabellos und leicht zu transportieren. Dr\u00fccken Sie einfach lange auf die seitliche Einschalttaste, um das Ger\u00e4t ein- oder auszuschalten. Sobald das Ger\u00e4t eingeschaltet ist, k\u00f6nnen Sie auf dem beleuchteten Bildschirm die Temperatur- und Massageeinstellungen durch Antippen der entsprechenden Tasten leicht anpassen.<br \/>\nAtmungsaktives Gewebe &amp; Zubeh\u00f6r: Dieser Heizg\u00fcrtel aus leichtem, atmungsaktivem Material ist weich, flexibel und bietet eine hervorragende Isolierung.<br \/>\nVielseitiger Heizg\u00fcrtel: Dieser vielseitige, tragbare Heizg\u00fcrtel kann an Taille, Schultern, Bauch, R\u00fccken, Beinen und Knien verwendet werden. Er hilft, Muskelverspannungen zu l\u00f6sen. Au\u00dferdem eignet er sich hervorragend als kabelloses Heizkissen zur Linderung von Menstruationsschmerzen und bietet Frauen in besonderen Zeiten wohltuende W\u00e4rme.<\/p>","protected":false},"featured_media":4841,"template":"","meta":[],"product_cat":[108],"product_tag":[],"product_brand":[],"class_list":["post-4840","product","type-product","status-publish","has-post-thumbnail","hentry","product_cat-masssage-belt"],"yoast_head":"<!-- This site is optimized with the Yoast SEO plugin v26.3 - https:\/\/yoast.com\/wordpress\/plugins\/seo\/ -->\n<title>Massage Belt - Sumex Technology co.,ltd<\/title>\n<meta name=\"robots\" content=\"index, follow, max-snippet:-1, max-image-preview:large, max-video-preview:-1\" \/>\n<link rel=\"canonical\" href=\"https:\/\/www.sumextech.com\/de\/produkt\/massage-belt\/\" \/>\n<meta property=\"og:locale\" content=\"de_DE\" \/>\n<meta property=\"og:type\" content=\"article\" \/>\n<meta property=\"og:title\" content=\"Massage Belt - Sumex Technology co.,ltd\" \/>\n<meta property=\"og:description\" content=\"3 Adjustable Modes &amp; Long Battery Life: This portable heating pad offers 5 heat levels and 3 vibration intensity settings, which can be used together or separately. Temperature ranges from 104\u2109 to 140\u2109. Equipped with 2 powerful motors, the back massager allows for customizable massage intensity and 3 vibration levels. Powered by a 1100mAh rechargeable battery, Portable Design &amp; Easy Controls: Completely cordless and easy to carry, Simply long-press the side power button to turn the device on or off. Once activated, the illuminated screen allows you to easily adjust the temperature and massage settings by tapping the respective buttons. Breathable Fabric &amp; Accessories: Made from lightweight, breathable fabric, this heating belt is soft, flexible, and provides excellent insulation. Multi-Purpose Heating Belt: This versatile, portable heating belt can be used on the waist, shoulders, abdomen, back, legs, and knees. It helps relieve muscle tension, Additionally, it works great as a cordless heating pad for menstrual pain relief, providing soothing warmth during special times for women.\" \/>\n<meta property=\"og:url\" content=\"https:\/\/www.sumextech.com\/de\/produkt\/massage-belt\/\" \/>\n<meta property=\"og:site_name\" content=\"Sumex Technology co.,ltd\" \/>\n<meta property=\"article:publisher\" content=\"https:\/\/www.facebook.com\/profile.php?id=61581317690491\" \/>\n<meta property=\"og:image\" content=\"https:\/\/www.sumextech.com\/wp-content\/uploads\/2025\/08\/1.1-7.webp\" \/>\n\t<meta property=\"og:image:width\" content=\"800\" \/>\n\t<meta property=\"og:image:height\" content=\"800\" \/>\n\t<meta property=\"og:image:type\" content=\"image\/webp\" \/>\n<meta name=\"twitter:card\" content=\"summary_large_image\" \/>\n<script type=\"application\/ld+json\" class=\"yoast-schema-graph\">{\"@context\":\"https:\/\/schema.org\",\"@graph\":[{\"@type\":\"WebPage\",\"@id\":\"https:\/\/www.sumextech.com\/product\/massage-belt\/\",\"url\":\"https:\/\/www.sumextech.com\/product\/massage-belt\/\",\"name\":\"Massage Belt - Sumex Technology co.,ltd\",\"isPartOf\":{\"@id\":\"https:\/\/www.sumextech.com\/#website\"},\"primaryImageOfPage\":{\"@id\":\"https:\/\/www.sumextech.com\/product\/massage-belt\/#primaryimage\"},\"image\":{\"@id\":\"https:\/\/www.sumextech.com\/product\/massage-belt\/#primaryimage\"},\"thumbnailUrl\":\"https:\/\/www.sumextech.com\/wp-content\/uploads\/2025\/08\/1.1-7.webp\",\"datePublished\":\"2025-08-01T07:35:22+00:00\",\"breadcrumb\":{\"@id\":\"https:\/\/www.sumextech.com\/product\/massage-belt\/#breadcrumb\"},\"inLanguage\":\"de\",\"potentialAction\":[{\"@type\":\"ReadAction\",\"target\":[\"https:\/\/www.sumextech.com\/product\/massage-belt\/\"]}]},{\"@type\":\"ImageObject\",\"inLanguage\":\"de\",\"@id\":\"https:\/\/www.sumextech.com\/product\/massage-belt\/#primaryimage\",\"url\":\"https:\/\/www.sumextech.com\/wp-content\/uploads\/2025\/08\/1.1-7.webp\",\"contentUrl\":\"https:\/\/www.sumextech.com\/wp-content\/uploads\/2025\/08\/1.1-7.webp\",\"width\":800,\"height\":800},{\"@type\":\"BreadcrumbList\",\"@id\":\"https:\/\/www.sumextech.com\/product\/massage-belt\/#breadcrumb\",\"itemListElement\":[{\"@type\":\"ListItem\",\"position\":1,\"name\":\"\u9996\u9875\",\"item\":\"https:\/\/www.sumextech.com\/\"},{\"@type\":\"ListItem\",\"position\":2,\"name\":\"Products\",\"item\":\"https:\/\/www.sumextech.com\/products\/\"},{\"@type\":\"ListItem\",\"position\":3,\"name\":\"Massage Belt\"}]},{\"@type\":\"WebSite\",\"@id\":\"https:\/\/www.sumextech.com\/#website\",\"url\":\"https:\/\/www.sumextech.com\/\",\"name\":\"Sumex Technology co.,ltd\",\"description\":\"Buy Wellness Body Massager, Beauty and Skin Care Products from China\",\"publisher\":{\"@id\":\"https:\/\/www.sumextech.com\/#organization\"},\"alternateName\":\"SumexTech Wellness Products\",\"potentialAction\":[{\"@type\":\"SearchAction\",\"target\":{\"@type\":\"EntryPoint\",\"urlTemplate\":\"https:\/\/www.sumextech.com\/?s={search_term_string}\"},\"query-input\":{\"@type\":\"PropertyValueSpecification\",\"valueRequired\":true,\"valueName\":\"search_term_string\"}}],\"inLanguage\":\"de\"},{\"@type\":\"Organization\",\"@id\":\"https:\/\/www.sumextech.com\/#organization\",\"name\":\"Sumex Technology co.,ltd\",\"alternateName\":\"SumexTech Wellness Products\",\"url\":\"https:\/\/www.sumextech.com\/\",\"logo\":{\"@type\":\"ImageObject\",\"inLanguage\":\"de\",\"@id\":\"https:\/\/www.sumextech.com\/#\/schema\/logo\/image\/\",\"url\":\"https:\/\/www.sumextech.com\/wp-content\/uploads\/2020\/06\/20250801141548_29.webp\",\"contentUrl\":\"https:\/\/www.sumextech.com\/wp-content\/uploads\/2020\/06\/20250801141548_29.webp\",\"width\":692,\"height\":218,\"caption\":\"Sumex Technology co.,ltd\"},\"image\":{\"@id\":\"https:\/\/www.sumextech.com\/#\/schema\/logo\/image\/\"},\"sameAs\":[\"https:\/\/www.facebook.com\/profile.php?id=61581317690491\",\"https:\/\/www.instagram.com\/sophiey668\/\"]}]}<\/script>\n<!-- \/ Yoast SEO plugin. -->","yoast_head_json":{"title":"Massage Belt - Sumex Technology co.,ltd","robots":{"index":"index","follow":"follow","max-snippet":"max-snippet:-1","max-image-preview":"max-image-preview:large","max-video-preview":"max-video-preview:-1"},"canonical":"https:\/\/www.sumextech.com\/de\/produkt\/massage-belt\/","og_locale":"de_DE","og_type":"article","og_title":"Massage Belt - Sumex Technology co.,ltd","og_description":"3 Adjustable Modes &amp; Long Battery Life: This portable heating pad offers 5 heat levels and 3 vibration intensity settings, which can be used together or separately. Temperature ranges from 104\u2109 to 140\u2109. Equipped with 2 powerful motors, the back massager allows for customizable massage intensity and 3 vibration levels. Powered by a 1100mAh rechargeable battery, Portable Design &amp; Easy Controls: Completely cordless and easy to carry, Simply long-press the side power button to turn the device on or off. Once activated, the illuminated screen allows you to easily adjust the temperature and massage settings by tapping the respective buttons. Breathable Fabric &amp; Accessories: Made from lightweight, breathable fabric, this heating belt is soft, flexible, and provides excellent insulation. Multi-Purpose Heating Belt: This versatile, portable heating belt can be used on the waist, shoulders, abdomen, back, legs, and knees. It helps relieve muscle tension, Additionally, it works great as a cordless heating pad for menstrual pain relief, providing soothing warmth during special times for women.","og_url":"https:\/\/www.sumextech.com\/de\/produkt\/massage-belt\/","og_site_name":"Sumex Technology co.,ltd","article_publisher":"https:\/\/www.facebook.com\/profile.php?id=61581317690491","og_image":[{"width":800,"height":800,"url":"https:\/\/www.sumextech.com\/wp-content\/uploads\/2025\/08\/1.1-7.webp","type":"image\/webp"}],"twitter_card":"summary_large_image","schema":{"@context":"https:\/\/schema.org","@graph":[{"@type":"WebPage","@id":"https:\/\/www.sumextech.com\/product\/massage-belt\/","url":"https:\/\/www.sumextech.com\/product\/massage-belt\/","name":"Massage Belt - Sumex Technology co.,ltd","isPartOf":{"@id":"https:\/\/www.sumextech.com\/#website"},"primaryImageOfPage":{"@id":"https:\/\/www.sumextech.com\/product\/massage-belt\/#primaryimage"},"image":{"@id":"https:\/\/www.sumextech.com\/product\/massage-belt\/#primaryimage"},"thumbnailUrl":"https:\/\/www.sumextech.com\/wp-content\/uploads\/2025\/08\/1.1-7.webp","datePublished":"2025-08-01T07:35:22+00:00","breadcrumb":{"@id":"https:\/\/www.sumextech.com\/product\/massage-belt\/#breadcrumb"},"inLanguage":"de","potentialAction":[{"@type":"ReadAction","target":["https:\/\/www.sumextech.com\/product\/massage-belt\/"]}]},{"@type":"ImageObject","inLanguage":"de","@id":"https:\/\/www.sumextech.com\/product\/massage-belt\/#primaryimage","url":"https:\/\/www.sumextech.com\/wp-content\/uploads\/2025\/08\/1.1-7.webp","contentUrl":"https:\/\/www.sumextech.com\/wp-content\/uploads\/2025\/08\/1.1-7.webp","width":800,"height":800},{"@type":"BreadcrumbList","@id":"https:\/\/www.sumextech.com\/product\/massage-belt\/#breadcrumb","itemListElement":[{"@type":"ListItem","position":1,"name":"\u9996\u9875","item":"https:\/\/www.sumextech.com\/"},{"@type":"ListItem","position":2,"name":"Products","item":"https:\/\/www.sumextech.com\/products\/"},{"@type":"ListItem","position":3,"name":"Massage Belt"}]},{"@type":"WebSite","@id":"https:\/\/www.sumextech.com\/#website","url":"https:\/\/www.sumextech.com\/","name":"Sumex Technology Co.","description":"Kaufen Sie Wellness Body Massager, Sch\u00f6nheit und Hautpflegeprodukte aus China","publisher":{"@id":"https:\/\/www.sumextech.com\/#organization"},"alternateName":"SumexTech Wellness Products","potentialAction":[{"@type":"SearchAction","target":{"@type":"EntryPoint","urlTemplate":"https:\/\/www.sumextech.com\/?s={search_term_string}"},"query-input":{"@type":"PropertyValueSpecification","valueRequired":true,"valueName":"search_term_string"}}],"inLanguage":"de"},{"@type":"Organization","@id":"https:\/\/www.sumextech.com\/#organization","name":"Sumex Technology Co.","alternateName":"SumexTech Wellness Products","url":"https:\/\/www.sumextech.com\/","logo":{"@type":"ImageObject","inLanguage":"de","@id":"https:\/\/www.sumextech.com\/#\/schema\/logo\/image\/","url":"https:\/\/www.sumextech.com\/wp-content\/uploads\/2020\/06\/20250801141548_29.webp","contentUrl":"https:\/\/www.sumextech.com\/wp-content\/uploads\/2020\/06\/20250801141548_29.webp","width":692,"height":218,"caption":"Sumex Technology co.,ltd"},"image":{"@id":"https:\/\/www.sumextech.com\/#\/schema\/logo\/image\/"},"sameAs":["https:\/\/www.facebook.com\/profile.php?id=61581317690491","https:\/\/www.instagram.com\/sophiey668\/"]}]}},"_links":{"self":[{"href":"https:\/\/www.sumextech.com\/de\/wp-json\/wp\/v2\/product\/4840","targetHints":{"allow":["GET"]}}],"collection":[{"href":"https:\/\/www.sumextech.com\/de\/wp-json\/wp\/v2\/product"}],"about":[{"href":"https:\/\/www.sumextech.com\/de\/wp-json\/wp\/v2\/types\/product"}],"wp:featuredmedia":[{"embeddable":true,"href":"https:\/\/www.sumextech.com\/de\/wp-json\/wp\/v2\/media\/4841"}],"wp:attachment":[{"href":"https:\/\/www.sumextech.com\/de\/wp-json\/wp\/v2\/media?parent=4840"}],"wp:term":[{"taxonomy":"product_cat","embeddable":true,"href":"https:\/\/www.sumextech.com\/de\/wp-json\/wp\/v2\/product_cat?post=4840"},{"taxonomy":"product_tag","embeddable":true,"href":"https:\/\/www.sumextech.com\/de\/wp-json\/wp\/v2\/product_tag?post=4840"},{"taxonomy":"product_brand","embeddable":true,"href":"https:\/\/www.sumextech.com\/de\/wp-json\/wp\/v2\/product_brand?post=4840"}],"curies":[{"name":"wp","href":"https:\/\/api.w.org\/{rel}","templated":true}]}}