{"id":4834,"date":"2025-08-01T07:34:06","date_gmt":"2025-08-01T07:34:06","guid":{"rendered":"http:\/\/www.sumextech.com\/?post_type=product&#038;p=4834"},"modified":"2025-10-27T07:42:22","modified_gmt":"2025-10-27T07:42:22","slug":"shoulder-massager","status":"publish","type":"product","link":"https:\/\/www.sumextech.com\/de\/product\/shoulder-massager\/","title":{"rendered":"Massageger\u00e4t f\u00fcr die Schulter"},"content":{"rendered":"<p><img loading=\"lazy\" decoding=\"async\" class=\"alignnone size-full wp-image-4838\" src=\"http:\/\/www.sumextech.com\/wp-content\/uploads\/2025\/08\/1.4-6.webp\" alt=\"\" width=\"790\" height=\"1499\" srcset=\"https:\/\/www.sumextech.com\/wp-content\/uploads\/2025\/08\/1.4-6.webp 790w, https:\/\/www.sumextech.com\/wp-content\/uploads\/2025\/08\/1.4-6-158x300.webp 158w\" sizes=\"auto, (max-width: 790px) 100vw, 790px\" \/> <img loading=\"lazy\" decoding=\"async\" class=\"alignnone size-full wp-image-4839\" src=\"http:\/\/www.sumextech.com\/wp-content\/uploads\/2025\/08\/1.5-5.webp\" alt=\"\" width=\"790\" height=\"1239\" srcset=\"https:\/\/www.sumextech.com\/wp-content\/uploads\/2025\/08\/1.5-5.webp 790w, https:\/\/www.sumextech.com\/wp-content\/uploads\/2025\/08\/1.5-5-191x300.webp 191w\" sizes=\"auto, (max-width: 790px) 100vw, 790px\" \/><\/p>","protected":false},"excerpt":{"rendered":"<p>8 kraftvolle Tiefen-Shiatsu-Knetmassage-Knoten.<br \/>\nEinfach und sicher zu bedienen. Eingebaute Infrarot fortschrittliche beruhigende W\u00e4rmefunktion, das Massageger\u00e4t wird Ihre Blutzirkulation zu verbessern, und es ist innerhalb von 15 Minuten \u00dcberhitzung Auto-Shut-Off-Schutz geregelt. (Kann manuell ausgeschaltet werden)<br \/>\nEinstellbare Intensit\u00e4t. Dieses Schultermassageger\u00e4t verf\u00fcgt \u00fcber 3 Geschwindigkeitsstufen, so dass Sie den Druck individuell anpassen k\u00f6nnen, um Muskelschmerzen zu lindern, und die langen Griffschlaufen k\u00f6nnen auch verwendet werden, um die Massageposition und St\u00e4rke einzustellen<br \/>\nLanglebiges und komfortables Material. Hergestellt aus hochwertigem PU-Leder und atmungsaktivem Mesh-Gewebe, ist Nekteck R\u00fcckenmassageger\u00e4t einfach zu bedienen und zu reinigen.<\/p>","protected":false},"featured_media":5120,"template":"","meta":[],"product_cat":[109],"product_tag":[],"product_brand":[],"class_list":["post-4834","product","type-product","status-publish","has-post-thumbnail","hentry","product_cat-neck-and-shoulder-massager"],"yoast_head":"<!-- This site is optimized with the Yoast SEO plugin v26.3 - https:\/\/yoast.com\/wordpress\/plugins\/seo\/ -->\n<title>Shoulder Massager - Sumex Technology co.,ltd<\/title>\n<meta name=\"robots\" content=\"index, follow, max-snippet:-1, max-image-preview:large, max-video-preview:-1\" \/>\n<link rel=\"canonical\" href=\"https:\/\/www.sumextech.com\/de\/produkt\/shoulder-massager\/\" \/>\n<meta property=\"og:locale\" content=\"de_DE\" \/>\n<meta property=\"og:type\" content=\"article\" \/>\n<meta property=\"og:title\" content=\"Shoulder Massager - Sumex Technology co.,ltd\" \/>\n<meta property=\"og:description\" content=\"8 Powerful Deep-Shiatsu Kneading Massage Nodes. Easy and Safe to Use. Built-in infrared advanced soothing heat function, the massager will improve your blood circulation, and it is settled within 15 minutes overheating auto-shut off protection. (Can be turned off manually) Adjustable Intensity. This shoulder massager has 3 speed strength level, so you can personalize the pressure to relieve muscle pain and the long handle straps can be used to adjust the massage position and strength as well Durable and Comfortable Matreial. Made of high-quality PU leather and breathable mesh fabric, Nekteck back massager is easy to use and clean.\" \/>\n<meta property=\"og:url\" content=\"https:\/\/www.sumextech.com\/de\/produkt\/shoulder-massager\/\" \/>\n<meta property=\"og:site_name\" content=\"Sumex Technology co.,ltd\" \/>\n<meta property=\"article:publisher\" content=\"https:\/\/www.facebook.com\/profile.php?id=61581317690491\" \/>\n<meta property=\"article:modified_time\" content=\"2025-10-27T07:42:22+00:00\" \/>\n<meta property=\"og:image\" content=\"https:\/\/www.sumextech.com\/wp-content\/uploads\/2025\/08\/1.1-9.webp\" \/>\n\t<meta property=\"og:image:width\" content=\"800\" \/>\n\t<meta property=\"og:image:height\" content=\"800\" \/>\n\t<meta property=\"og:image:type\" content=\"image\/webp\" \/>\n<meta name=\"twitter:card\" content=\"summary_large_image\" \/>\n<script type=\"application\/ld+json\" class=\"yoast-schema-graph\">{\"@context\":\"https:\/\/schema.org\",\"@graph\":[{\"@type\":\"WebPage\",\"@id\":\"https:\/\/www.sumextech.com\/product\/shoulder-massager\/\",\"url\":\"https:\/\/www.sumextech.com\/product\/shoulder-massager\/\",\"name\":\"Shoulder Massager - Sumex Technology co.,ltd\",\"isPartOf\":{\"@id\":\"https:\/\/www.sumextech.com\/#website\"},\"primaryImageOfPage\":{\"@id\":\"https:\/\/www.sumextech.com\/product\/shoulder-massager\/#primaryimage\"},\"image\":{\"@id\":\"https:\/\/www.sumextech.com\/product\/shoulder-massager\/#primaryimage\"},\"thumbnailUrl\":\"https:\/\/www.sumextech.com\/wp-content\/uploads\/2025\/08\/1.1-9.webp\",\"datePublished\":\"2025-08-01T07:34:06+00:00\",\"dateModified\":\"2025-10-27T07:42:22+00:00\",\"breadcrumb\":{\"@id\":\"https:\/\/www.sumextech.com\/product\/shoulder-massager\/#breadcrumb\"},\"inLanguage\":\"de\",\"potentialAction\":[{\"@type\":\"ReadAction\",\"target\":[\"https:\/\/www.sumextech.com\/product\/shoulder-massager\/\"]}]},{\"@type\":\"ImageObject\",\"inLanguage\":\"de\",\"@id\":\"https:\/\/www.sumextech.com\/product\/shoulder-massager\/#primaryimage\",\"url\":\"https:\/\/www.sumextech.com\/wp-content\/uploads\/2025\/08\/1.1-9.webp\",\"contentUrl\":\"https:\/\/www.sumextech.com\/wp-content\/uploads\/2025\/08\/1.1-9.webp\",\"width\":800,\"height\":800},{\"@type\":\"BreadcrumbList\",\"@id\":\"https:\/\/www.sumextech.com\/product\/shoulder-massager\/#breadcrumb\",\"itemListElement\":[{\"@type\":\"ListItem\",\"position\":1,\"name\":\"\u9996\u9875\",\"item\":\"https:\/\/www.sumextech.com\/\"},{\"@type\":\"ListItem\",\"position\":2,\"name\":\"Products\",\"item\":\"https:\/\/www.sumextech.com\/products\/\"},{\"@type\":\"ListItem\",\"position\":3,\"name\":\"Shoulder Massager\"}]},{\"@type\":\"WebSite\",\"@id\":\"https:\/\/www.sumextech.com\/#website\",\"url\":\"https:\/\/www.sumextech.com\/\",\"name\":\"Sumex Technology co.,ltd\",\"description\":\"Buy Wellness Body Massager, Beauty and Skin Care Products from China\",\"publisher\":{\"@id\":\"https:\/\/www.sumextech.com\/#organization\"},\"alternateName\":\"SumexTech Wellness Products\",\"potentialAction\":[{\"@type\":\"SearchAction\",\"target\":{\"@type\":\"EntryPoint\",\"urlTemplate\":\"https:\/\/www.sumextech.com\/?s={search_term_string}\"},\"query-input\":{\"@type\":\"PropertyValueSpecification\",\"valueRequired\":true,\"valueName\":\"search_term_string\"}}],\"inLanguage\":\"de\"},{\"@type\":\"Organization\",\"@id\":\"https:\/\/www.sumextech.com\/#organization\",\"name\":\"Sumex Technology co.,ltd\",\"alternateName\":\"SumexTech Wellness Products\",\"url\":\"https:\/\/www.sumextech.com\/\",\"logo\":{\"@type\":\"ImageObject\",\"inLanguage\":\"de\",\"@id\":\"https:\/\/www.sumextech.com\/#\/schema\/logo\/image\/\",\"url\":\"https:\/\/www.sumextech.com\/wp-content\/uploads\/2020\/06\/20250801141548_29.webp\",\"contentUrl\":\"https:\/\/www.sumextech.com\/wp-content\/uploads\/2020\/06\/20250801141548_29.webp\",\"width\":692,\"height\":218,\"caption\":\"Sumex Technology co.,ltd\"},\"image\":{\"@id\":\"https:\/\/www.sumextech.com\/#\/schema\/logo\/image\/\"},\"sameAs\":[\"https:\/\/www.facebook.com\/profile.php?id=61581317690491\",\"https:\/\/www.instagram.com\/sophiey668\/\"]}]}<\/script>\n<!-- \/ Yoast SEO plugin. -->","yoast_head_json":{"title":"Shoulder Massager - Sumex Technology co.,ltd","robots":{"index":"index","follow":"follow","max-snippet":"max-snippet:-1","max-image-preview":"max-image-preview:large","max-video-preview":"max-video-preview:-1"},"canonical":"https:\/\/www.sumextech.com\/de\/produkt\/shoulder-massager\/","og_locale":"de_DE","og_type":"article","og_title":"Shoulder Massager - Sumex Technology co.,ltd","og_description":"8 Powerful Deep-Shiatsu Kneading Massage Nodes. Easy and Safe to Use. Built-in infrared advanced soothing heat function, the massager will improve your blood circulation, and it is settled within 15 minutes overheating auto-shut off protection. (Can be turned off manually) Adjustable Intensity. This shoulder massager has 3 speed strength level, so you can personalize the pressure to relieve muscle pain and the long handle straps can be used to adjust the massage position and strength as well Durable and Comfortable Matreial. Made of high-quality PU leather and breathable mesh fabric, Nekteck back massager is easy to use and clean.","og_url":"https:\/\/www.sumextech.com\/de\/produkt\/shoulder-massager\/","og_site_name":"Sumex Technology co.,ltd","article_publisher":"https:\/\/www.facebook.com\/profile.php?id=61581317690491","article_modified_time":"2025-10-27T07:42:22+00:00","og_image":[{"width":800,"height":800,"url":"https:\/\/www.sumextech.com\/wp-content\/uploads\/2025\/08\/1.1-9.webp","type":"image\/webp"}],"twitter_card":"summary_large_image","schema":{"@context":"https:\/\/schema.org","@graph":[{"@type":"WebPage","@id":"https:\/\/www.sumextech.com\/product\/shoulder-massager\/","url":"https:\/\/www.sumextech.com\/product\/shoulder-massager\/","name":"Shoulder Massager - Sumex Technology co.,ltd","isPartOf":{"@id":"https:\/\/www.sumextech.com\/#website"},"primaryImageOfPage":{"@id":"https:\/\/www.sumextech.com\/product\/shoulder-massager\/#primaryimage"},"image":{"@id":"https:\/\/www.sumextech.com\/product\/shoulder-massager\/#primaryimage"},"thumbnailUrl":"https:\/\/www.sumextech.com\/wp-content\/uploads\/2025\/08\/1.1-9.webp","datePublished":"2025-08-01T07:34:06+00:00","dateModified":"2025-10-27T07:42:22+00:00","breadcrumb":{"@id":"https:\/\/www.sumextech.com\/product\/shoulder-massager\/#breadcrumb"},"inLanguage":"de","potentialAction":[{"@type":"ReadAction","target":["https:\/\/www.sumextech.com\/product\/shoulder-massager\/"]}]},{"@type":"ImageObject","inLanguage":"de","@id":"https:\/\/www.sumextech.com\/product\/shoulder-massager\/#primaryimage","url":"https:\/\/www.sumextech.com\/wp-content\/uploads\/2025\/08\/1.1-9.webp","contentUrl":"https:\/\/www.sumextech.com\/wp-content\/uploads\/2025\/08\/1.1-9.webp","width":800,"height":800},{"@type":"BreadcrumbList","@id":"https:\/\/www.sumextech.com\/product\/shoulder-massager\/#breadcrumb","itemListElement":[{"@type":"ListItem","position":1,"name":"\u9996\u9875","item":"https:\/\/www.sumextech.com\/"},{"@type":"ListItem","position":2,"name":"Products","item":"https:\/\/www.sumextech.com\/products\/"},{"@type":"ListItem","position":3,"name":"Shoulder Massager"}]},{"@type":"WebSite","@id":"https:\/\/www.sumextech.com\/#website","url":"https:\/\/www.sumextech.com\/","name":"Sumex Technology Co.","description":"Kaufen Sie Wellness Body Massager, Sch\u00f6nheit und Hautpflegeprodukte aus China","publisher":{"@id":"https:\/\/www.sumextech.com\/#organization"},"alternateName":"SumexTech Wellness Products","potentialAction":[{"@type":"SearchAction","target":{"@type":"EntryPoint","urlTemplate":"https:\/\/www.sumextech.com\/?s={search_term_string}"},"query-input":{"@type":"PropertyValueSpecification","valueRequired":true,"valueName":"search_term_string"}}],"inLanguage":"de"},{"@type":"Organization","@id":"https:\/\/www.sumextech.com\/#organization","name":"Sumex Technology Co.","alternateName":"SumexTech Wellness Products","url":"https:\/\/www.sumextech.com\/","logo":{"@type":"ImageObject","inLanguage":"de","@id":"https:\/\/www.sumextech.com\/#\/schema\/logo\/image\/","url":"https:\/\/www.sumextech.com\/wp-content\/uploads\/2020\/06\/20250801141548_29.webp","contentUrl":"https:\/\/www.sumextech.com\/wp-content\/uploads\/2020\/06\/20250801141548_29.webp","width":692,"height":218,"caption":"Sumex Technology co.,ltd"},"image":{"@id":"https:\/\/www.sumextech.com\/#\/schema\/logo\/image\/"},"sameAs":["https:\/\/www.facebook.com\/profile.php?id=61581317690491","https:\/\/www.instagram.com\/sophiey668\/"]}]}},"_links":{"self":[{"href":"https:\/\/www.sumextech.com\/de\/wp-json\/wp\/v2\/product\/4834","targetHints":{"allow":["GET"]}}],"collection":[{"href":"https:\/\/www.sumextech.com\/de\/wp-json\/wp\/v2\/product"}],"about":[{"href":"https:\/\/www.sumextech.com\/de\/wp-json\/wp\/v2\/types\/product"}],"wp:featuredmedia":[{"embeddable":true,"href":"https:\/\/www.sumextech.com\/de\/wp-json\/wp\/v2\/media\/5120"}],"wp:attachment":[{"href":"https:\/\/www.sumextech.com\/de\/wp-json\/wp\/v2\/media?parent=4834"}],"wp:term":[{"taxonomy":"product_cat","embeddable":true,"href":"https:\/\/www.sumextech.com\/de\/wp-json\/wp\/v2\/product_cat?post=4834"},{"taxonomy":"product_tag","embeddable":true,"href":"https:\/\/www.sumextech.com\/de\/wp-json\/wp\/v2\/product_tag?post=4834"},{"taxonomy":"product_brand","embeddable":true,"href":"https:\/\/www.sumextech.com\/de\/wp-json\/wp\/v2\/product_brand?post=4834"}],"curies":[{"name":"wp","href":"https:\/\/api.w.org\/{rel}","templated":true}]}}