{"id":4818,"date":"2025-08-01T07:31:39","date_gmt":"2025-08-01T07:31:39","guid":{"rendered":"http:\/\/www.sumextech.com\/?post_type=product&#038;p=4818"},"modified":"2025-10-27T07:43:15","modified_gmt":"2025-10-27T07:43:15","slug":"slimex-pro-massager","status":"publish","type":"product","link":"https:\/\/www.sumextech.com\/de\/product\/slimex-pro-massager\/","title":{"rendered":"Slimex Pro Massageger\u00e4t"},"content":{"rendered":"","protected":false},"excerpt":{"rendered":"<p>\u3010cellulite massager &amp; body sculpting machine\u3011Dieses vibrierende Massageger\u00e4t nutzt das Prinzip der Vibration, um starke Leistung und einen gro\u00dfen Vibromassagebereich zu bieten.<br \/>\n\u3010Ganzk\u00f6rpermassageger\u00e4t\u3011Dieses elektrische Handmassageger\u00e4t kann f\u00fcr den ganzen K\u00f6rper verwendet werden. Zum Verw\u00f6hnen und Gl\u00e4tten der Hautoberfl\u00e4che des Bauches, der Fettp\u00f6lsterchen, des Ges\u00e4\u00dfes, der Arme, der Beine und des R\u00fcckens.<br \/>\n\u3010Anwendbar f\u00fcr die Menge\u3011Diese K\u00f6rperformungsmaschine ist f\u00fcr postpartale M\u00fctter, Adipositas-Patienten und Sch\u00f6nheitsliebhaber geeignet, um einen perfekten K\u00f6rper wiederherzustellen und aufrechtzuerhalten, wenn sie mit Ihren bevorzugten verschiedenen \u00e4therischen \u00d6len, Dehnungsstreifenpr\u00e4vention, Schlankheitscreme und Narben\u00f6l zusammen verwendet wird, wird der Effekt besser sein.<br \/>\n\u3010Easy to use and carry\u3011Das Cellulite-Massageger\u00e4t ist mit 6 weichen, waschbaren Pads zum Schutz der Haut ausgestattet. Die Vibrationsgeschwindigkeit von 3000 U\/min erzeugt sanfte Wellen und einen weichen Poliereffekt.<br \/>\n\u3010Ideal Gifts\u3011beauty sculpt massager ist aus hochwertigem ABS-Material mit ergonomischem Design hergestellt.<\/p>","protected":false},"featured_media":4819,"template":"","meta":[],"product_cat":[127],"product_tag":[],"product_brand":[],"class_list":["post-4818","product","type-product","status-publish","has-post-thumbnail","hentry","product_cat-electric-massager"],"yoast_head":"<!-- This site is optimized with the Yoast SEO plugin v26.3 - https:\/\/yoast.com\/wordpress\/plugins\/seo\/ -->\n<title>Slimex Pro Massager - Sumex Technology co.,ltd<\/title>\n<meta name=\"robots\" content=\"index, follow, max-snippet:-1, max-image-preview:large, max-video-preview:-1\" \/>\n<link rel=\"canonical\" href=\"https:\/\/www.sumextech.com\/de\/produkt\/slimex-pro-massager\/\" \/>\n<meta property=\"og:locale\" content=\"de_DE\" \/>\n<meta property=\"og:type\" content=\"article\" \/>\n<meta property=\"og:title\" content=\"Slimex Pro Massager - Sumex Technology co.,ltd\" \/>\n<meta property=\"og:description\" content=\"\u3010cellulite massager &amp; body sculpting machine\u3011This vibrating massager uses the principle of vibration to provide strong power and a large vibro massage area. \u3010whole body massager\u3011This electric hand held massager can be used for the whole body. For pampering and smoothing the skin surface of the abdomen, love handles, buttocks, arms, legs, and back. \u3010Applicable to the crowd\u3011This body sculpting machine is suitable for postpartum mothers,obesity patients and beauty lovers to restore and maintain a perfect body, if used with your favorite various essential oils, stretch mark prevention, slimming cream and scar oil together, the effect will be better. \u3010Easy to use and carry\u3011The cellulite massager machine is equipped with 6 soft washable pads for skin protection. Vibration speed of 3000 rpm creates smooth waves and soft polishing effect. \u3010Ideal Gifts\u3011beauty sculpt massager is made of high quality ABS material with ergonomic design.\" \/>\n<meta property=\"og:url\" content=\"https:\/\/www.sumextech.com\/de\/produkt\/slimex-pro-massager\/\" \/>\n<meta property=\"og:site_name\" content=\"Sumex Technology co.,ltd\" \/>\n<meta property=\"article:publisher\" content=\"https:\/\/www.facebook.com\/profile.php?id=61581317690491\" \/>\n<meta property=\"article:modified_time\" content=\"2025-10-27T07:43:15+00:00\" \/>\n<meta property=\"og:image\" content=\"https:\/\/www.sumextech.com\/wp-content\/uploads\/2025\/08\/1.1-5.webp\" \/>\n\t<meta property=\"og:image:width\" content=\"800\" \/>\n\t<meta property=\"og:image:height\" content=\"800\" \/>\n\t<meta property=\"og:image:type\" content=\"image\/webp\" \/>\n<meta name=\"twitter:card\" content=\"summary_large_image\" \/>\n<script type=\"application\/ld+json\" class=\"yoast-schema-graph\">{\"@context\":\"https:\/\/schema.org\",\"@graph\":[{\"@type\":\"WebPage\",\"@id\":\"https:\/\/www.sumextech.com\/product\/slimex-pro-massager\/\",\"url\":\"https:\/\/www.sumextech.com\/product\/slimex-pro-massager\/\",\"name\":\"Slimex Pro Massager - Sumex Technology co.,ltd\",\"isPartOf\":{\"@id\":\"https:\/\/www.sumextech.com\/#website\"},\"primaryImageOfPage\":{\"@id\":\"https:\/\/www.sumextech.com\/product\/slimex-pro-massager\/#primaryimage\"},\"image\":{\"@id\":\"https:\/\/www.sumextech.com\/product\/slimex-pro-massager\/#primaryimage\"},\"thumbnailUrl\":\"https:\/\/www.sumextech.com\/wp-content\/uploads\/2025\/08\/1.1-5.webp\",\"datePublished\":\"2025-08-01T07:31:39+00:00\",\"dateModified\":\"2025-10-27T07:43:15+00:00\",\"breadcrumb\":{\"@id\":\"https:\/\/www.sumextech.com\/product\/slimex-pro-massager\/#breadcrumb\"},\"inLanguage\":\"de\",\"potentialAction\":[{\"@type\":\"ReadAction\",\"target\":[\"https:\/\/www.sumextech.com\/product\/slimex-pro-massager\/\"]}]},{\"@type\":\"ImageObject\",\"inLanguage\":\"de\",\"@id\":\"https:\/\/www.sumextech.com\/product\/slimex-pro-massager\/#primaryimage\",\"url\":\"https:\/\/www.sumextech.com\/wp-content\/uploads\/2025\/08\/1.1-5.webp\",\"contentUrl\":\"https:\/\/www.sumextech.com\/wp-content\/uploads\/2025\/08\/1.1-5.webp\",\"width\":800,\"height\":800},{\"@type\":\"BreadcrumbList\",\"@id\":\"https:\/\/www.sumextech.com\/product\/slimex-pro-massager\/#breadcrumb\",\"itemListElement\":[{\"@type\":\"ListItem\",\"position\":1,\"name\":\"\u9996\u9875\",\"item\":\"https:\/\/www.sumextech.com\/\"},{\"@type\":\"ListItem\",\"position\":2,\"name\":\"Products\",\"item\":\"https:\/\/www.sumextech.com\/products\/\"},{\"@type\":\"ListItem\",\"position\":3,\"name\":\"Slimex Pro Massager\"}]},{\"@type\":\"WebSite\",\"@id\":\"https:\/\/www.sumextech.com\/#website\",\"url\":\"https:\/\/www.sumextech.com\/\",\"name\":\"Sumex Technology co.,ltd\",\"description\":\"Buy Wellness Body Massager, Beauty and Skin Care Products from China\",\"publisher\":{\"@id\":\"https:\/\/www.sumextech.com\/#organization\"},\"alternateName\":\"SumexTech Wellness Products\",\"potentialAction\":[{\"@type\":\"SearchAction\",\"target\":{\"@type\":\"EntryPoint\",\"urlTemplate\":\"https:\/\/www.sumextech.com\/?s={search_term_string}\"},\"query-input\":{\"@type\":\"PropertyValueSpecification\",\"valueRequired\":true,\"valueName\":\"search_term_string\"}}],\"inLanguage\":\"de\"},{\"@type\":\"Organization\",\"@id\":\"https:\/\/www.sumextech.com\/#organization\",\"name\":\"Sumex Technology co.,ltd\",\"alternateName\":\"SumexTech Wellness Products\",\"url\":\"https:\/\/www.sumextech.com\/\",\"logo\":{\"@type\":\"ImageObject\",\"inLanguage\":\"de\",\"@id\":\"https:\/\/www.sumextech.com\/#\/schema\/logo\/image\/\",\"url\":\"https:\/\/www.sumextech.com\/wp-content\/uploads\/2020\/06\/20250801141548_29.webp\",\"contentUrl\":\"https:\/\/www.sumextech.com\/wp-content\/uploads\/2020\/06\/20250801141548_29.webp\",\"width\":692,\"height\":218,\"caption\":\"Sumex Technology co.,ltd\"},\"image\":{\"@id\":\"https:\/\/www.sumextech.com\/#\/schema\/logo\/image\/\"},\"sameAs\":[\"https:\/\/www.facebook.com\/profile.php?id=61581317690491\",\"https:\/\/www.instagram.com\/sophiey668\/\"]}]}<\/script>\n<!-- \/ Yoast SEO plugin. -->","yoast_head_json":{"title":"Slimex Pro Massager - Sumex Technology co.,ltd","robots":{"index":"index","follow":"follow","max-snippet":"max-snippet:-1","max-image-preview":"max-image-preview:large","max-video-preview":"max-video-preview:-1"},"canonical":"https:\/\/www.sumextech.com\/de\/produkt\/slimex-pro-massager\/","og_locale":"de_DE","og_type":"article","og_title":"Slimex Pro Massager - Sumex Technology co.,ltd","og_description":"\u3010cellulite massager &amp; body sculpting machine\u3011This vibrating massager uses the principle of vibration to provide strong power and a large vibro massage area. \u3010whole body massager\u3011This electric hand held massager can be used for the whole body. For pampering and smoothing the skin surface of the abdomen, love handles, buttocks, arms, legs, and back. \u3010Applicable to the crowd\u3011This body sculpting machine is suitable for postpartum mothers,obesity patients and beauty lovers to restore and maintain a perfect body, if used with your favorite various essential oils, stretch mark prevention, slimming cream and scar oil together, the effect will be better. \u3010Easy to use and carry\u3011The cellulite massager machine is equipped with 6 soft washable pads for skin protection. Vibration speed of 3000 rpm creates smooth waves and soft polishing effect. \u3010Ideal Gifts\u3011beauty sculpt massager is made of high quality ABS material with ergonomic design.","og_url":"https:\/\/www.sumextech.com\/de\/produkt\/slimex-pro-massager\/","og_site_name":"Sumex Technology co.,ltd","article_publisher":"https:\/\/www.facebook.com\/profile.php?id=61581317690491","article_modified_time":"2025-10-27T07:43:15+00:00","og_image":[{"width":800,"height":800,"url":"https:\/\/www.sumextech.com\/wp-content\/uploads\/2025\/08\/1.1-5.webp","type":"image\/webp"}],"twitter_card":"summary_large_image","schema":{"@context":"https:\/\/schema.org","@graph":[{"@type":"WebPage","@id":"https:\/\/www.sumextech.com\/product\/slimex-pro-massager\/","url":"https:\/\/www.sumextech.com\/product\/slimex-pro-massager\/","name":"Slimex Pro Massager - Sumex Technology co.,ltd","isPartOf":{"@id":"https:\/\/www.sumextech.com\/#website"},"primaryImageOfPage":{"@id":"https:\/\/www.sumextech.com\/product\/slimex-pro-massager\/#primaryimage"},"image":{"@id":"https:\/\/www.sumextech.com\/product\/slimex-pro-massager\/#primaryimage"},"thumbnailUrl":"https:\/\/www.sumextech.com\/wp-content\/uploads\/2025\/08\/1.1-5.webp","datePublished":"2025-08-01T07:31:39+00:00","dateModified":"2025-10-27T07:43:15+00:00","breadcrumb":{"@id":"https:\/\/www.sumextech.com\/product\/slimex-pro-massager\/#breadcrumb"},"inLanguage":"de","potentialAction":[{"@type":"ReadAction","target":["https:\/\/www.sumextech.com\/product\/slimex-pro-massager\/"]}]},{"@type":"ImageObject","inLanguage":"de","@id":"https:\/\/www.sumextech.com\/product\/slimex-pro-massager\/#primaryimage","url":"https:\/\/www.sumextech.com\/wp-content\/uploads\/2025\/08\/1.1-5.webp","contentUrl":"https:\/\/www.sumextech.com\/wp-content\/uploads\/2025\/08\/1.1-5.webp","width":800,"height":800},{"@type":"BreadcrumbList","@id":"https:\/\/www.sumextech.com\/product\/slimex-pro-massager\/#breadcrumb","itemListElement":[{"@type":"ListItem","position":1,"name":"\u9996\u9875","item":"https:\/\/www.sumextech.com\/"},{"@type":"ListItem","position":2,"name":"Products","item":"https:\/\/www.sumextech.com\/products\/"},{"@type":"ListItem","position":3,"name":"Slimex Pro Massager"}]},{"@type":"WebSite","@id":"https:\/\/www.sumextech.com\/#website","url":"https:\/\/www.sumextech.com\/","name":"Sumex Technology Co.","description":"Kaufen Sie Wellness Body Massager, Sch\u00f6nheit und Hautpflegeprodukte aus China","publisher":{"@id":"https:\/\/www.sumextech.com\/#organization"},"alternateName":"SumexTech Wellness Products","potentialAction":[{"@type":"SearchAction","target":{"@type":"EntryPoint","urlTemplate":"https:\/\/www.sumextech.com\/?s={search_term_string}"},"query-input":{"@type":"PropertyValueSpecification","valueRequired":true,"valueName":"search_term_string"}}],"inLanguage":"de"},{"@type":"Organization","@id":"https:\/\/www.sumextech.com\/#organization","name":"Sumex Technology Co.","alternateName":"SumexTech Wellness Products","url":"https:\/\/www.sumextech.com\/","logo":{"@type":"ImageObject","inLanguage":"de","@id":"https:\/\/www.sumextech.com\/#\/schema\/logo\/image\/","url":"https:\/\/www.sumextech.com\/wp-content\/uploads\/2020\/06\/20250801141548_29.webp","contentUrl":"https:\/\/www.sumextech.com\/wp-content\/uploads\/2020\/06\/20250801141548_29.webp","width":692,"height":218,"caption":"Sumex Technology co.,ltd"},"image":{"@id":"https:\/\/www.sumextech.com\/#\/schema\/logo\/image\/"},"sameAs":["https:\/\/www.facebook.com\/profile.php?id=61581317690491","https:\/\/www.instagram.com\/sophiey668\/"]}]}},"_links":{"self":[{"href":"https:\/\/www.sumextech.com\/de\/wp-json\/wp\/v2\/product\/4818","targetHints":{"allow":["GET"]}}],"collection":[{"href":"https:\/\/www.sumextech.com\/de\/wp-json\/wp\/v2\/product"}],"about":[{"href":"https:\/\/www.sumextech.com\/de\/wp-json\/wp\/v2\/types\/product"}],"wp:featuredmedia":[{"embeddable":true,"href":"https:\/\/www.sumextech.com\/de\/wp-json\/wp\/v2\/media\/4819"}],"wp:attachment":[{"href":"https:\/\/www.sumextech.com\/de\/wp-json\/wp\/v2\/media?parent=4818"}],"wp:term":[{"taxonomy":"product_cat","embeddable":true,"href":"https:\/\/www.sumextech.com\/de\/wp-json\/wp\/v2\/product_cat?post=4818"},{"taxonomy":"product_tag","embeddable":true,"href":"https:\/\/www.sumextech.com\/de\/wp-json\/wp\/v2\/product_tag?post=4818"},{"taxonomy":"product_brand","embeddable":true,"href":"https:\/\/www.sumextech.com\/de\/wp-json\/wp\/v2\/product_brand?post=4818"}],"curies":[{"name":"wp","href":"https:\/\/api.w.org\/{rel}","templated":true}]}}