{"id":4801,"date":"2025-08-01T07:18:18","date_gmt":"2025-08-01T07:18:18","guid":{"rendered":"http:\/\/www.sumextech.com\/?post_type=product&#038;p=4801"},"modified":"2025-11-05T05:52:04","modified_gmt":"2025-11-05T05:52:04","slug":"celluslim-vacuum-massager","status":"publish","type":"product","link":"https:\/\/www.sumextech.com\/de\/product\/celluslim-vacuum-massager\/","title":{"rendered":"3-in-1 Body Sculptor - K\u00f6rperformendes Massageger\u00e4t"},"content":{"rendered":"<h3>3-in-1 Cellulite-Massageger\u00e4t:<br \/>\nDieses elektrische Cellulite-Massageger\u00e4t wurde f\u00fcr die Massage und Hautstraffung entwickelt und integriert die Funktionen Schr\u00f6pfen, W\u00e4rmetherapie und Gua Sha in einem Ger\u00e4t.<br \/>\nZwei Modi mit einstellbaren Einstellungen: Diese Sculpting Machine verf\u00fcgt \u00fcber zwei Modi und drei Intensit\u00e4tsstufen, die sich auf die Formung und Muskelaktivierung konzentrieren, mit flexiblen Optionen f\u00fcr unterschiedliche Bed\u00fcrfnisse. Es f\u00f6rdert effektiv die Muskelkontraktion und -entspannung und stimuliert die Kollagenproduktion, wodurch die Haut straffer und glatter wird<br \/>\nGezielte Problemverbesserung: Diese elektrische Cellulite-Maschine mit Rotlicht verf\u00fcgt \u00fcber einen abgerundeten Massagekopf, der sich bequem an die Haut anschmiegt, und zielt leicht auf lokalisierte Probleme ab.<br \/>\nLeichtes und vielseitiges Design: Dieses 3-in-1-Schr\u00f6pftherapie-Cellulite-Massageger\u00e4t ist sehr vielseitig und mit zwei Saugn\u00e4pfen ausgestattet, die f\u00fcr verschiedene Bereiche geeignet sind, vom Gesicht \u00fcber den R\u00fccken, den Bauch, die Taille, die Arme und die Beine.<br \/>\nEffizienter und sicherer Betrieb: Die aktive Saugfreigabe Design, sorgen f\u00fcr Sicherheit und Zuverl\u00e4ssigkeit.<\/h3>","protected":false},"excerpt":{"rendered":"<p>3-in-1 Cellulite Massager: This Electric Cellulite Massager is designed for massage, skin tightening, integrating cupping, heat therapy, and gua sha functions in one device. Dual Modes with Adjustable Settings: This Sculpting Machine features two modes and three intensity levels, focusing &hellip; <a href=\"https:\/\/www.sumextech.com\/de\/product\/celluslim-vacuum-massager\/\">Lesen Sie mehr<\/a><\/p>","protected":false},"featured_media":4802,"template":"","meta":[],"product_cat":[105],"product_tag":[],"product_brand":[],"class_list":["post-4801","product","type-product","status-publish","has-post-thumbnail","hentry","product_cat-hanheld-amp-guasha-massager"],"yoast_head":"<!-- This site is optimized with the Yoast SEO plugin v26.3 - https:\/\/yoast.com\/wordpress\/plugins\/seo\/ -->\n<title>3-in-1 Body Sculptor - Body Sculpting Massager - Sumex Technology co.,ltd<\/title>\n<meta name=\"robots\" content=\"index, follow, max-snippet:-1, max-image-preview:large, max-video-preview:-1\" \/>\n<link rel=\"canonical\" href=\"https:\/\/www.sumextech.com\/de\/produkt\/celluslim-vacuum-massager\/\" \/>\n<meta property=\"og:locale\" content=\"de_DE\" \/>\n<meta property=\"og:type\" content=\"article\" \/>\n<meta property=\"og:title\" content=\"3-in-1 Body Sculptor - Body Sculpting Massager - Sumex Technology co.,ltd\" \/>\n<meta property=\"og:description\" content=\"3-in-1 Cellulite Massager: This Electric Cellulite Massager is designed for massage, skin tightening, integrating cupping, heat therapy, and gua sha functions in one device. Dual Modes with Adjustable Settings: This Sculpting Machine features two modes and three intensity levels, focusing &hellip; Readmore\" \/>\n<meta property=\"og:url\" content=\"https:\/\/www.sumextech.com\/de\/produkt\/celluslim-vacuum-massager\/\" \/>\n<meta property=\"og:site_name\" content=\"Sumex Technology co.,ltd\" \/>\n<meta property=\"article:publisher\" content=\"https:\/\/www.facebook.com\/profile.php?id=61581317690491\" \/>\n<meta property=\"article:modified_time\" content=\"2025-11-05T05:52:04+00:00\" \/>\n<meta property=\"og:image\" content=\"https:\/\/www.sumextech.com\/wp-content\/uploads\/2025\/08\/1.1-3.webp\" \/>\n\t<meta property=\"og:image:width\" content=\"800\" \/>\n\t<meta property=\"og:image:height\" content=\"800\" \/>\n\t<meta property=\"og:image:type\" content=\"image\/webp\" \/>\n<meta name=\"twitter:card\" content=\"summary_large_image\" \/>\n<meta name=\"twitter:label1\" content=\"Gesch\u00e4tzte Lesezeit\" \/>\n\t<meta name=\"twitter:data1\" content=\"1\u00a0Minute\" \/>\n<script type=\"application\/ld+json\" class=\"yoast-schema-graph\">{\"@context\":\"https:\/\/schema.org\",\"@graph\":[{\"@type\":\"WebPage\",\"@id\":\"https:\/\/www.sumextech.com\/product\/celluslim-vacuum-massager\/\",\"url\":\"https:\/\/www.sumextech.com\/product\/celluslim-vacuum-massager\/\",\"name\":\"3-in-1 Body Sculptor - Body Sculpting Massager - Sumex Technology co.,ltd\",\"isPartOf\":{\"@id\":\"https:\/\/www.sumextech.com\/#website\"},\"primaryImageOfPage\":{\"@id\":\"https:\/\/www.sumextech.com\/product\/celluslim-vacuum-massager\/#primaryimage\"},\"image\":{\"@id\":\"https:\/\/www.sumextech.com\/product\/celluslim-vacuum-massager\/#primaryimage\"},\"thumbnailUrl\":\"https:\/\/www.sumextech.com\/wp-content\/uploads\/2025\/08\/1.1-3.webp\",\"datePublished\":\"2025-08-01T07:18:18+00:00\",\"dateModified\":\"2025-11-05T05:52:04+00:00\",\"breadcrumb\":{\"@id\":\"https:\/\/www.sumextech.com\/product\/celluslim-vacuum-massager\/#breadcrumb\"},\"inLanguage\":\"de\",\"potentialAction\":[{\"@type\":\"ReadAction\",\"target\":[\"https:\/\/www.sumextech.com\/product\/celluslim-vacuum-massager\/\"]}]},{\"@type\":\"ImageObject\",\"inLanguage\":\"de\",\"@id\":\"https:\/\/www.sumextech.com\/product\/celluslim-vacuum-massager\/#primaryimage\",\"url\":\"https:\/\/www.sumextech.com\/wp-content\/uploads\/2025\/08\/1.1-3.webp\",\"contentUrl\":\"https:\/\/www.sumextech.com\/wp-content\/uploads\/2025\/08\/1.1-3.webp\",\"width\":800,\"height\":800},{\"@type\":\"BreadcrumbList\",\"@id\":\"https:\/\/www.sumextech.com\/product\/celluslim-vacuum-massager\/#breadcrumb\",\"itemListElement\":[{\"@type\":\"ListItem\",\"position\":1,\"name\":\"\u9996\u9875\",\"item\":\"https:\/\/www.sumextech.com\/\"},{\"@type\":\"ListItem\",\"position\":2,\"name\":\"Products\",\"item\":\"https:\/\/www.sumextech.com\/products\/\"},{\"@type\":\"ListItem\",\"position\":3,\"name\":\"3-in-1 Body Sculptor &#8211; Body Sculpting Massager\"}]},{\"@type\":\"WebSite\",\"@id\":\"https:\/\/www.sumextech.com\/#website\",\"url\":\"https:\/\/www.sumextech.com\/\",\"name\":\"Sumex Technology co.,ltd\",\"description\":\"Buy Wellness Body Massager, Beauty and Skin Care Products from China\",\"publisher\":{\"@id\":\"https:\/\/www.sumextech.com\/#organization\"},\"alternateName\":\"SumexTech Wellness Products\",\"potentialAction\":[{\"@type\":\"SearchAction\",\"target\":{\"@type\":\"EntryPoint\",\"urlTemplate\":\"https:\/\/www.sumextech.com\/?s={search_term_string}\"},\"query-input\":{\"@type\":\"PropertyValueSpecification\",\"valueRequired\":true,\"valueName\":\"search_term_string\"}}],\"inLanguage\":\"de\"},{\"@type\":\"Organization\",\"@id\":\"https:\/\/www.sumextech.com\/#organization\",\"name\":\"Sumex Technology co.,ltd\",\"alternateName\":\"SumexTech Wellness Products\",\"url\":\"https:\/\/www.sumextech.com\/\",\"logo\":{\"@type\":\"ImageObject\",\"inLanguage\":\"de\",\"@id\":\"https:\/\/www.sumextech.com\/#\/schema\/logo\/image\/\",\"url\":\"https:\/\/www.sumextech.com\/wp-content\/uploads\/2020\/06\/20250801141548_29.webp\",\"contentUrl\":\"https:\/\/www.sumextech.com\/wp-content\/uploads\/2020\/06\/20250801141548_29.webp\",\"width\":692,\"height\":218,\"caption\":\"Sumex Technology co.,ltd\"},\"image\":{\"@id\":\"https:\/\/www.sumextech.com\/#\/schema\/logo\/image\/\"},\"sameAs\":[\"https:\/\/www.facebook.com\/profile.php?id=61581317690491\",\"https:\/\/www.instagram.com\/sophiey668\/\"]}]}<\/script>\n<!-- \/ Yoast SEO plugin. -->","yoast_head_json":{"title":"3-in-1 Body Sculptor - Body Sculpting Massager - Sumex Technology co.,ltd","robots":{"index":"index","follow":"follow","max-snippet":"max-snippet:-1","max-image-preview":"max-image-preview:large","max-video-preview":"max-video-preview:-1"},"canonical":"https:\/\/www.sumextech.com\/de\/produkt\/celluslim-vacuum-massager\/","og_locale":"de_DE","og_type":"article","og_title":"3-in-1 Body Sculptor - Body Sculpting Massager - Sumex Technology co.,ltd","og_description":"3-in-1 Cellulite Massager: This Electric Cellulite Massager is designed for massage, skin tightening, integrating cupping, heat therapy, and gua sha functions in one device. Dual Modes with Adjustable Settings: This Sculpting Machine features two modes and three intensity levels, focusing &hellip; Readmore","og_url":"https:\/\/www.sumextech.com\/de\/produkt\/celluslim-vacuum-massager\/","og_site_name":"Sumex Technology co.,ltd","article_publisher":"https:\/\/www.facebook.com\/profile.php?id=61581317690491","article_modified_time":"2025-11-05T05:52:04+00:00","og_image":[{"width":800,"height":800,"url":"https:\/\/www.sumextech.com\/wp-content\/uploads\/2025\/08\/1.1-3.webp","type":"image\/webp"}],"twitter_card":"summary_large_image","twitter_misc":{"Gesch\u00e4tzte Lesezeit":"1\u00a0Minute"},"schema":{"@context":"https:\/\/schema.org","@graph":[{"@type":"WebPage","@id":"https:\/\/www.sumextech.com\/product\/celluslim-vacuum-massager\/","url":"https:\/\/www.sumextech.com\/product\/celluslim-vacuum-massager\/","name":"3-in-1 Body Sculptor - Body Sculpting Massager - Sumex Technology co.,ltd","isPartOf":{"@id":"https:\/\/www.sumextech.com\/#website"},"primaryImageOfPage":{"@id":"https:\/\/www.sumextech.com\/product\/celluslim-vacuum-massager\/#primaryimage"},"image":{"@id":"https:\/\/www.sumextech.com\/product\/celluslim-vacuum-massager\/#primaryimage"},"thumbnailUrl":"https:\/\/www.sumextech.com\/wp-content\/uploads\/2025\/08\/1.1-3.webp","datePublished":"2025-08-01T07:18:18+00:00","dateModified":"2025-11-05T05:52:04+00:00","breadcrumb":{"@id":"https:\/\/www.sumextech.com\/product\/celluslim-vacuum-massager\/#breadcrumb"},"inLanguage":"de","potentialAction":[{"@type":"ReadAction","target":["https:\/\/www.sumextech.com\/product\/celluslim-vacuum-massager\/"]}]},{"@type":"ImageObject","inLanguage":"de","@id":"https:\/\/www.sumextech.com\/product\/celluslim-vacuum-massager\/#primaryimage","url":"https:\/\/www.sumextech.com\/wp-content\/uploads\/2025\/08\/1.1-3.webp","contentUrl":"https:\/\/www.sumextech.com\/wp-content\/uploads\/2025\/08\/1.1-3.webp","width":800,"height":800},{"@type":"BreadcrumbList","@id":"https:\/\/www.sumextech.com\/product\/celluslim-vacuum-massager\/#breadcrumb","itemListElement":[{"@type":"ListItem","position":1,"name":"\u9996\u9875","item":"https:\/\/www.sumextech.com\/"},{"@type":"ListItem","position":2,"name":"Products","item":"https:\/\/www.sumextech.com\/products\/"},{"@type":"ListItem","position":3,"name":"3-in-1 Body Sculptor &#8211; Body Sculpting Massager"}]},{"@type":"WebSite","@id":"https:\/\/www.sumextech.com\/#website","url":"https:\/\/www.sumextech.com\/","name":"Sumex Technology Co.","description":"Kaufen Sie Wellness Body Massager, Sch\u00f6nheit und Hautpflegeprodukte aus China","publisher":{"@id":"https:\/\/www.sumextech.com\/#organization"},"alternateName":"SumexTech Wellness Products","potentialAction":[{"@type":"SearchAction","target":{"@type":"EntryPoint","urlTemplate":"https:\/\/www.sumextech.com\/?s={search_term_string}"},"query-input":{"@type":"PropertyValueSpecification","valueRequired":true,"valueName":"search_term_string"}}],"inLanguage":"de"},{"@type":"Organization","@id":"https:\/\/www.sumextech.com\/#organization","name":"Sumex Technology Co.","alternateName":"SumexTech Wellness Products","url":"https:\/\/www.sumextech.com\/","logo":{"@type":"ImageObject","inLanguage":"de","@id":"https:\/\/www.sumextech.com\/#\/schema\/logo\/image\/","url":"https:\/\/www.sumextech.com\/wp-content\/uploads\/2020\/06\/20250801141548_29.webp","contentUrl":"https:\/\/www.sumextech.com\/wp-content\/uploads\/2020\/06\/20250801141548_29.webp","width":692,"height":218,"caption":"Sumex Technology co.,ltd"},"image":{"@id":"https:\/\/www.sumextech.com\/#\/schema\/logo\/image\/"},"sameAs":["https:\/\/www.facebook.com\/profile.php?id=61581317690491","https:\/\/www.instagram.com\/sophiey668\/"]}]}},"_links":{"self":[{"href":"https:\/\/www.sumextech.com\/de\/wp-json\/wp\/v2\/product\/4801","targetHints":{"allow":["GET"]}}],"collection":[{"href":"https:\/\/www.sumextech.com\/de\/wp-json\/wp\/v2\/product"}],"about":[{"href":"https:\/\/www.sumextech.com\/de\/wp-json\/wp\/v2\/types\/product"}],"wp:featuredmedia":[{"embeddable":true,"href":"https:\/\/www.sumextech.com\/de\/wp-json\/wp\/v2\/media\/4802"}],"wp:attachment":[{"href":"https:\/\/www.sumextech.com\/de\/wp-json\/wp\/v2\/media?parent=4801"}],"wp:term":[{"taxonomy":"product_cat","embeddable":true,"href":"https:\/\/www.sumextech.com\/de\/wp-json\/wp\/v2\/product_cat?post=4801"},{"taxonomy":"product_tag","embeddable":true,"href":"https:\/\/www.sumextech.com\/de\/wp-json\/wp\/v2\/product_tag?post=4801"},{"taxonomy":"product_brand","embeddable":true,"href":"https:\/\/www.sumextech.com\/de\/wp-json\/wp\/v2\/product_brand?post=4801"}],"curies":[{"name":"wp","href":"https:\/\/api.w.org\/{rel}","templated":true}]}}