{"id":4793,"date":"2025-08-01T07:16:44","date_gmt":"2025-08-01T07:16:44","guid":{"rendered":"http:\/\/www.sumextech.com\/?post_type=product&#038;p=4793"},"modified":"2025-08-05T06:12:50","modified_gmt":"2025-08-05T06:12:50","slug":"smart-slim-massager","status":"publish","type":"product","link":"https:\/\/www.sumextech.com\/de\/product\/smart-slim-massager\/","title":{"rendered":"Smart Slim Massageger\u00e4t"},"content":{"rendered":"","protected":false},"excerpt":{"rendered":"<p>Elektrisches Cellulite-Massageger\u00e4t f\u00fcr die K\u00f6rperformung,<br \/>\nHandgehaltenes Ganzk\u00f6rpermassageger\u00e4t f\u00fcr R\u00fccken\/Bauch\/Ges\u00e4\u00df\/Beine\/Arme Tiefenmassage Relax,<br \/>\nLeistungsstarke Rotaional Vibration Body Massager, nimmt das Prinzip der Vibration und Rotation Technologie, dieser K\u00f6rper Bildhauerei Maschine gibt K\u00f6rper die tiefste Massage, geeignet f\u00fcr Ganzk\u00f6rpermassage.<br \/>\nPads waschbar wiederverwendbar, hohe Qualit\u00e4t und einfach zu handhaben<\/p>","protected":false},"featured_media":4796,"template":"","meta":[],"product_cat":[105],"product_tag":[],"product_brand":[],"class_list":["post-4793","product","type-product","status-publish","has-post-thumbnail","hentry","product_cat-hanheld-amp-guasha-massager"],"yoast_head":"<!-- This site is optimized with the Yoast SEO plugin v26.3 - https:\/\/yoast.com\/wordpress\/plugins\/seo\/ -->\n<title>Smart Slim Massager - Sumex Technology co.,ltd<\/title>\n<meta name=\"robots\" content=\"index, follow, max-snippet:-1, max-image-preview:large, max-video-preview:-1\" \/>\n<link rel=\"canonical\" href=\"https:\/\/www.sumextech.com\/de\/produkt\/smart-slim-massager\/\" \/>\n<meta property=\"og:locale\" content=\"de_DE\" \/>\n<meta property=\"og:type\" content=\"article\" \/>\n<meta property=\"og:title\" content=\"Smart Slim Massager - Sumex Technology co.,ltd\" \/>\n<meta property=\"og:description\" content=\"Body Sculpting Electric Cellulite Massager, Handheld Full Body Massage Machine for Back\/Abdomen\/Butt\/Leg\/Arms Deep Massage Relax, Powerful Rotaional Vibration Body Massager, adopts the principle of vibration and rotation technology, this body sculpting machine gives body the deepest massage, suit for full body massage. Pads Washable Reuseable, High Quality &amp; Easy to Operate\" \/>\n<meta property=\"og:url\" content=\"https:\/\/www.sumextech.com\/de\/produkt\/smart-slim-massager\/\" \/>\n<meta property=\"og:site_name\" content=\"Sumex Technology co.,ltd\" \/>\n<meta property=\"article:publisher\" content=\"https:\/\/www.facebook.com\/profile.php?id=61581317690491\" \/>\n<meta property=\"article:modified_time\" content=\"2025-08-05T06:12:50+00:00\" \/>\n<meta property=\"og:image\" content=\"https:\/\/www.sumextech.com\/wp-content\/uploads\/2025\/08\/1.3-2.webp\" \/>\n\t<meta property=\"og:image:width\" content=\"800\" \/>\n\t<meta property=\"og:image:height\" content=\"800\" \/>\n\t<meta property=\"og:image:type\" content=\"image\/webp\" \/>\n<meta name=\"twitter:card\" content=\"summary_large_image\" \/>\n<script type=\"application\/ld+json\" class=\"yoast-schema-graph\">{\"@context\":\"https:\/\/schema.org\",\"@graph\":[{\"@type\":\"WebPage\",\"@id\":\"https:\/\/www.sumextech.com\/product\/smart-slim-massager\/\",\"url\":\"https:\/\/www.sumextech.com\/product\/smart-slim-massager\/\",\"name\":\"Smart Slim Massager - Sumex Technology co.,ltd\",\"isPartOf\":{\"@id\":\"https:\/\/www.sumextech.com\/#website\"},\"primaryImageOfPage\":{\"@id\":\"https:\/\/www.sumextech.com\/product\/smart-slim-massager\/#primaryimage\"},\"image\":{\"@id\":\"https:\/\/www.sumextech.com\/product\/smart-slim-massager\/#primaryimage\"},\"thumbnailUrl\":\"https:\/\/www.sumextech.com\/wp-content\/uploads\/2025\/08\/1.3-2.webp\",\"datePublished\":\"2025-08-01T07:16:44+00:00\",\"dateModified\":\"2025-08-05T06:12:50+00:00\",\"breadcrumb\":{\"@id\":\"https:\/\/www.sumextech.com\/product\/smart-slim-massager\/#breadcrumb\"},\"inLanguage\":\"de\",\"potentialAction\":[{\"@type\":\"ReadAction\",\"target\":[\"https:\/\/www.sumextech.com\/product\/smart-slim-massager\/\"]}]},{\"@type\":\"ImageObject\",\"inLanguage\":\"de\",\"@id\":\"https:\/\/www.sumextech.com\/product\/smart-slim-massager\/#primaryimage\",\"url\":\"https:\/\/www.sumextech.com\/wp-content\/uploads\/2025\/08\/1.3-2.webp\",\"contentUrl\":\"https:\/\/www.sumextech.com\/wp-content\/uploads\/2025\/08\/1.3-2.webp\",\"width\":800,\"height\":800},{\"@type\":\"BreadcrumbList\",\"@id\":\"https:\/\/www.sumextech.com\/product\/smart-slim-massager\/#breadcrumb\",\"itemListElement\":[{\"@type\":\"ListItem\",\"position\":1,\"name\":\"\u9996\u9875\",\"item\":\"https:\/\/www.sumextech.com\/\"},{\"@type\":\"ListItem\",\"position\":2,\"name\":\"Products\",\"item\":\"https:\/\/www.sumextech.com\/products\/\"},{\"@type\":\"ListItem\",\"position\":3,\"name\":\"Smart Slim Massager\"}]},{\"@type\":\"WebSite\",\"@id\":\"https:\/\/www.sumextech.com\/#website\",\"url\":\"https:\/\/www.sumextech.com\/\",\"name\":\"Sumex Technology co.,ltd\",\"description\":\"Buy Wellness Body Massager, Beauty and Skin Care Products from China\",\"publisher\":{\"@id\":\"https:\/\/www.sumextech.com\/#organization\"},\"alternateName\":\"SumexTech Wellness Products\",\"potentialAction\":[{\"@type\":\"SearchAction\",\"target\":{\"@type\":\"EntryPoint\",\"urlTemplate\":\"https:\/\/www.sumextech.com\/?s={search_term_string}\"},\"query-input\":{\"@type\":\"PropertyValueSpecification\",\"valueRequired\":true,\"valueName\":\"search_term_string\"}}],\"inLanguage\":\"de\"},{\"@type\":\"Organization\",\"@id\":\"https:\/\/www.sumextech.com\/#organization\",\"name\":\"Sumex Technology co.,ltd\",\"alternateName\":\"SumexTech Wellness Products\",\"url\":\"https:\/\/www.sumextech.com\/\",\"logo\":{\"@type\":\"ImageObject\",\"inLanguage\":\"de\",\"@id\":\"https:\/\/www.sumextech.com\/#\/schema\/logo\/image\/\",\"url\":\"https:\/\/www.sumextech.com\/wp-content\/uploads\/2020\/06\/20250801141548_29.webp\",\"contentUrl\":\"https:\/\/www.sumextech.com\/wp-content\/uploads\/2020\/06\/20250801141548_29.webp\",\"width\":692,\"height\":218,\"caption\":\"Sumex Technology co.,ltd\"},\"image\":{\"@id\":\"https:\/\/www.sumextech.com\/#\/schema\/logo\/image\/\"},\"sameAs\":[\"https:\/\/www.facebook.com\/profile.php?id=61581317690491\",\"https:\/\/www.instagram.com\/sophiey668\/\"]}]}<\/script>\n<!-- \/ Yoast SEO plugin. -->","yoast_head_json":{"title":"Smart Slim Massager - Sumex Technology co.,ltd","robots":{"index":"index","follow":"follow","max-snippet":"max-snippet:-1","max-image-preview":"max-image-preview:large","max-video-preview":"max-video-preview:-1"},"canonical":"https:\/\/www.sumextech.com\/de\/produkt\/smart-slim-massager\/","og_locale":"de_DE","og_type":"article","og_title":"Smart Slim Massager - Sumex Technology co.,ltd","og_description":"Body Sculpting Electric Cellulite Massager, Handheld Full Body Massage Machine for Back\/Abdomen\/Butt\/Leg\/Arms Deep Massage Relax, Powerful Rotaional Vibration Body Massager, adopts the principle of vibration and rotation technology, this body sculpting machine gives body the deepest massage, suit for full body massage. Pads Washable Reuseable, High Quality &amp; Easy to Operate","og_url":"https:\/\/www.sumextech.com\/de\/produkt\/smart-slim-massager\/","og_site_name":"Sumex Technology co.,ltd","article_publisher":"https:\/\/www.facebook.com\/profile.php?id=61581317690491","article_modified_time":"2025-08-05T06:12:50+00:00","og_image":[{"width":800,"height":800,"url":"https:\/\/www.sumextech.com\/wp-content\/uploads\/2025\/08\/1.3-2.webp","type":"image\/webp"}],"twitter_card":"summary_large_image","schema":{"@context":"https:\/\/schema.org","@graph":[{"@type":"WebPage","@id":"https:\/\/www.sumextech.com\/product\/smart-slim-massager\/","url":"https:\/\/www.sumextech.com\/product\/smart-slim-massager\/","name":"Smart Slim Massager - Sumex Technology co.,ltd","isPartOf":{"@id":"https:\/\/www.sumextech.com\/#website"},"primaryImageOfPage":{"@id":"https:\/\/www.sumextech.com\/product\/smart-slim-massager\/#primaryimage"},"image":{"@id":"https:\/\/www.sumextech.com\/product\/smart-slim-massager\/#primaryimage"},"thumbnailUrl":"https:\/\/www.sumextech.com\/wp-content\/uploads\/2025\/08\/1.3-2.webp","datePublished":"2025-08-01T07:16:44+00:00","dateModified":"2025-08-05T06:12:50+00:00","breadcrumb":{"@id":"https:\/\/www.sumextech.com\/product\/smart-slim-massager\/#breadcrumb"},"inLanguage":"de","potentialAction":[{"@type":"ReadAction","target":["https:\/\/www.sumextech.com\/product\/smart-slim-massager\/"]}]},{"@type":"ImageObject","inLanguage":"de","@id":"https:\/\/www.sumextech.com\/product\/smart-slim-massager\/#primaryimage","url":"https:\/\/www.sumextech.com\/wp-content\/uploads\/2025\/08\/1.3-2.webp","contentUrl":"https:\/\/www.sumextech.com\/wp-content\/uploads\/2025\/08\/1.3-2.webp","width":800,"height":800},{"@type":"BreadcrumbList","@id":"https:\/\/www.sumextech.com\/product\/smart-slim-massager\/#breadcrumb","itemListElement":[{"@type":"ListItem","position":1,"name":"\u9996\u9875","item":"https:\/\/www.sumextech.com\/"},{"@type":"ListItem","position":2,"name":"Products","item":"https:\/\/www.sumextech.com\/products\/"},{"@type":"ListItem","position":3,"name":"Smart Slim Massager"}]},{"@type":"WebSite","@id":"https:\/\/www.sumextech.com\/#website","url":"https:\/\/www.sumextech.com\/","name":"Sumex Technology Co.","description":"Kaufen Sie Wellness Body Massager, Sch\u00f6nheit und Hautpflegeprodukte aus China","publisher":{"@id":"https:\/\/www.sumextech.com\/#organization"},"alternateName":"SumexTech Wellness Products","potentialAction":[{"@type":"SearchAction","target":{"@type":"EntryPoint","urlTemplate":"https:\/\/www.sumextech.com\/?s={search_term_string}"},"query-input":{"@type":"PropertyValueSpecification","valueRequired":true,"valueName":"search_term_string"}}],"inLanguage":"de"},{"@type":"Organization","@id":"https:\/\/www.sumextech.com\/#organization","name":"Sumex Technology Co.","alternateName":"SumexTech Wellness Products","url":"https:\/\/www.sumextech.com\/","logo":{"@type":"ImageObject","inLanguage":"de","@id":"https:\/\/www.sumextech.com\/#\/schema\/logo\/image\/","url":"https:\/\/www.sumextech.com\/wp-content\/uploads\/2020\/06\/20250801141548_29.webp","contentUrl":"https:\/\/www.sumextech.com\/wp-content\/uploads\/2020\/06\/20250801141548_29.webp","width":692,"height":218,"caption":"Sumex Technology co.,ltd"},"image":{"@id":"https:\/\/www.sumextech.com\/#\/schema\/logo\/image\/"},"sameAs":["https:\/\/www.facebook.com\/profile.php?id=61581317690491","https:\/\/www.instagram.com\/sophiey668\/"]}]}},"_links":{"self":[{"href":"https:\/\/www.sumextech.com\/de\/wp-json\/wp\/v2\/product\/4793","targetHints":{"allow":["GET"]}}],"collection":[{"href":"https:\/\/www.sumextech.com\/de\/wp-json\/wp\/v2\/product"}],"about":[{"href":"https:\/\/www.sumextech.com\/de\/wp-json\/wp\/v2\/types\/product"}],"wp:featuredmedia":[{"embeddable":true,"href":"https:\/\/www.sumextech.com\/de\/wp-json\/wp\/v2\/media\/4796"}],"wp:attachment":[{"href":"https:\/\/www.sumextech.com\/de\/wp-json\/wp\/v2\/media?parent=4793"}],"wp:term":[{"taxonomy":"product_cat","embeddable":true,"href":"https:\/\/www.sumextech.com\/de\/wp-json\/wp\/v2\/product_cat?post=4793"},{"taxonomy":"product_tag","embeddable":true,"href":"https:\/\/www.sumextech.com\/de\/wp-json\/wp\/v2\/product_tag?post=4793"},{"taxonomy":"product_brand","embeddable":true,"href":"https:\/\/www.sumextech.com\/de\/wp-json\/wp\/v2\/product_brand?post=4793"}],"curies":[{"name":"wp","href":"https:\/\/api.w.org\/{rel}","templated":true}]}}