{"id":4781,"date":"2025-08-01T07:15:57","date_gmt":"2025-08-01T07:15:57","guid":{"rendered":"http:\/\/www.sumextech.com\/?post_type=product&#038;p=4781"},"modified":"2025-09-19T02:16:05","modified_gmt":"2025-09-19T02:16:05","slug":"electric-scalp-massager-2","status":"publish","type":"product","link":"https:\/\/www.sumextech.com\/de\/product\/electric-scalp-massager-2\/","title":{"rendered":"Elektrisches Kopfhautmassageger\u00e4t"},"content":{"rendered":"<p><img loading=\"lazy\" decoding=\"async\" class=\"alignnone size-full wp-image-5011\" src=\"http:\/\/www.sumextech.com\/wp-content\/uploads\/2025\/08\/2.1-2.webp\" alt=\"\" width=\"800\" height=\"800\" srcset=\"https:\/\/www.sumextech.com\/wp-content\/uploads\/2025\/08\/2.1-2.webp 800w, https:\/\/www.sumextech.com\/wp-content\/uploads\/2025\/08\/2.1-2-300x300.webp 300w\" sizes=\"auto, (max-width: 800px) 100vw, 800px\" \/><\/p>","protected":false},"excerpt":{"rendered":"<p>\u3010360\u00b0 OMNIDIREKTIONALER MASSAGEKOPF\u3011: Dieses Kopfmassageger\u00e4t ist mit 20 unabh\u00e4ngigen Vibrationsber\u00fchrungspunkten ausgestattet, mit 10 Massagepunkten auf der oberen Schicht und 10 Massagepunkten auf der unteren Schicht. Deckt den gesamten Kopf in alle Richtungen ab, um Kopfm\u00fcdigkeit und Druck zu lindern.<br \/>\n\u3010SMART TIMING\u3011: Ausgestattet mit einer 15-min\u00fctigen automatischen Abschaltfunktion, ist es entworfen, um die optimale Massagedauer zu bieten, damit Sie jedes Mal eine gut getimte Sitzung genie\u00dfen k\u00f6nnen. Diese Funktion erm\u00f6glicht es Ihnen, sich zu entspannen, ohne die Zeit zu \u00fcberwachen und beendet automatisch die Massage f\u00fcr eine bequeme und einfache Nutzung.<br \/>\n\u3010BLUETOOTH-FUNKTION\u3011: Verbinden Sie sich mit Ihrem Mobiltelefon, um Musik zu h\u00f6ren, Nachrichten, etc.<br \/>\n\u3010INTELLIGENT IC MASTER CONTROL\u3011: Der intelligente IC steuert 20 Vibrationsmotork\u00f6pfe mit einem Punktmatrix-Layout und erm\u00f6glicht verschiedene Vibrationsmodi. Dazu geh\u00f6ren gleichzeitige Vibration, Kreuzvibration, 3D-Surround-Vibration, auf- und abw\u00e4rts gestaffelte Vibration sowie Vibrationen unterschiedlicher Intensit\u00e4t.<br \/>\n\u3010INTELLIGENTE SPRACH\u00dcBERTRAGUNG\u3011: Extrem einfache Ein-Tasten-Bedienung, jeder Tastenklick hat eine klare Sprachansage. Die Sprachlautst\u00e4rke ist konstant bei 50 dB, und Sie k\u00f6nnen klare R\u00fcckmeldung in einer ruhigen Umgebung erhalten.<\/p>","protected":false},"featured_media":5011,"template":"","meta":[],"product_cat":[106],"product_tag":[],"product_brand":[],"class_list":["post-4781","product","type-product","status-publish","has-post-thumbnail","hentry","product_cat-head-massager"],"yoast_head":"<!-- This site is optimized with the Yoast SEO plugin v26.3 - https:\/\/yoast.com\/wordpress\/plugins\/seo\/ -->\n<title>Electric Scalp Massager - Sumex Technology co.,ltd<\/title>\n<meta name=\"robots\" content=\"index, follow, max-snippet:-1, max-image-preview:large, max-video-preview:-1\" \/>\n<link rel=\"canonical\" href=\"https:\/\/www.sumextech.com\/de\/produkt\/electric-scalp-massager-2\/\" \/>\n<meta property=\"og:locale\" content=\"de_DE\" \/>\n<meta property=\"og:type\" content=\"article\" \/>\n<meta property=\"og:title\" content=\"Electric Scalp Massager - Sumex Technology co.,ltd\" \/>\n<meta property=\"og:description\" content=\"\u3010360\u00b0 OMNIDIRECTIONAL MASSAGE HEAD\u3011: This head massager is equipped with 20 independent vibration touch points, with 10 massage points on the upper layer and 10 massage points on the lower layer. Covers the entire head in all directions to relieve head fatigue and pressure. \u3010SMART TIMING\u3011: Equipped with a 15-minute automatic shutdown function, it is designed to provide the optimal massage duration, helping you enjoy a well-timed session every time. This feature allows you to relax without monitoring the time and automatically ends the massage for convenient and easy use. \u3010BLUETOOTH FUNCTION\u3011: Connect with your mobile phone to listen to music, news, etc \u3010INTELLIGENT IC MASTER CONTROL\u3011: The intelligent IC controls 20 vibration motor heads with a dot matrix layout, enabling various vibration modes. These include simultaneous vibration, cross vibration, 3D surround vibration, up and down staggered vibration, as well as different intensity vibrations. \u3010INTELLIGENT VOICE BROADCAST\u3011: Extremely simple one-button operation, every button click has a clear voice prompt. The voice volume is constant at 50 dB, and you can get clear feedback in a quiet environment.\" \/>\n<meta property=\"og:url\" content=\"https:\/\/www.sumextech.com\/de\/produkt\/electric-scalp-massager-2\/\" \/>\n<meta property=\"og:site_name\" content=\"Sumex Technology co.,ltd\" \/>\n<meta property=\"article:publisher\" content=\"https:\/\/www.facebook.com\/profile.php?id=61581317690491\" \/>\n<meta property=\"article:modified_time\" content=\"2025-09-19T02:16:05+00:00\" \/>\n<meta property=\"og:image\" content=\"https:\/\/www.sumextech.com\/wp-content\/uploads\/2025\/08\/2.1-2.webp\" \/>\n\t<meta property=\"og:image:width\" content=\"800\" \/>\n\t<meta property=\"og:image:height\" content=\"800\" \/>\n\t<meta property=\"og:image:type\" content=\"image\/webp\" \/>\n<meta name=\"twitter:card\" content=\"summary_large_image\" \/>\n<script type=\"application\/ld+json\" class=\"yoast-schema-graph\">{\"@context\":\"https:\/\/schema.org\",\"@graph\":[{\"@type\":\"WebPage\",\"@id\":\"https:\/\/www.sumextech.com\/product\/electric-scalp-massager-2\/\",\"url\":\"https:\/\/www.sumextech.com\/product\/electric-scalp-massager-2\/\",\"name\":\"Electric Scalp Massager - Sumex Technology co.,ltd\",\"isPartOf\":{\"@id\":\"https:\/\/www.sumextech.com\/#website\"},\"primaryImageOfPage\":{\"@id\":\"https:\/\/www.sumextech.com\/product\/electric-scalp-massager-2\/#primaryimage\"},\"image\":{\"@id\":\"https:\/\/www.sumextech.com\/product\/electric-scalp-massager-2\/#primaryimage\"},\"thumbnailUrl\":\"https:\/\/www.sumextech.com\/wp-content\/uploads\/2025\/08\/2.1-2.webp\",\"datePublished\":\"2025-08-01T07:15:57+00:00\",\"dateModified\":\"2025-09-19T02:16:05+00:00\",\"breadcrumb\":{\"@id\":\"https:\/\/www.sumextech.com\/product\/electric-scalp-massager-2\/#breadcrumb\"},\"inLanguage\":\"de\",\"potentialAction\":[{\"@type\":\"ReadAction\",\"target\":[\"https:\/\/www.sumextech.com\/product\/electric-scalp-massager-2\/\"]}]},{\"@type\":\"ImageObject\",\"inLanguage\":\"de\",\"@id\":\"https:\/\/www.sumextech.com\/product\/electric-scalp-massager-2\/#primaryimage\",\"url\":\"https:\/\/www.sumextech.com\/wp-content\/uploads\/2025\/08\/2.1-2.webp\",\"contentUrl\":\"https:\/\/www.sumextech.com\/wp-content\/uploads\/2025\/08\/2.1-2.webp\",\"width\":800,\"height\":800},{\"@type\":\"BreadcrumbList\",\"@id\":\"https:\/\/www.sumextech.com\/product\/electric-scalp-massager-2\/#breadcrumb\",\"itemListElement\":[{\"@type\":\"ListItem\",\"position\":1,\"name\":\"\u9996\u9875\",\"item\":\"https:\/\/www.sumextech.com\/\"},{\"@type\":\"ListItem\",\"position\":2,\"name\":\"Products\",\"item\":\"https:\/\/www.sumextech.com\/products\/\"},{\"@type\":\"ListItem\",\"position\":3,\"name\":\"Electric Scalp Massager\"}]},{\"@type\":\"WebSite\",\"@id\":\"https:\/\/www.sumextech.com\/#website\",\"url\":\"https:\/\/www.sumextech.com\/\",\"name\":\"Sumex Technology co.,ltd\",\"description\":\"Buy Wellness Body Massager, Beauty and Skin Care Products from China\",\"publisher\":{\"@id\":\"https:\/\/www.sumextech.com\/#organization\"},\"alternateName\":\"SumexTech Wellness Products\",\"potentialAction\":[{\"@type\":\"SearchAction\",\"target\":{\"@type\":\"EntryPoint\",\"urlTemplate\":\"https:\/\/www.sumextech.com\/?s={search_term_string}\"},\"query-input\":{\"@type\":\"PropertyValueSpecification\",\"valueRequired\":true,\"valueName\":\"search_term_string\"}}],\"inLanguage\":\"de\"},{\"@type\":\"Organization\",\"@id\":\"https:\/\/www.sumextech.com\/#organization\",\"name\":\"Sumex Technology co.,ltd\",\"alternateName\":\"SumexTech Wellness Products\",\"url\":\"https:\/\/www.sumextech.com\/\",\"logo\":{\"@type\":\"ImageObject\",\"inLanguage\":\"de\",\"@id\":\"https:\/\/www.sumextech.com\/#\/schema\/logo\/image\/\",\"url\":\"https:\/\/www.sumextech.com\/wp-content\/uploads\/2020\/06\/20250801141548_29.webp\",\"contentUrl\":\"https:\/\/www.sumextech.com\/wp-content\/uploads\/2020\/06\/20250801141548_29.webp\",\"width\":692,\"height\":218,\"caption\":\"Sumex Technology co.,ltd\"},\"image\":{\"@id\":\"https:\/\/www.sumextech.com\/#\/schema\/logo\/image\/\"},\"sameAs\":[\"https:\/\/www.facebook.com\/profile.php?id=61581317690491\",\"https:\/\/www.instagram.com\/sophiey668\/\"]}]}<\/script>\n<!-- \/ Yoast SEO plugin. -->","yoast_head_json":{"title":"Electric Scalp Massager - Sumex Technology co.,ltd","robots":{"index":"index","follow":"follow","max-snippet":"max-snippet:-1","max-image-preview":"max-image-preview:large","max-video-preview":"max-video-preview:-1"},"canonical":"https:\/\/www.sumextech.com\/de\/produkt\/electric-scalp-massager-2\/","og_locale":"de_DE","og_type":"article","og_title":"Electric Scalp Massager - Sumex Technology co.,ltd","og_description":"\u3010360\u00b0 OMNIDIRECTIONAL MASSAGE HEAD\u3011: This head massager is equipped with 20 independent vibration touch points, with 10 massage points on the upper layer and 10 massage points on the lower layer. Covers the entire head in all directions to relieve head fatigue and pressure. \u3010SMART TIMING\u3011: Equipped with a 15-minute automatic shutdown function, it is designed to provide the optimal massage duration, helping you enjoy a well-timed session every time. This feature allows you to relax without monitoring the time and automatically ends the massage for convenient and easy use. \u3010BLUETOOTH FUNCTION\u3011: Connect with your mobile phone to listen to music, news, etc \u3010INTELLIGENT IC MASTER CONTROL\u3011: The intelligent IC controls 20 vibration motor heads with a dot matrix layout, enabling various vibration modes. These include simultaneous vibration, cross vibration, 3D surround vibration, up and down staggered vibration, as well as different intensity vibrations. \u3010INTELLIGENT VOICE BROADCAST\u3011: Extremely simple one-button operation, every button click has a clear voice prompt. The voice volume is constant at 50 dB, and you can get clear feedback in a quiet environment.","og_url":"https:\/\/www.sumextech.com\/de\/produkt\/electric-scalp-massager-2\/","og_site_name":"Sumex Technology co.,ltd","article_publisher":"https:\/\/www.facebook.com\/profile.php?id=61581317690491","article_modified_time":"2025-09-19T02:16:05+00:00","og_image":[{"width":800,"height":800,"url":"https:\/\/www.sumextech.com\/wp-content\/uploads\/2025\/08\/2.1-2.webp","type":"image\/webp"}],"twitter_card":"summary_large_image","schema":{"@context":"https:\/\/schema.org","@graph":[{"@type":"WebPage","@id":"https:\/\/www.sumextech.com\/product\/electric-scalp-massager-2\/","url":"https:\/\/www.sumextech.com\/product\/electric-scalp-massager-2\/","name":"Electric Scalp Massager - Sumex Technology co.,ltd","isPartOf":{"@id":"https:\/\/www.sumextech.com\/#website"},"primaryImageOfPage":{"@id":"https:\/\/www.sumextech.com\/product\/electric-scalp-massager-2\/#primaryimage"},"image":{"@id":"https:\/\/www.sumextech.com\/product\/electric-scalp-massager-2\/#primaryimage"},"thumbnailUrl":"https:\/\/www.sumextech.com\/wp-content\/uploads\/2025\/08\/2.1-2.webp","datePublished":"2025-08-01T07:15:57+00:00","dateModified":"2025-09-19T02:16:05+00:00","breadcrumb":{"@id":"https:\/\/www.sumextech.com\/product\/electric-scalp-massager-2\/#breadcrumb"},"inLanguage":"de","potentialAction":[{"@type":"ReadAction","target":["https:\/\/www.sumextech.com\/product\/electric-scalp-massager-2\/"]}]},{"@type":"ImageObject","inLanguage":"de","@id":"https:\/\/www.sumextech.com\/product\/electric-scalp-massager-2\/#primaryimage","url":"https:\/\/www.sumextech.com\/wp-content\/uploads\/2025\/08\/2.1-2.webp","contentUrl":"https:\/\/www.sumextech.com\/wp-content\/uploads\/2025\/08\/2.1-2.webp","width":800,"height":800},{"@type":"BreadcrumbList","@id":"https:\/\/www.sumextech.com\/product\/electric-scalp-massager-2\/#breadcrumb","itemListElement":[{"@type":"ListItem","position":1,"name":"\u9996\u9875","item":"https:\/\/www.sumextech.com\/"},{"@type":"ListItem","position":2,"name":"Products","item":"https:\/\/www.sumextech.com\/products\/"},{"@type":"ListItem","position":3,"name":"Electric Scalp Massager"}]},{"@type":"WebSite","@id":"https:\/\/www.sumextech.com\/#website","url":"https:\/\/www.sumextech.com\/","name":"Sumex Technology Co.","description":"Kaufen Sie Wellness Body Massager, Sch\u00f6nheit und Hautpflegeprodukte aus China","publisher":{"@id":"https:\/\/www.sumextech.com\/#organization"},"alternateName":"SumexTech Wellness Products","potentialAction":[{"@type":"SearchAction","target":{"@type":"EntryPoint","urlTemplate":"https:\/\/www.sumextech.com\/?s={search_term_string}"},"query-input":{"@type":"PropertyValueSpecification","valueRequired":true,"valueName":"search_term_string"}}],"inLanguage":"de"},{"@type":"Organization","@id":"https:\/\/www.sumextech.com\/#organization","name":"Sumex Technology Co.","alternateName":"SumexTech Wellness Products","url":"https:\/\/www.sumextech.com\/","logo":{"@type":"ImageObject","inLanguage":"de","@id":"https:\/\/www.sumextech.com\/#\/schema\/logo\/image\/","url":"https:\/\/www.sumextech.com\/wp-content\/uploads\/2020\/06\/20250801141548_29.webp","contentUrl":"https:\/\/www.sumextech.com\/wp-content\/uploads\/2020\/06\/20250801141548_29.webp","width":692,"height":218,"caption":"Sumex Technology co.,ltd"},"image":{"@id":"https:\/\/www.sumextech.com\/#\/schema\/logo\/image\/"},"sameAs":["https:\/\/www.facebook.com\/profile.php?id=61581317690491","https:\/\/www.instagram.com\/sophiey668\/"]}]}},"_links":{"self":[{"href":"https:\/\/www.sumextech.com\/de\/wp-json\/wp\/v2\/product\/4781","targetHints":{"allow":["GET"]}}],"collection":[{"href":"https:\/\/www.sumextech.com\/de\/wp-json\/wp\/v2\/product"}],"about":[{"href":"https:\/\/www.sumextech.com\/de\/wp-json\/wp\/v2\/types\/product"}],"wp:featuredmedia":[{"embeddable":true,"href":"https:\/\/www.sumextech.com\/de\/wp-json\/wp\/v2\/media\/5011"}],"wp:attachment":[{"href":"https:\/\/www.sumextech.com\/de\/wp-json\/wp\/v2\/media?parent=4781"}],"wp:term":[{"taxonomy":"product_cat","embeddable":true,"href":"https:\/\/www.sumextech.com\/de\/wp-json\/wp\/v2\/product_cat?post=4781"},{"taxonomy":"product_tag","embeddable":true,"href":"https:\/\/www.sumextech.com\/de\/wp-json\/wp\/v2\/product_tag?post=4781"},{"taxonomy":"product_brand","embeddable":true,"href":"https:\/\/www.sumextech.com\/de\/wp-json\/wp\/v2\/product_brand?post=4781"}],"curies":[{"name":"wp","href":"https:\/\/api.w.org\/{rel}","templated":true}]}}