{"id":4767,"date":"2025-08-01T07:10:11","date_gmt":"2025-08-01T07:10:11","guid":{"rendered":"http:\/\/www.sumextech.com\/?post_type=product&#038;p=4767"},"modified":"2025-10-27T07:50:58","modified_gmt":"2025-10-27T07:50:58","slug":"portable-massage-hammer","status":"publish","type":"product","link":"https:\/\/www.sumextech.com\/de\/product\/portable-massage-hammer\/","title":{"rendered":"Tragbarer Massagehammer"},"content":{"rendered":"<p><img loading=\"lazy\" decoding=\"async\" class=\"alignnone size-full wp-image-4771\" src=\"http:\/\/www.sumextech.com\/wp-content\/uploads\/2025\/08\/1-2-1.webp\" alt=\"\" width=\"790\" height=\"1175\" srcset=\"https:\/\/www.sumextech.com\/wp-content\/uploads\/2025\/08\/1-2-1.webp 790w, https:\/\/www.sumextech.com\/wp-content\/uploads\/2025\/08\/1-2-1-202x300.webp 202w\" sizes=\"auto, (max-width: 790px) 100vw, 790px\" \/><img loading=\"lazy\" decoding=\"async\" class=\"alignnone size-full wp-image-4772\" src=\"http:\/\/www.sumextech.com\/wp-content\/uploads\/2025\/08\/1-4-2.webp\" alt=\"\" width=\"790\" height=\"1275\" srcset=\"https:\/\/www.sumextech.com\/wp-content\/uploads\/2025\/08\/1-4-2.webp 790w, https:\/\/www.sumextech.com\/wp-content\/uploads\/2025\/08\/1-4-2-186x300.webp 186w\" sizes=\"auto, (max-width: 790px) 100vw, 790px\" \/> <img loading=\"lazy\" decoding=\"async\" class=\"alignnone size-full wp-image-4773\" src=\"http:\/\/www.sumextech.com\/wp-content\/uploads\/2025\/08\/1-6_.webp\" alt=\"\" width=\"790\" height=\"2111\" srcset=\"https:\/\/www.sumextech.com\/wp-content\/uploads\/2025\/08\/1-6_.webp 790w, https:\/\/www.sumextech.com\/wp-content\/uploads\/2025\/08\/1-6_-112x300.webp 112w\" sizes=\"auto, (max-width: 790px) 100vw, 790px\" \/><\/p>","protected":false},"excerpt":{"rendered":"<p>Exklusive Stielverl\u00e4ngerung: Extra langer 6-Zoll-Verl\u00e4ngerungsgriff mit strukturiertem Griff f\u00fcr mehr Reichweite und Komfort<br \/>\nEinstellbarer Winkel: Mit dem Gelenkarm k\u00f6nnen Sie die ideale Position f\u00fcr mehr Reichweite und weniger Erm\u00fcdung w\u00e4hlen und m\u00fchelos jeden Teil Ihres K\u00f6rpers anvisieren<br \/>\nBeheizte Therapie: Der innovative beheizte Massagekopf f\u00f6rdert die Tiefenentspannung von Gewebe und Muskeln sowie die Durchblutung. Sie k\u00f6nnen die Temperatur zwischen 112\u00baF und 140\u00baF einstellen.<br \/>\nProfessionelle Qualit\u00e4t: 6 austauschbare Aufsatzk\u00f6pfe, extra lange Akkulaufzeit, Multi-Speed, ideal f\u00fcr den pers\u00f6nlichen Gebrauch als auch f\u00fcr professionelle Physiotherapeuten, Chiropraktiker, Personal Trainer, Sportler. Inklusive USB-C-Ladekabel<br \/>\nMehrere Drehzahlen: 1980 U\/min, 2580 U\/min, 3080 U\/min<br \/>\nLeistungsstarke hohe Intensit\u00e4t f\u00fcr die Tiefengewebsmassage;<\/p>","protected":false},"featured_media":4768,"template":"","meta":[],"product_cat":[127],"product_tag":[],"product_brand":[],"class_list":["post-4767","product","type-product","status-publish","has-post-thumbnail","hentry","product_cat-electric-massager"],"yoast_head":"<!-- This site is optimized with the Yoast SEO plugin v26.3 - https:\/\/yoast.com\/wordpress\/plugins\/seo\/ -->\n<title>Portable Massage Hammer - Sumex Technology co.,ltd<\/title>\n<meta name=\"robots\" content=\"index, follow, max-snippet:-1, max-image-preview:large, max-video-preview:-1\" \/>\n<link rel=\"canonical\" href=\"https:\/\/www.sumextech.com\/de\/produkt\/portable-massage-hammer\/\" \/>\n<meta property=\"og:locale\" content=\"de_DE\" \/>\n<meta property=\"og:type\" content=\"article\" \/>\n<meta property=\"og:title\" content=\"Portable Massage Hammer - Sumex Technology co.,ltd\" \/>\n<meta property=\"og:description\" content=\"Exclusive Handle Extension: Extra-long 6\u201d extension handle with textured grip for extended reach and comfort Adjustable Angle: Articulating arm lets you choose the idea position for increased reach, reduced fatigue, and to effortlessly target any part of your body Heated Therapy: Includes an innovative heated massage head to help deep tissue and muscle relaxation and blood flow. Customize the temperature between 112\u00baF to 140\u00baF. Professional Grade: 6 interchangeable attachment heads, extra-long battery life, multi-speed, Great for personal use as well as professional physical therapists, chiropractors, personal trainers, athletes. USB-C charging cable included Multi-Speed: 1980 RPM, 2580 RPM, 3080 RPM Powerful High Intensity for deep tissue massage;\" \/>\n<meta property=\"og:url\" content=\"https:\/\/www.sumextech.com\/de\/produkt\/portable-massage-hammer\/\" \/>\n<meta property=\"og:site_name\" content=\"Sumex Technology co.,ltd\" \/>\n<meta property=\"article:publisher\" content=\"https:\/\/www.facebook.com\/profile.php?id=61581317690491\" \/>\n<meta property=\"article:modified_time\" content=\"2025-10-27T07:50:58+00:00\" \/>\n<meta property=\"og:image\" content=\"https:\/\/www.sumextech.com\/wp-content\/uploads\/2025\/08\/1-1-2.webp\" \/>\n\t<meta property=\"og:image:width\" content=\"800\" \/>\n\t<meta property=\"og:image:height\" content=\"800\" \/>\n\t<meta property=\"og:image:type\" content=\"image\/webp\" \/>\n<meta name=\"twitter:card\" content=\"summary_large_image\" \/>\n<script type=\"application\/ld+json\" class=\"yoast-schema-graph\">{\"@context\":\"https:\/\/schema.org\",\"@graph\":[{\"@type\":\"WebPage\",\"@id\":\"https:\/\/www.sumextech.com\/product\/portable-massage-hammer\/\",\"url\":\"https:\/\/www.sumextech.com\/product\/portable-massage-hammer\/\",\"name\":\"Portable Massage Hammer - Sumex Technology co.,ltd\",\"isPartOf\":{\"@id\":\"https:\/\/www.sumextech.com\/#website\"},\"primaryImageOfPage\":{\"@id\":\"https:\/\/www.sumextech.com\/product\/portable-massage-hammer\/#primaryimage\"},\"image\":{\"@id\":\"https:\/\/www.sumextech.com\/product\/portable-massage-hammer\/#primaryimage\"},\"thumbnailUrl\":\"https:\/\/www.sumextech.com\/wp-content\/uploads\/2025\/08\/1-1-2.webp\",\"datePublished\":\"2025-08-01T07:10:11+00:00\",\"dateModified\":\"2025-10-27T07:50:58+00:00\",\"breadcrumb\":{\"@id\":\"https:\/\/www.sumextech.com\/product\/portable-massage-hammer\/#breadcrumb\"},\"inLanguage\":\"de\",\"potentialAction\":[{\"@type\":\"ReadAction\",\"target\":[\"https:\/\/www.sumextech.com\/product\/portable-massage-hammer\/\"]}]},{\"@type\":\"ImageObject\",\"inLanguage\":\"de\",\"@id\":\"https:\/\/www.sumextech.com\/product\/portable-massage-hammer\/#primaryimage\",\"url\":\"https:\/\/www.sumextech.com\/wp-content\/uploads\/2025\/08\/1-1-2.webp\",\"contentUrl\":\"https:\/\/www.sumextech.com\/wp-content\/uploads\/2025\/08\/1-1-2.webp\",\"width\":800,\"height\":800},{\"@type\":\"BreadcrumbList\",\"@id\":\"https:\/\/www.sumextech.com\/product\/portable-massage-hammer\/#breadcrumb\",\"itemListElement\":[{\"@type\":\"ListItem\",\"position\":1,\"name\":\"\u9996\u9875\",\"item\":\"https:\/\/www.sumextech.com\/\"},{\"@type\":\"ListItem\",\"position\":2,\"name\":\"Products\",\"item\":\"https:\/\/www.sumextech.com\/products\/\"},{\"@type\":\"ListItem\",\"position\":3,\"name\":\"Portable Massage Hammer\"}]},{\"@type\":\"WebSite\",\"@id\":\"https:\/\/www.sumextech.com\/#website\",\"url\":\"https:\/\/www.sumextech.com\/\",\"name\":\"Sumex Technology co.,ltd\",\"description\":\"Buy Wellness Body Massager, Beauty and Skin Care Products from China\",\"publisher\":{\"@id\":\"https:\/\/www.sumextech.com\/#organization\"},\"alternateName\":\"SumexTech Wellness Products\",\"potentialAction\":[{\"@type\":\"SearchAction\",\"target\":{\"@type\":\"EntryPoint\",\"urlTemplate\":\"https:\/\/www.sumextech.com\/?s={search_term_string}\"},\"query-input\":{\"@type\":\"PropertyValueSpecification\",\"valueRequired\":true,\"valueName\":\"search_term_string\"}}],\"inLanguage\":\"de\"},{\"@type\":\"Organization\",\"@id\":\"https:\/\/www.sumextech.com\/#organization\",\"name\":\"Sumex Technology co.,ltd\",\"alternateName\":\"SumexTech Wellness Products\",\"url\":\"https:\/\/www.sumextech.com\/\",\"logo\":{\"@type\":\"ImageObject\",\"inLanguage\":\"de\",\"@id\":\"https:\/\/www.sumextech.com\/#\/schema\/logo\/image\/\",\"url\":\"https:\/\/www.sumextech.com\/wp-content\/uploads\/2020\/06\/20250801141548_29.webp\",\"contentUrl\":\"https:\/\/www.sumextech.com\/wp-content\/uploads\/2020\/06\/20250801141548_29.webp\",\"width\":692,\"height\":218,\"caption\":\"Sumex Technology co.,ltd\"},\"image\":{\"@id\":\"https:\/\/www.sumextech.com\/#\/schema\/logo\/image\/\"},\"sameAs\":[\"https:\/\/www.facebook.com\/profile.php?id=61581317690491\",\"https:\/\/www.instagram.com\/sophiey668\/\"]}]}<\/script>\n<!-- \/ Yoast SEO plugin. -->","yoast_head_json":{"title":"Portable Massage Hammer - Sumex Technology co.,ltd","robots":{"index":"index","follow":"follow","max-snippet":"max-snippet:-1","max-image-preview":"max-image-preview:large","max-video-preview":"max-video-preview:-1"},"canonical":"https:\/\/www.sumextech.com\/de\/produkt\/portable-massage-hammer\/","og_locale":"de_DE","og_type":"article","og_title":"Portable Massage Hammer - Sumex Technology co.,ltd","og_description":"Exclusive Handle Extension: Extra-long 6\u201d extension handle with textured grip for extended reach and comfort Adjustable Angle: Articulating arm lets you choose the idea position for increased reach, reduced fatigue, and to effortlessly target any part of your body Heated Therapy: Includes an innovative heated massage head to help deep tissue and muscle relaxation and blood flow. Customize the temperature between 112\u00baF to 140\u00baF. Professional Grade: 6 interchangeable attachment heads, extra-long battery life, multi-speed, Great for personal use as well as professional physical therapists, chiropractors, personal trainers, athletes. USB-C charging cable included Multi-Speed: 1980 RPM, 2580 RPM, 3080 RPM Powerful High Intensity for deep tissue massage;","og_url":"https:\/\/www.sumextech.com\/de\/produkt\/portable-massage-hammer\/","og_site_name":"Sumex Technology co.,ltd","article_publisher":"https:\/\/www.facebook.com\/profile.php?id=61581317690491","article_modified_time":"2025-10-27T07:50:58+00:00","og_image":[{"width":800,"height":800,"url":"https:\/\/www.sumextech.com\/wp-content\/uploads\/2025\/08\/1-1-2.webp","type":"image\/webp"}],"twitter_card":"summary_large_image","schema":{"@context":"https:\/\/schema.org","@graph":[{"@type":"WebPage","@id":"https:\/\/www.sumextech.com\/product\/portable-massage-hammer\/","url":"https:\/\/www.sumextech.com\/product\/portable-massage-hammer\/","name":"Portable Massage Hammer - Sumex Technology co.,ltd","isPartOf":{"@id":"https:\/\/www.sumextech.com\/#website"},"primaryImageOfPage":{"@id":"https:\/\/www.sumextech.com\/product\/portable-massage-hammer\/#primaryimage"},"image":{"@id":"https:\/\/www.sumextech.com\/product\/portable-massage-hammer\/#primaryimage"},"thumbnailUrl":"https:\/\/www.sumextech.com\/wp-content\/uploads\/2025\/08\/1-1-2.webp","datePublished":"2025-08-01T07:10:11+00:00","dateModified":"2025-10-27T07:50:58+00:00","breadcrumb":{"@id":"https:\/\/www.sumextech.com\/product\/portable-massage-hammer\/#breadcrumb"},"inLanguage":"de","potentialAction":[{"@type":"ReadAction","target":["https:\/\/www.sumextech.com\/product\/portable-massage-hammer\/"]}]},{"@type":"ImageObject","inLanguage":"de","@id":"https:\/\/www.sumextech.com\/product\/portable-massage-hammer\/#primaryimage","url":"https:\/\/www.sumextech.com\/wp-content\/uploads\/2025\/08\/1-1-2.webp","contentUrl":"https:\/\/www.sumextech.com\/wp-content\/uploads\/2025\/08\/1-1-2.webp","width":800,"height":800},{"@type":"BreadcrumbList","@id":"https:\/\/www.sumextech.com\/product\/portable-massage-hammer\/#breadcrumb","itemListElement":[{"@type":"ListItem","position":1,"name":"\u9996\u9875","item":"https:\/\/www.sumextech.com\/"},{"@type":"ListItem","position":2,"name":"Products","item":"https:\/\/www.sumextech.com\/products\/"},{"@type":"ListItem","position":3,"name":"Portable Massage Hammer"}]},{"@type":"WebSite","@id":"https:\/\/www.sumextech.com\/#website","url":"https:\/\/www.sumextech.com\/","name":"Sumex Technology Co.","description":"Kaufen Sie Wellness Body Massager, Sch\u00f6nheit und Hautpflegeprodukte aus China","publisher":{"@id":"https:\/\/www.sumextech.com\/#organization"},"alternateName":"SumexTech Wellness Products","potentialAction":[{"@type":"SearchAction","target":{"@type":"EntryPoint","urlTemplate":"https:\/\/www.sumextech.com\/?s={search_term_string}"},"query-input":{"@type":"PropertyValueSpecification","valueRequired":true,"valueName":"search_term_string"}}],"inLanguage":"de"},{"@type":"Organization","@id":"https:\/\/www.sumextech.com\/#organization","name":"Sumex Technology Co.","alternateName":"SumexTech Wellness Products","url":"https:\/\/www.sumextech.com\/","logo":{"@type":"ImageObject","inLanguage":"de","@id":"https:\/\/www.sumextech.com\/#\/schema\/logo\/image\/","url":"https:\/\/www.sumextech.com\/wp-content\/uploads\/2020\/06\/20250801141548_29.webp","contentUrl":"https:\/\/www.sumextech.com\/wp-content\/uploads\/2020\/06\/20250801141548_29.webp","width":692,"height":218,"caption":"Sumex Technology co.,ltd"},"image":{"@id":"https:\/\/www.sumextech.com\/#\/schema\/logo\/image\/"},"sameAs":["https:\/\/www.facebook.com\/profile.php?id=61581317690491","https:\/\/www.instagram.com\/sophiey668\/"]}]}},"_links":{"self":[{"href":"https:\/\/www.sumextech.com\/de\/wp-json\/wp\/v2\/product\/4767","targetHints":{"allow":["GET"]}}],"collection":[{"href":"https:\/\/www.sumextech.com\/de\/wp-json\/wp\/v2\/product"}],"about":[{"href":"https:\/\/www.sumextech.com\/de\/wp-json\/wp\/v2\/types\/product"}],"wp:featuredmedia":[{"embeddable":true,"href":"https:\/\/www.sumextech.com\/de\/wp-json\/wp\/v2\/media\/4768"}],"wp:attachment":[{"href":"https:\/\/www.sumextech.com\/de\/wp-json\/wp\/v2\/media?parent=4767"}],"wp:term":[{"taxonomy":"product_cat","embeddable":true,"href":"https:\/\/www.sumextech.com\/de\/wp-json\/wp\/v2\/product_cat?post=4767"},{"taxonomy":"product_tag","embeddable":true,"href":"https:\/\/www.sumextech.com\/de\/wp-json\/wp\/v2\/product_tag?post=4767"},{"taxonomy":"product_brand","embeddable":true,"href":"https:\/\/www.sumextech.com\/de\/wp-json\/wp\/v2\/product_brand?post=4767"}],"curies":[{"name":"wp","href":"https:\/\/api.w.org\/{rel}","templated":true}]}}